{"id":19952,"date":"2025-01-27T12:07:50","date_gmt":"2025-01-27T12:07:50","guid":{"rendered":"https:\/\/staging2.stylingagenten.com\/sv\/produkt\/maria-nila-colour-refresh-0-66-bright-red-100ml\/"},"modified":"2026-03-11T21:50:42","modified_gmt":"2026-03-11T21:50:42","slug":"maria-nila-colour-refresh-0-66-bright-red-100ml","status":"publish","type":"product","link":"https:\/\/stylingagenten.com\/sv\/produkt\/maria-nila-colour-refresh-0-66-bright-red-100ml\/","title":{"rendered":"Maria Nila Colour Refresh 0.66 Bright Red 100ml"},"content":{"rendered":"<p>En v\u00e5rdande inpackning med tillf\u00e4lliga f\u00e4rgpigment som snabbt fr\u00e4schar upp h\u00e5rf\u00e4rgen och ger r\u00f6da toner. En riktig f\u00e4rgbomb med arganolja som \u00e4r mjukg\u00f6rande och minskar frissighet f\u00f6r ett silkeslent resultat. Alla f\u00e4rger g\u00e5r att blanda med White Mix f\u00f6r att skapa pastellf\u00e4rger, eller mixa olika f\u00e4rger f\u00f6r att skapa en unik nyans. Perfekt att anv\u00e4nda mellan salongsbes\u00f6k eller inf\u00f6r en speciell tillst\u00e4llning.<\/p>\n<p>Egenskaper och f\u00f6rv\u00e4ntat resultat<br \/>&#8211; L\u00e4mplig f\u00f6r mellanbrunt till m\u00f6rkt h\u00e5r (niv\u00e5 2-7)<br \/>&#8211; F\u00f6r ljusare h\u00e5r, sp\u00e4d ut med White Mix, annars kan effekten bli f\u00f6r intensiv<br \/>&#8211; Anv\u00e4nd ej f\u00f6re n\u00e5gon form av blekningsbehandling eftersom detta kan orsaka missf\u00e4rgningar<br \/>&#8211; T\u00e4cker ej gr\u00e5tt h\u00e5r<\/p>\n","protected":false},"excerpt":{"rendered":"<p>En v\u00e5rdande inpackning med tillf\u00e4lliga f\u00e4rgpigment som snabbt fr\u00e4schar upp h\u00e5rf\u00e4rgen och ger r\u00f6da toner. En riktig f\u00e4rgbomb med arganolja som \u00e4r mjukg\u00f6rande och minskar frissighet f\u00f6r ett silkeslent resultat. Alla f\u00e4rger g\u00e5r att blanda med White Mix f\u00f6r att skapa pastellf\u00e4rger, eller mixa olika f\u00e4rger f\u00f6r att skapa en unik nyans. Perfekt att anv\u00e4nda [&hellip;]<\/p>\n","protected":false},"featured_media":19937,"comment_status":"open","ping_status":"closed","template":"","meta":{"_trash_the_other_posts":false},"product_brand":[],"product_cat":[602],"product_tag":[3504],"berocket_brand":[1388],"class_list":{"0":"post-19952","1":"product","2":"type-product","3":"status-publish","4":"has-post-thumbnail","6":"product_cat-fargbomb","7":"product_tag-maria-nila-colour-refresh-0-66-bright-red","8":"pa_brand-maria-nila","9":"pa_variant-100ml","10":"berocket_brand-maria-nila","12":"first","13":"instock","14":"taxable","15":"shipping-taxable","16":"purchasable","17":"product-type-simple"},"_links":{"self":[{"href":"https:\/\/stylingagenten.com\/sv\/wp-json\/wp\/v2\/product\/19952","targetHints":{"allow":["GET"]}}],"collection":[{"href":"https:\/\/stylingagenten.com\/sv\/wp-json\/wp\/v2\/product"}],"about":[{"href":"https:\/\/stylingagenten.com\/sv\/wp-json\/wp\/v2\/types\/product"}],"replies":[{"embeddable":true,"href":"https:\/\/stylingagenten.com\/sv\/wp-json\/wp\/v2\/comments?post=19952"}],"version-history":[{"count":0,"href":"https:\/\/stylingagenten.com\/sv\/wp-json\/wp\/v2\/product\/19952\/revisions"}],"wp:featuredmedia":[{"embeddable":true,"href":"https:\/\/stylingagenten.com\/sv\/wp-json\/wp\/v2\/media\/19937"}],"wp:attachment":[{"href":"https:\/\/stylingagenten.com\/sv\/wp-json\/wp\/v2\/media?parent=19952"}],"wp:term":[{"taxonomy":"product_brand","embeddable":true,"href":"https:\/\/stylingagenten.com\/sv\/wp-json\/wp\/v2\/product_brand?post=19952"},{"taxonomy":"product_cat","embeddable":true,"href":"https:\/\/stylingagenten.com\/sv\/wp-json\/wp\/v2\/product_cat?post=19952"},{"taxonomy":"product_tag","embeddable":true,"href":"https:\/\/stylingagenten.com\/sv\/wp-json\/wp\/v2\/product_tag?post=19952"},{"taxonomy":"berocket_brand","embeddable":true,"href":"https:\/\/stylingagenten.com\/sv\/wp-json\/wp\/v2\/berocket_brand?post=19952"}],"curies":[{"name":"wp","href":"https:\/\/api.w.org\/{rel}","templated":true}]}}