{"id":19885,"date":"2025-01-27T12:07:40","date_gmt":"2025-01-27T12:07:40","guid":{"rendered":"https:\/\/staging2.stylingagenten.com\/sv\/produkt\/maria-nila-invisidry-shampoo-100ml\/"},"modified":"2026-03-11T21:49:54","modified_gmt":"2026-03-11T21:49:54","slug":"maria-nila-invisidry-shampoo-100ml","status":"publish","type":"product","link":"https:\/\/stylingagenten.com\/sv\/produkt\/maria-nila-invisidry-shampoo-100ml\/","title":{"rendered":"Maria Nila Invisidry Shampoo 100ml"},"content":{"rendered":"<p>Ett l\u00e4tt torrschampo i sprayform som snabbt fr\u00e4schar upp h\u00e5r och h\u00e5rbotten fr\u00e5n fett och smuts mellan tv\u00e4ttar. Invisidry Shampoo l\u00e4mnar ingen synlig produkt i h\u00e5ret tack vare sin innovativa formula och passar d\u00e4rf\u00f6r perfekt till b\u00e5de blont och m\u00f6rkt h\u00e5r. Produkten har en fruktig doft av passionsfrukt och \u00e4pple.<br \/>Stadga 1\/5<br \/>Fr\u00e4schar upp h\u00e5ret mellan tv\u00e4ttar<br \/>Passar b\u00e5de ljusa och m\u00f6rka h\u00e5r<br \/>100% veganskt &amp; animal friendly<\/p>\n","protected":false},"excerpt":{"rendered":"<p>Ett l\u00e4tt torrschampo i sprayform som snabbt fr\u00e4schar upp h\u00e5r och h\u00e5rbotten fr\u00e5n fett och smuts mellan tv\u00e4ttar. Invisidry Shampoo l\u00e4mnar ingen synlig produkt i h\u00e5ret tack vare sin innovativa formula och passar d\u00e4rf\u00f6r perfekt till b\u00e5de blont och m\u00f6rkt h\u00e5r. Produkten har en fruktig doft av passionsfrukt och \u00e4pple.Stadga 1\/5Fr\u00e4schar upp h\u00e5ret mellan tv\u00e4ttarPassar [&hellip;]<\/p>\n","protected":false},"featured_media":19883,"comment_status":"open","ping_status":"closed","template":"","meta":{"_trash_the_other_posts":false},"product_brand":[],"product_cat":[575],"product_tag":[3520],"berocket_brand":[1388],"class_list":{"0":"post-19885","1":"product","2":"type-product","3":"status-publish","4":"has-post-thumbnail","6":"product_cat-torrschampo","7":"product_tag-maria-nila-invisidry-shampoo","8":"pa_brand-maria-nila","9":"pa_variant-100ml","10":"berocket_brand-maria-nila","12":"first","13":"instock","14":"taxable","15":"shipping-taxable","16":"purchasable","17":"product-type-simple"},"_links":{"self":[{"href":"https:\/\/stylingagenten.com\/sv\/wp-json\/wp\/v2\/product\/19885","targetHints":{"allow":["GET"]}}],"collection":[{"href":"https:\/\/stylingagenten.com\/sv\/wp-json\/wp\/v2\/product"}],"about":[{"href":"https:\/\/stylingagenten.com\/sv\/wp-json\/wp\/v2\/types\/product"}],"replies":[{"embeddable":true,"href":"https:\/\/stylingagenten.com\/sv\/wp-json\/wp\/v2\/comments?post=19885"}],"version-history":[{"count":0,"href":"https:\/\/stylingagenten.com\/sv\/wp-json\/wp\/v2\/product\/19885\/revisions"}],"wp:featuredmedia":[{"embeddable":true,"href":"https:\/\/stylingagenten.com\/sv\/wp-json\/wp\/v2\/media\/19883"}],"wp:attachment":[{"href":"https:\/\/stylingagenten.com\/sv\/wp-json\/wp\/v2\/media?parent=19885"}],"wp:term":[{"taxonomy":"product_brand","embeddable":true,"href":"https:\/\/stylingagenten.com\/sv\/wp-json\/wp\/v2\/product_brand?post=19885"},{"taxonomy":"product_cat","embeddable":true,"href":"https:\/\/stylingagenten.com\/sv\/wp-json\/wp\/v2\/product_cat?post=19885"},{"taxonomy":"product_tag","embeddable":true,"href":"https:\/\/stylingagenten.com\/sv\/wp-json\/wp\/v2\/product_tag?post=19885"},{"taxonomy":"berocket_brand","embeddable":true,"href":"https:\/\/stylingagenten.com\/sv\/wp-json\/wp\/v2\/berocket_brand?post=19885"}],"curies":[{"name":"wp","href":"https:\/\/api.w.org\/{rel}","templated":true}]}}