{"id":19834,"date":"2025-01-27T12:07:31","date_gmt":"2025-01-27T12:07:31","guid":{"rendered":"https:\/\/staging2.stylingagenten.com\/sv\/produkt\/paul-mitchell-cleanse-protect-duo\/"},"modified":"2026-04-08T15:25:44","modified_gmt":"2026-04-08T15:25:44","slug":"paul-mitchell-cleanse-protect-duo","status":"publish","type":"product","link":"https:\/\/stylingagenten.com\/sv\/produkt\/paul-mitchell-cleanse-protect-duo\/","title":{"rendered":"Paul Mitchell Cleanse &amp; Protect Duo"},"content":{"rendered":"<p>F\u00d6R F\u00c4RGBEHANDLAT H\u00c5R<br \/>Det h\u00e4r \u00e4r en big deal! Fyll p\u00e5 och spara p\u00e5 Paul Mitchell-produkter som reng\u00f6r och skyddar f\u00e4rgbehandlat h\u00e5r.<br \/>Limited edition set inneh\u00e5ller:<br \/>Shampoo One 1000 ml: Original dagligt schampo reng\u00f6r skonsamt alla h\u00e5rtyper och l\u00e4mnar h\u00e5ret friskt med en fr\u00e4sch tropisk doft.<br \/>Color Protect Treatment 150 ml: Intensiv h\u00e5rmask f\u00f6r f\u00e4rgbehandlat h\u00e5r hj\u00e4lper till att skydda mot solskador och f\u00f6rhindrar att h\u00e5rf\u00e4rgen bleknar med en uppfriskande energisk doft.<\/p>\n","protected":false},"excerpt":{"rendered":"<p>F\u00d6R F\u00c4RGBEHANDLAT H\u00c5RDet h\u00e4r \u00e4r en big deal! Fyll p\u00e5 och spara p\u00e5 Paul Mitchell-produkter som reng\u00f6r och skyddar f\u00e4rgbehandlat h\u00e5r.Limited edition set inneh\u00e5ller:Shampoo One 1000 ml: Original dagligt schampo reng\u00f6r skonsamt alla h\u00e5rtyper och l\u00e4mnar h\u00e5ret friskt med en fr\u00e4sch tropisk doft.Color Protect Treatment 150 ml: Intensiv h\u00e5rmask f\u00f6r f\u00e4rgbehandlat h\u00e5r hj\u00e4lper till att [&hellip;]<\/p>\n","protected":false},"featured_media":19833,"comment_status":"open","ping_status":"closed","template":"","meta":{"_trash_the_other_posts":false},"product_brand":[],"product_cat":[667,563],"product_tag":[],"berocket_brand":[1053],"class_list":{"0":"post-19834","1":"product","2":"type-product","3":"status-publish","4":"has-post-thumbnail","6":"product_cat-giftset-harvard","7":"product_cat-schampo","8":"pa_brand-paul-mitchell","9":"berocket_brand-paul-mitchell","11":"first","12":"instock","13":"sale","14":"taxable","15":"shipping-taxable","16":"purchasable","17":"product-type-simple"},"_links":{"self":[{"href":"https:\/\/stylingagenten.com\/sv\/wp-json\/wp\/v2\/product\/19834","targetHints":{"allow":["GET"]}}],"collection":[{"href":"https:\/\/stylingagenten.com\/sv\/wp-json\/wp\/v2\/product"}],"about":[{"href":"https:\/\/stylingagenten.com\/sv\/wp-json\/wp\/v2\/types\/product"}],"replies":[{"embeddable":true,"href":"https:\/\/stylingagenten.com\/sv\/wp-json\/wp\/v2\/comments?post=19834"}],"version-history":[{"count":0,"href":"https:\/\/stylingagenten.com\/sv\/wp-json\/wp\/v2\/product\/19834\/revisions"}],"wp:featuredmedia":[{"embeddable":true,"href":"https:\/\/stylingagenten.com\/sv\/wp-json\/wp\/v2\/media\/19833"}],"wp:attachment":[{"href":"https:\/\/stylingagenten.com\/sv\/wp-json\/wp\/v2\/media?parent=19834"}],"wp:term":[{"taxonomy":"product_brand","embeddable":true,"href":"https:\/\/stylingagenten.com\/sv\/wp-json\/wp\/v2\/product_brand?post=19834"},{"taxonomy":"product_cat","embeddable":true,"href":"https:\/\/stylingagenten.com\/sv\/wp-json\/wp\/v2\/product_cat?post=19834"},{"taxonomy":"product_tag","embeddable":true,"href":"https:\/\/stylingagenten.com\/sv\/wp-json\/wp\/v2\/product_tag?post=19834"},{"taxonomy":"berocket_brand","embeddable":true,"href":"https:\/\/stylingagenten.com\/sv\/wp-json\/wp\/v2\/berocket_brand?post=19834"}],"curies":[{"name":"wp","href":"https:\/\/api.w.org\/{rel}","templated":true}]}}