{"id":19757,"date":"2025-01-27T12:07:17","date_gmt":"2025-01-27T12:07:17","guid":{"rendered":"https:\/\/staging2.stylingagenten.com\/sv\/produkt\/britney-spears-fantasy-fragrance-mist-235ml\/"},"modified":"2026-03-30T11:48:29","modified_gmt":"2026-03-30T11:48:29","slug":"britney-spears-fantasy-fragrance-mist-235ml","status":"publish","type":"product","link":"https:\/\/stylingagenten.com\/sv\/produkt\/britney-spears-fantasy-fragrance-mist-235ml\/","title":{"rendered":"Britney Spears Fantasy Fragrance Mist 235ml"},"content":{"rendered":"<p>Britney Spears Fantasy Fragrance Mist 235ml \u00e4r en kroppsmist som ger en mildare doft, men med samma komposition som parfymen.<br \/>Britney Spears Fantasy \u00e4r en fruktig, s\u00f6t och blommig doft som \u00e4r idealisk f\u00f6r romantiska tillf\u00e4llen.<\/p>\n<p>Doftnoter: kiwi, r\u00f6d lychee, kvitten, vit choklad, orkid\u00e9, kak-ackord, jasmin, irisrot, mysk och exotiskt tr\u00e4.<\/p>\n","protected":false},"excerpt":{"rendered":"<p>Britney Spears Fantasy Fragrance Mist 235ml \u00e4r en kroppsmist som ger en mildare doft, men med samma komposition som parfymen.Britney Spears Fantasy \u00e4r en fruktig, s\u00f6t och blommig doft som \u00e4r idealisk f\u00f6r romantiska tillf\u00e4llen. Doftnoter: kiwi, r\u00f6d lychee, kvitten, vit choklad, orkid\u00e9, kak-ackord, jasmin, irisrot, mysk och exotiskt tr\u00e4.<\/p>\n","protected":false},"featured_media":19752,"comment_status":"open","ping_status":"closed","template":"","meta":{"_trash_the_other_posts":false},"product_brand":[],"product_cat":[585,771],"product_tag":[],"berocket_brand":[1031],"class_list":{"0":"post-19757","1":"product","2":"type-product","3":"status-publish","4":"has-post-thumbnail","6":"product_cat-bodymist-dam","7":"product_cat-britney-spears-fantasy","8":"pa_brand-britney-spears","9":"berocket_brand-britney-spears","11":"first","12":"outofstock","13":"sale","14":"taxable","15":"shipping-taxable","16":"purchasable","17":"product-type-simple"},"_links":{"self":[{"href":"https:\/\/stylingagenten.com\/sv\/wp-json\/wp\/v2\/product\/19757","targetHints":{"allow":["GET"]}}],"collection":[{"href":"https:\/\/stylingagenten.com\/sv\/wp-json\/wp\/v2\/product"}],"about":[{"href":"https:\/\/stylingagenten.com\/sv\/wp-json\/wp\/v2\/types\/product"}],"replies":[{"embeddable":true,"href":"https:\/\/stylingagenten.com\/sv\/wp-json\/wp\/v2\/comments?post=19757"}],"version-history":[{"count":0,"href":"https:\/\/stylingagenten.com\/sv\/wp-json\/wp\/v2\/product\/19757\/revisions"}],"wp:featuredmedia":[{"embeddable":true,"href":"https:\/\/stylingagenten.com\/sv\/wp-json\/wp\/v2\/media\/19752"}],"wp:attachment":[{"href":"https:\/\/stylingagenten.com\/sv\/wp-json\/wp\/v2\/media?parent=19757"}],"wp:term":[{"taxonomy":"product_brand","embeddable":true,"href":"https:\/\/stylingagenten.com\/sv\/wp-json\/wp\/v2\/product_brand?post=19757"},{"taxonomy":"product_cat","embeddable":true,"href":"https:\/\/stylingagenten.com\/sv\/wp-json\/wp\/v2\/product_cat?post=19757"},{"taxonomy":"product_tag","embeddable":true,"href":"https:\/\/stylingagenten.com\/sv\/wp-json\/wp\/v2\/product_tag?post=19757"},{"taxonomy":"berocket_brand","embeddable":true,"href":"https:\/\/stylingagenten.com\/sv\/wp-json\/wp\/v2\/berocket_brand?post=19757"}],"curies":[{"name":"wp","href":"https:\/\/api.w.org\/{rel}","templated":true}]}}