{"id":19748,"date":"2025-01-27T12:07:14","date_gmt":"2025-01-27T12:07:14","guid":{"rendered":"https:\/\/staging2.stylingagenten.com\/sv\/produkt\/ralph-lauren-romance-edp-100ml\/"},"modified":"2026-02-04T23:25:23","modified_gmt":"2026-02-04T23:25:23","slug":"ralph-lauren-romance-edp-100ml","status":"publish","type":"product","link":"https:\/\/stylingagenten.com\/sv\/produkt\/ralph-lauren-romance-edp-100ml\/","title":{"rendered":"Ralph Lauren Romance Edp 100ml"},"content":{"rendered":"<p>Ralph Lauren Romance EdP &#8211; en sensuell, mjuk doft med inslag av blommor, f\u00f6rf\u00f6risk mysk och exotiska tr\u00e4slag. Med toppnoter av gul freesia, ringblomma, litchi, ingef\u00e4ra, kamomill-olja och sun goddess rose, hj\u00e4rtnoter av vit viol, lotusblomma och nattlilja, och en bas av ekmossa, mysk, patchouli-olja och exotiska tr\u00e4slag.<\/p>\n","protected":false},"excerpt":{"rendered":"<p>Ralph Lauren Romance EdP &#8211; en sensuell, mjuk doft med inslag av blommor, f\u00f6rf\u00f6risk mysk och exotiska tr\u00e4slag. Med toppnoter av gul freesia, ringblomma, litchi, ingef\u00e4ra, kamomill-olja och sun goddess rose, hj\u00e4rtnoter av vit viol, lotusblomma och nattlilja, och en bas av ekmossa, mysk, patchouli-olja och exotiska tr\u00e4slag.<\/p>\n","protected":false},"featured_media":19743,"comment_status":"open","ping_status":"closed","template":"","meta":{"_trash_the_other_posts":false},"product_brand":[],"product_cat":[706,1006],"product_tag":[3995],"berocket_brand":[1015],"class_list":{"0":"post-19748","1":"product","2":"type-product","3":"status-publish","4":"has-post-thumbnail","6":"product_cat-eau-de-parfum-dam","7":"product_cat-kampanjpris","8":"product_tag-ralph-lauren-romance-edp","9":"pa_brand-ralph-lauren","10":"pa_variant-100ml","11":"berocket_brand-ralph-lauren","13":"first","14":"outofstock","15":"sale","16":"taxable","17":"shipping-taxable","18":"purchasable","19":"product-type-simple"},"_links":{"self":[{"href":"https:\/\/stylingagenten.com\/sv\/wp-json\/wp\/v2\/product\/19748","targetHints":{"allow":["GET"]}}],"collection":[{"href":"https:\/\/stylingagenten.com\/sv\/wp-json\/wp\/v2\/product"}],"about":[{"href":"https:\/\/stylingagenten.com\/sv\/wp-json\/wp\/v2\/types\/product"}],"replies":[{"embeddable":true,"href":"https:\/\/stylingagenten.com\/sv\/wp-json\/wp\/v2\/comments?post=19748"}],"version-history":[{"count":0,"href":"https:\/\/stylingagenten.com\/sv\/wp-json\/wp\/v2\/product\/19748\/revisions"}],"wp:featuredmedia":[{"embeddable":true,"href":"https:\/\/stylingagenten.com\/sv\/wp-json\/wp\/v2\/media\/19743"}],"wp:attachment":[{"href":"https:\/\/stylingagenten.com\/sv\/wp-json\/wp\/v2\/media?parent=19748"}],"wp:term":[{"taxonomy":"product_brand","embeddable":true,"href":"https:\/\/stylingagenten.com\/sv\/wp-json\/wp\/v2\/product_brand?post=19748"},{"taxonomy":"product_cat","embeddable":true,"href":"https:\/\/stylingagenten.com\/sv\/wp-json\/wp\/v2\/product_cat?post=19748"},{"taxonomy":"product_tag","embeddable":true,"href":"https:\/\/stylingagenten.com\/sv\/wp-json\/wp\/v2\/product_tag?post=19748"},{"taxonomy":"berocket_brand","embeddable":true,"href":"https:\/\/stylingagenten.com\/sv\/wp-json\/wp\/v2\/berocket_brand?post=19748"}],"curies":[{"name":"wp","href":"https:\/\/api.w.org\/{rel}","templated":true}]}}