{"id":19730,"date":"2025-01-27T12:07:10","date_gmt":"2025-01-27T12:07:10","guid":{"rendered":"https:\/\/staging2.stylingagenten.com\/sv\/produkt\/boucheron-jaipur-homme-edp-100ml\/"},"modified":"2026-04-07T08:48:35","modified_gmt":"2026-04-07T08:48:35","slug":"boucheron-jaipur-homme-edp-100ml","status":"publish","type":"product","link":"https:\/\/stylingagenten.com\/sv\/produkt\/boucheron-jaipur-homme-edp-100ml\/","title":{"rendered":"Boucheron Jaipur Homme Edp 100ml"},"content":{"rendered":"<p>Boucheron Jaipur Homme EdP<br \/>En doft f\u00f6r banbrytande m\u00e4n! Ja\u00efpur Homme \u00e4r en sensuell och modern, kryddig och orientalisk doft. Doften \u00f6ppnar med friska noter av citron och bergamott som f\u00f6ljs av ett kryddigt hj\u00e4rta som mjukas upp av en bas fylld av intensivitet och tr\u00e4iga noter. Ja\u00efpur Homme flaskan \u00e4r inspirerad av den astronomiska tr\u00e4dg\u00e5rden i Ja\u00efpur.<\/p>\n<p>Toppnoter: Citron &amp; Bergamott.<br \/>Hj\u00e4rtnoter: Kanel &amp; Muskotn\u00f6t.<br \/>Basnoter: Vanilj &amp; Tr\u00e4.<\/p>\n","protected":false},"excerpt":{"rendered":"<p>Boucheron Jaipur Homme EdPEn doft f\u00f6r banbrytande m\u00e4n! Ja\u00efpur Homme \u00e4r en sensuell och modern, kryddig och orientalisk doft. Doften \u00f6ppnar med friska noter av citron och bergamott som f\u00f6ljs av ett kryddigt hj\u00e4rta som mjukas upp av en bas fylld av intensivitet och tr\u00e4iga noter. Ja\u00efpur Homme flaskan \u00e4r inspirerad av den astronomiska tr\u00e4dg\u00e5rden [&hellip;]<\/p>\n","protected":false},"featured_media":19726,"comment_status":"open","ping_status":"closed","template":"","meta":{"_trash_the_other_posts":false},"product_brand":[],"product_cat":[708,1006],"product_tag":[],"berocket_brand":[1148],"class_list":{"0":"post-19730","1":"product","2":"type-product","3":"status-publish","4":"has-post-thumbnail","6":"product_cat-eau-de-parfum-herr","7":"product_cat-kampanjpris","8":"pa_brand-boucheron","9":"berocket_brand-boucheron","11":"first","12":"instock","13":"sale","14":"taxable","15":"shipping-taxable","16":"purchasable","17":"product-type-simple"},"_links":{"self":[{"href":"https:\/\/stylingagenten.com\/sv\/wp-json\/wp\/v2\/product\/19730","targetHints":{"allow":["GET"]}}],"collection":[{"href":"https:\/\/stylingagenten.com\/sv\/wp-json\/wp\/v2\/product"}],"about":[{"href":"https:\/\/stylingagenten.com\/sv\/wp-json\/wp\/v2\/types\/product"}],"replies":[{"embeddable":true,"href":"https:\/\/stylingagenten.com\/sv\/wp-json\/wp\/v2\/comments?post=19730"}],"version-history":[{"count":0,"href":"https:\/\/stylingagenten.com\/sv\/wp-json\/wp\/v2\/product\/19730\/revisions"}],"wp:featuredmedia":[{"embeddable":true,"href":"https:\/\/stylingagenten.com\/sv\/wp-json\/wp\/v2\/media\/19726"}],"wp:attachment":[{"href":"https:\/\/stylingagenten.com\/sv\/wp-json\/wp\/v2\/media?parent=19730"}],"wp:term":[{"taxonomy":"product_brand","embeddable":true,"href":"https:\/\/stylingagenten.com\/sv\/wp-json\/wp\/v2\/product_brand?post=19730"},{"taxonomy":"product_cat","embeddable":true,"href":"https:\/\/stylingagenten.com\/sv\/wp-json\/wp\/v2\/product_cat?post=19730"},{"taxonomy":"product_tag","embeddable":true,"href":"https:\/\/stylingagenten.com\/sv\/wp-json\/wp\/v2\/product_tag?post=19730"},{"taxonomy":"berocket_brand","embeddable":true,"href":"https:\/\/stylingagenten.com\/sv\/wp-json\/wp\/v2\/berocket_brand?post=19730"}],"curies":[{"name":"wp","href":"https:\/\/api.w.org\/{rel}","templated":true}]}}