{"id":19656,"date":"2025-01-27T12:06:57","date_gmt":"2025-01-27T12:06:57","guid":{"rendered":"https:\/\/staging2.stylingagenten.com\/sv\/produkt\/jean-louis-david-digital-clipper-nordic\/"},"modified":"2025-11-18T15:39:13","modified_gmt":"2025-11-18T15:39:13","slug":"jean-louis-david-digital-clipper-nordic","status":"publish","type":"product","link":"https:\/\/stylingagenten.com\/sv\/produkt\/jean-louis-david-digital-clipper-nordic\/","title":{"rendered":"Jean Louis David Digital Clipper Nordic"},"content":{"rendered":"<p>JLD Digital sk\u00e4gg och h\u00e5rklippare \u2013 En professionell digital h\u00e5rklippare med 37mm avtagbart och tv\u00e4ttbart blad i rostfritt st\u00e5l. Bladet \u00e4r belagt med en keramisk titanbel\u00e4ggning och blir inte blir lika varma som traditionella st\u00e5lblad\/titanblad samt dessutom ger en f\u00f6rb\u00e4ttrad sk\u00e4rprestanda och l\u00e4ngre h\u00e5llbarhet.<\/p>\n<p>V\u00e4lj mellan 4 fasta kammar p\u00e5 3, 6, 9, 12mm. Oavsett val av kam kan du justera vridreglaget i upp till 25 olika l\u00e4ngdinst\u00e4llningar f\u00f6r att skr\u00e4ddarsy just den l\u00e4ngd du \u00f6nskar. Vridreglaget kan justeras i 5 niv\u00e5er mellan 0,8 till 2 mm (0.8, 1.1, 1.4, 1.7 och 2mm). I f\u00f6rpackningen medf\u00f6ljer \u00e4ven 2 vinklade kammar, en f\u00f6r h\u00f6ger och en f\u00f6r v\u00e4nster sida som \u00e4r perfekt f\u00f6r att f\u00e5 en snygg \u00f6verg\u00e5ng fr\u00e5n det korta till det l\u00e4ngre h\u00e5ret samt f\u00f6r att l\u00e4ttare klippa h\u00e5ret runt \u00f6ronen.<\/p>\n<p>Med ett kraftfullt litiumbatteri f\u00f6r l\u00e5ngvarig prestanda har h\u00e5rklipparen en anv\u00e4ndningstid 210 minuter (3,5h) och den digitala LED displayen visar \u00e5terst\u00e5ende batteritid. Beh\u00f6vs extra kraft kan du justera klipphastigheten i 5 olika niv\u00e5er (5000, 5500, 6000, 6500, 7000rpm). En full laddning tar endast 120 minuter men f\u00f6re din bekv\u00e4mlighet kan h\u00e5rklipparen kan \u00e4ven anv\u00e4ndas med sladd. I f\u00f6rpackningen medf\u00f6ljer en olja f\u00f6r sk\u00e4ren samt en reng\u00f6ringsborste f\u00f6r att h\u00e5lla h\u00e5rklipparen hygienisk och ren.<\/p>\n<p>Teknisk information<br \/>\u2022 Kan anv\u00e4ndas som b\u00e5de en sk\u00e4ggtrimmer och en h\u00e5rklippare<br \/>\u2022 Vattent\u00e5lig<br \/>\u2022 Kraftfull motor<br \/>\u2022 Avtagbart och tv\u00e4ttbart blad<br \/>\u2022 Precisionsblad i rostfritt st\u00e5l med keramisk titanbel\u00e4ggning.<br \/>\u2022 M\u00f6jlighet att justera klipphastigheten i 5 niv\u00e5er (5000, 5500, 6000, 6500, 7000 rpm)<br \/>\u2022 Klippbredd: 37mm<br \/>\u2022 Justerbart reglage: 0.8 till 2mm i 5 niv\u00e5er (0.8, 1.1, 1.4, 1.7 och 2mm)<br \/>\u2022 4 fasta kammar: 3, 6, 9, 12 mm och 2 kammar f\u00f6r v\u00e4nster och h\u00f6ger \u00f6ra.<br \/>\u2022 25 olika klippniv\u00e5er<br \/>\u2022 Litiumbatteri<br \/>\u2022 Anv\u00e4ndningstid: 210 min.<br \/>\u2022 Uppladdningstid: 120 min<br \/>\u2022 LED-Display med hastighets- (rpm) och batteriniv\u00e5indikator<br \/>\u2022 Reng\u00f6ringsborste, olja och laddare medf\u00f6ljer<br \/>\u2022 Vikt: 496 gr.<\/p>\n","protected":false},"excerpt":{"rendered":"<p>JLD Digital sk\u00e4gg och h\u00e5rklippare \u2013 En professionell digital h\u00e5rklippare med 37mm avtagbart och tv\u00e4ttbart blad i rostfritt st\u00e5l. Bladet \u00e4r belagt med en keramisk titanbel\u00e4ggning och blir inte blir lika varma som traditionella st\u00e5lblad\/titanblad samt dessutom ger en f\u00f6rb\u00e4ttrad sk\u00e4rprestanda och l\u00e4ngre h\u00e5llbarhet. V\u00e4lj mellan 4 fasta kammar p\u00e5 3, 6, 9, 12mm. Oavsett [&hellip;]<\/p>\n","protected":false},"featured_media":19639,"comment_status":"open","ping_status":"closed","template":"","meta":{"_trash_the_other_posts":false},"product_brand":[],"product_cat":[604],"product_tag":[],"berocket_brand":[1390],"class_list":{"0":"post-19656","1":"product","2":"type-product","3":"status-publish","4":"has-post-thumbnail","6":"product_cat-skaggtrimmer","7":"pa_brand-jean-louis-david","8":"berocket_brand-jean-louis-david","10":"first","11":"outofstock","12":"sale","13":"taxable","14":"shipping-taxable","15":"purchasable","16":"product-type-simple"},"_links":{"self":[{"href":"https:\/\/stylingagenten.com\/sv\/wp-json\/wp\/v2\/product\/19656","targetHints":{"allow":["GET"]}}],"collection":[{"href":"https:\/\/stylingagenten.com\/sv\/wp-json\/wp\/v2\/product"}],"about":[{"href":"https:\/\/stylingagenten.com\/sv\/wp-json\/wp\/v2\/types\/product"}],"replies":[{"embeddable":true,"href":"https:\/\/stylingagenten.com\/sv\/wp-json\/wp\/v2\/comments?post=19656"}],"version-history":[{"count":0,"href":"https:\/\/stylingagenten.com\/sv\/wp-json\/wp\/v2\/product\/19656\/revisions"}],"wp:featuredmedia":[{"embeddable":true,"href":"https:\/\/stylingagenten.com\/sv\/wp-json\/wp\/v2\/media\/19639"}],"wp:attachment":[{"href":"https:\/\/stylingagenten.com\/sv\/wp-json\/wp\/v2\/media?parent=19656"}],"wp:term":[{"taxonomy":"product_brand","embeddable":true,"href":"https:\/\/stylingagenten.com\/sv\/wp-json\/wp\/v2\/product_brand?post=19656"},{"taxonomy":"product_cat","embeddable":true,"href":"https:\/\/stylingagenten.com\/sv\/wp-json\/wp\/v2\/product_cat?post=19656"},{"taxonomy":"product_tag","embeddable":true,"href":"https:\/\/stylingagenten.com\/sv\/wp-json\/wp\/v2\/product_tag?post=19656"},{"taxonomy":"berocket_brand","embeddable":true,"href":"https:\/\/stylingagenten.com\/sv\/wp-json\/wp\/v2\/berocket_brand?post=19656"}],"curies":[{"name":"wp","href":"https:\/\/api.w.org\/{rel}","templated":true}]}}