{"id":19631,"date":"2025-01-27T12:06:53","date_gmt":"2025-01-27T12:06:53","guid":{"rendered":"https:\/\/staging2.stylingagenten.com\/sv\/produkt\/jean-louis-david-pro-hair-clipper-nordic\/"},"modified":"2026-03-27T15:08:30","modified_gmt":"2026-03-27T15:08:30","slug":"jean-louis-david-pro-hair-clipper-nordic","status":"publish","type":"product","link":"https:\/\/stylingagenten.com\/sv\/produkt\/jean-louis-david-pro-hair-clipper-nordic\/","title":{"rendered":"Jean Louis David Pro Hair Clipper Nordic"},"content":{"rendered":"<p>JLD PRO HAIR CLIPPER \u2013\u00a0 Professionell h\u00e5rklippare med 37mm avtagbart och tv\u00e4ttbart blad i rostfritt st\u00e5l med en keramisk titaniumbel\u00e4ggning som inte blir lika varma som\u00a0traditionella st\u00e5l blad eller titaniumblad och som dessutom ger en f\u00f6rb\u00e4ttrad sk\u00e4rprestanda och l\u00e4ngre h\u00e5llbarhet.<br \/>\u00a0<br \/>V\u00e4lj mellan 4 fasta kammar p\u00e5 3, 6, 9, 12mm och oavsett val av kam kan du justera niv\u00e5spaken f\u00f6r ytterligare l\u00e4ngder f\u00f6r att skr\u00e4ddarsy den l\u00e4ngd du vill ha och kan ge upp till 20 olika l\u00e4ngdinst\u00e4llningar. Niv\u00e5spaken kan justeras i 4 niv\u00e5er mellan\u00a0 0,5 till 2 mm\u00a0 (0,5, 1, 1,5 och 2 mm)<br \/>\u00a0<br \/>Med ett kraftfullt litiumbatteri f\u00f6r l\u00e5ngvarig prestanda har h\u00e5rklipparen en anv\u00e4ndningstid 120-minuter och den digitala LED displayen visar \u00e5terst\u00e5ende batteritid. En full laddning tar endast 90-minuter och laddas praktiskt i den medf\u00f6ljande laddningsstationen. I f\u00f6rpackningen medf\u00f6ljer \u00e4ven en olja f\u00f6r sk\u00e4ren samt en reng\u00f6ringsborste f\u00f6r att h\u00e5lla h\u00e5rklipparen hygienisk och ren.<br \/>\u00a0<br \/>Teknisk information<br \/>\u2022 IPX6-skydd <br \/>\u2022 Avtagbart och tv\u00e4ttbart blad <br \/>\u2022 Precisionsblad i rostfritt st\u00e5l med keramisk titaniumbel\u00e4ggning<br \/>\u2022 Klippbredd: 37mm.<br \/>\u2022 Niv\u00e5spak: 0,5 till 2 mm i 4 niv\u00e5er (0,5, 1, 1,5 och 2 mm).<br \/>\u2022 4 Kammar: 3, 6, 9, 12 mm.<br \/>\u2022 Niv\u00e5spak<br \/>\u2022 Litiumbatteri<br \/>\u2022 Anv\u00e4ndningstid: 120 min<br \/>\u2022 Uppladdningstid: 90 min.<br \/>\u2022 LED-display med batteriniv\u00e5indikator.<br \/>\u2022 Ytterligare tillbeh\u00f6r: Reng\u00f6ringsborste, olja, laddare och laddningsstation.<br \/>\u2022 Vikt: 554 gr.<\/p>\n","protected":false},"excerpt":{"rendered":"<p>JLD PRO HAIR CLIPPER \u2013\u00a0 Professionell h\u00e5rklippare med 37mm avtagbart och tv\u00e4ttbart blad i rostfritt st\u00e5l med en keramisk titaniumbel\u00e4ggning som inte blir lika varma som\u00a0traditionella st\u00e5l blad eller titaniumblad och som dessutom ger en f\u00f6rb\u00e4ttrad sk\u00e4rprestanda och l\u00e4ngre h\u00e5llbarhet.\u00a0V\u00e4lj mellan 4 fasta kammar p\u00e5 3, 6, 9, 12mm och oavsett val av kam kan [&hellip;]<\/p>\n","protected":false},"featured_media":19616,"comment_status":"open","ping_status":"closed","template":"","meta":{"_trash_the_other_posts":false},"product_brand":[],"product_cat":[604],"product_tag":[],"berocket_brand":[1390],"class_list":{"0":"post-19631","1":"product","2":"type-product","3":"status-publish","4":"has-post-thumbnail","6":"product_cat-skaggtrimmer","7":"pa_brand-jean-louis-david","8":"berocket_brand-jean-louis-david","10":"first","11":"instock","12":"sale","13":"taxable","14":"shipping-taxable","15":"purchasable","16":"product-type-simple"},"_links":{"self":[{"href":"https:\/\/stylingagenten.com\/sv\/wp-json\/wp\/v2\/product\/19631","targetHints":{"allow":["GET"]}}],"collection":[{"href":"https:\/\/stylingagenten.com\/sv\/wp-json\/wp\/v2\/product"}],"about":[{"href":"https:\/\/stylingagenten.com\/sv\/wp-json\/wp\/v2\/types\/product"}],"replies":[{"embeddable":true,"href":"https:\/\/stylingagenten.com\/sv\/wp-json\/wp\/v2\/comments?post=19631"}],"version-history":[{"count":0,"href":"https:\/\/stylingagenten.com\/sv\/wp-json\/wp\/v2\/product\/19631\/revisions"}],"wp:featuredmedia":[{"embeddable":true,"href":"https:\/\/stylingagenten.com\/sv\/wp-json\/wp\/v2\/media\/19616"}],"wp:attachment":[{"href":"https:\/\/stylingagenten.com\/sv\/wp-json\/wp\/v2\/media?parent=19631"}],"wp:term":[{"taxonomy":"product_brand","embeddable":true,"href":"https:\/\/stylingagenten.com\/sv\/wp-json\/wp\/v2\/product_brand?post=19631"},{"taxonomy":"product_cat","embeddable":true,"href":"https:\/\/stylingagenten.com\/sv\/wp-json\/wp\/v2\/product_cat?post=19631"},{"taxonomy":"product_tag","embeddable":true,"href":"https:\/\/stylingagenten.com\/sv\/wp-json\/wp\/v2\/product_tag?post=19631"},{"taxonomy":"berocket_brand","embeddable":true,"href":"https:\/\/stylingagenten.com\/sv\/wp-json\/wp\/v2\/berocket_brand?post=19631"}],"curies":[{"name":"wp","href":"https:\/\/api.w.org\/{rel}","templated":true}]}}