{"id":19617,"date":"2025-01-27T12:06:51","date_gmt":"2025-01-27T12:06:51","guid":{"rendered":"https:\/\/staging2.stylingagenten.com\/sv\/produkt\/demeliss-saint-algue-xcurler-nordic\/"},"modified":"2026-03-11T22:05:42","modified_gmt":"2026-03-11T22:05:42","slug":"demeliss-saint-algue-xcurler-nordic","status":"publish","type":"product","link":"https:\/\/stylingagenten.com\/sv\/produkt\/demeliss-saint-algue-xcurler-nordic\/","title":{"rendered":"Demeliss Saint Algue- Xcurler Nordic"},"content":{"rendered":"<p>SAINT ALGUE DEMELISS X-CURLER\u00ae platt\u00e5ng \u00e4r unikt designad f\u00f6r den som b\u00e5de vill platta men \u00e4ven kunna locka h\u00e5ret. F\u00f6r att enkelt forma de perfekta lockarna \u00e4r plattorna r\u00f6rliga vilket m\u00f6jligg\u00f6r att man skapar ett optimalt tryck p\u00e5 h\u00e5ret. P\u00e5 utsidan av platt\u00e5ngen finns uppv\u00e4rmda sp\u00e5r som g\u00f6r att h\u00e5ret dels inte glider av men bidrar \u00e4ven till extra v\u00e4rme s\u00e5 att man l\u00e4ttare kan forma h\u00e5ret och f\u00e5 ett l\u00e5ngvarigt resultat. <br \/>De 110mm l\u00e5nga plattorna har en keramisk bel\u00e4ggning f\u00f6r att ge bra glid och j\u00e4mn v\u00e4rme. V\u00e4lj mellan 5 olika temperaturinst\u00e4llningar fr\u00e5n 150- 230 \u00b0C. L\u00e5ng sv\u00e4ngbar sladd p\u00e5 2,3m och i f\u00f6rpackningen medf\u00f6ljer \u00e4ven ett v\u00e4rmebest\u00e4ndigt sammetsfodral.<\/p>\n<p>Teknisk information<br \/>Unik design &#8211; idealisk f\u00f6r att b\u00e5de platta och locka h\u00e5ret<br \/>110mm l\u00e5nga r\u00f6rliga plattor<br \/>Keramisk bel\u00e4ggning med tourmaline f\u00f6r extra glans<br \/>Uppv\u00e4rmd utsida  <br \/>5 temperaturinst\u00e4llningar 150-230\u00b0C<br \/>V\u00e4rmebest\u00e4ndig f\u00f6rvaringsv\u00e4ska<br \/>Sv\u00e4ngbar l\u00e5ng sladd p\u00e5 2,3m<\/p>\n","protected":false},"excerpt":{"rendered":"<p>SAINT ALGUE DEMELISS X-CURLER\u00ae platt\u00e5ng \u00e4r unikt designad f\u00f6r den som b\u00e5de vill platta men \u00e4ven kunna locka h\u00e5ret. F\u00f6r att enkelt forma de perfekta lockarna \u00e4r plattorna r\u00f6rliga vilket m\u00f6jligg\u00f6r att man skapar ett optimalt tryck p\u00e5 h\u00e5ret. P\u00e5 utsidan av platt\u00e5ngen finns uppv\u00e4rmda sp\u00e5r som g\u00f6r att h\u00e5ret dels inte glider av men [&hellip;]<\/p>\n","protected":false},"featured_media":19600,"comment_status":"open","ping_status":"closed","template":"","meta":{"_trash_the_other_posts":false},"product_brand":[],"product_cat":[596],"product_tag":[],"berocket_brand":[1389],"class_list":{"0":"post-19617","1":"product","2":"type-product","3":"status-publish","4":"has-post-thumbnail","6":"product_cat-locktang","7":"pa_brand-demeliss-saint-algue","8":"berocket_brand-demeliss-saint-algue","10":"first","11":"instock","12":"sale","13":"taxable","14":"shipping-taxable","15":"purchasable","16":"product-type-simple"},"_links":{"self":[{"href":"https:\/\/stylingagenten.com\/sv\/wp-json\/wp\/v2\/product\/19617","targetHints":{"allow":["GET"]}}],"collection":[{"href":"https:\/\/stylingagenten.com\/sv\/wp-json\/wp\/v2\/product"}],"about":[{"href":"https:\/\/stylingagenten.com\/sv\/wp-json\/wp\/v2\/types\/product"}],"replies":[{"embeddable":true,"href":"https:\/\/stylingagenten.com\/sv\/wp-json\/wp\/v2\/comments?post=19617"}],"version-history":[{"count":0,"href":"https:\/\/stylingagenten.com\/sv\/wp-json\/wp\/v2\/product\/19617\/revisions"}],"wp:featuredmedia":[{"embeddable":true,"href":"https:\/\/stylingagenten.com\/sv\/wp-json\/wp\/v2\/media\/19600"}],"wp:attachment":[{"href":"https:\/\/stylingagenten.com\/sv\/wp-json\/wp\/v2\/media?parent=19617"}],"wp:term":[{"taxonomy":"product_brand","embeddable":true,"href":"https:\/\/stylingagenten.com\/sv\/wp-json\/wp\/v2\/product_brand?post=19617"},{"taxonomy":"product_cat","embeddable":true,"href":"https:\/\/stylingagenten.com\/sv\/wp-json\/wp\/v2\/product_cat?post=19617"},{"taxonomy":"product_tag","embeddable":true,"href":"https:\/\/stylingagenten.com\/sv\/wp-json\/wp\/v2\/product_tag?post=19617"},{"taxonomy":"berocket_brand","embeddable":true,"href":"https:\/\/stylingagenten.com\/sv\/wp-json\/wp\/v2\/berocket_brand?post=19617"}],"curies":[{"name":"wp","href":"https:\/\/api.w.org\/{rel}","templated":true}]}}