{"id":19583,"date":"2025-01-27T12:06:45","date_gmt":"2025-01-27T12:06:45","guid":{"rendered":"https:\/\/staging2.stylingagenten.com\/sv\/produkt\/filorga-ncef-essence-150ml\/"},"modified":"2026-04-13T07:10:33","modified_gmt":"2026-04-13T07:10:33","slug":"filorga-ncef-essence-150ml","status":"publish","type":"product","link":"https:\/\/stylingagenten.com\/sv\/produkt\/filorga-ncef-essence-150ml\/","title":{"rendered":"Filorga NCEF Essence 150ml"},"content":{"rendered":"<p>\u00d6verl\u00e4gset revitaliserande essence &#8211; en fuktsluss till vacker hud<br \/>Revitaliserande essence med h\u00f6g \u00e5terfuktning och koncentration av NCEF. Ett pre-serum som f\u00f6rbereder huden och boostar effekterna av efterf\u00f6ljande anti-aging hudv\u00e5rdsprodukter. Ger omedelbart huden lyster och verkar skyddande, samt bevarar fukten i huden. Passar alla hudtyper.<\/p>\n<p>-F\u00f6rbereder huden och boostar effekterna av efterf\u00f6ljande produkter<br \/>-Skyddar och bevarar fukten i huden<br \/>-Ger lyster och skyddar mot f\u00f6roreningar<\/p>\n<p>NCEF: Ett polyrevitaliserande komplex f\u00f6r f\u00f6rb\u00e4ttrad hudkvalitet med en koncentration motsvarande en injicerbar anti-aging NCEF behandling. F\u00f6r en komplett anti-aging effekt p\u00e5 rynkor, fasthet, hudton, porer, \u00e5terfuktning.<br \/>AQUA-MX teknologi: Ett \u00e5terfuktande koncentrat som ger b\u00e5de direkt och l\u00e5ngvarig \u00e5terfuktning samt f\u00f6rb\u00e4ttrar egenskaperna hos efterf\u00f6ljande produkter.<br \/>Salvia \u00f6rtextrakt: Motverkar vattenf\u00f6rlust i huden och verkar anti-inflammatoriskt.<\/p>\n<p>Sk\u00f6nhetstips!<br \/>Applicera essencen efter din reng\u00f6ring, d\u00e4refter serum och creme, f\u00f6r att optimera deras absorption och boosta dess effekter<\/p>\n<p>Anv\u00e4ndning: Anv\u00e4nd morgon och kv\u00e4ll p\u00e5 rengjord hud och f\u00f6re serum\/creme. Applicera produkten i h\u00e4nderna och klappa sedan f\u00f6rsiktigt in formulan med fingrarna. Sk\u00f6lj ej av.<\/p>\n","protected":false},"excerpt":{"rendered":"<p>\u00d6verl\u00e4gset revitaliserande essence &#8211; en fuktsluss till vacker hudRevitaliserande essence med h\u00f6g \u00e5terfuktning och koncentration av NCEF. Ett pre-serum som f\u00f6rbereder huden och boostar effekterna av efterf\u00f6ljande anti-aging hudv\u00e5rdsprodukter. Ger omedelbart huden lyster och verkar skyddande, samt bevarar fukten i huden. Passar alla hudtyper. -F\u00f6rbereder huden och boostar effekterna av efterf\u00f6ljande produkter-Skyddar och bevarar fukten [&hellip;]<\/p>\n","protected":false},"featured_media":19573,"comment_status":"open","ping_status":"closed","template":"","meta":{"_trash_the_other_posts":false},"product_brand":[],"product_cat":[546],"product_tag":[],"berocket_brand":[1317],"class_list":{"0":"post-19583","1":"product","2":"type-product","3":"status-publish","4":"has-post-thumbnail","6":"product_cat-harstyling","7":"pa_brand-filorga","8":"berocket_brand-filorga","10":"first","11":"instock","12":"sale","13":"taxable","14":"shipping-taxable","15":"purchasable","16":"product-type-simple"},"_links":{"self":[{"href":"https:\/\/stylingagenten.com\/sv\/wp-json\/wp\/v2\/product\/19583","targetHints":{"allow":["GET"]}}],"collection":[{"href":"https:\/\/stylingagenten.com\/sv\/wp-json\/wp\/v2\/product"}],"about":[{"href":"https:\/\/stylingagenten.com\/sv\/wp-json\/wp\/v2\/types\/product"}],"replies":[{"embeddable":true,"href":"https:\/\/stylingagenten.com\/sv\/wp-json\/wp\/v2\/comments?post=19583"}],"version-history":[{"count":0,"href":"https:\/\/stylingagenten.com\/sv\/wp-json\/wp\/v2\/product\/19583\/revisions"}],"wp:featuredmedia":[{"embeddable":true,"href":"https:\/\/stylingagenten.com\/sv\/wp-json\/wp\/v2\/media\/19573"}],"wp:attachment":[{"href":"https:\/\/stylingagenten.com\/sv\/wp-json\/wp\/v2\/media?parent=19583"}],"wp:term":[{"taxonomy":"product_brand","embeddable":true,"href":"https:\/\/stylingagenten.com\/sv\/wp-json\/wp\/v2\/product_brand?post=19583"},{"taxonomy":"product_cat","embeddable":true,"href":"https:\/\/stylingagenten.com\/sv\/wp-json\/wp\/v2\/product_cat?post=19583"},{"taxonomy":"product_tag","embeddable":true,"href":"https:\/\/stylingagenten.com\/sv\/wp-json\/wp\/v2\/product_tag?post=19583"},{"taxonomy":"berocket_brand","embeddable":true,"href":"https:\/\/stylingagenten.com\/sv\/wp-json\/wp\/v2\/berocket_brand?post=19583"}],"curies":[{"name":"wp","href":"https:\/\/api.w.org\/{rel}","templated":true}]}}