{"id":19451,"date":"2025-01-27T12:06:17","date_gmt":"2025-01-27T12:06:17","guid":{"rendered":"https:\/\/staging2.stylingagenten.com\/sv\/produkt\/replay-earth-made-tuscany-yellow-edt-200ml\/"},"modified":"2025-11-18T15:39:31","modified_gmt":"2025-11-18T15:39:31","slug":"replay-earth-made-tuscany-yellow-edt-200ml","status":"publish","type":"product","link":"https:\/\/stylingagenten.com\/sv\/produkt\/replay-earth-made-tuscany-yellow-edt-200ml\/","title":{"rendered":"Replay Earth Made Tuscany Yellow Edt 200ml"},"content":{"rendered":"<p>TUSCANY YELLOW &#8211; Natural body fragrance 200 ml \u2013 Eau de Toilette<\/p>\n<p>En fruktig, energigivande bris som behagligt svalkar den heta toskanska luften. Doften \u00f6ppnar med hesperidens friskhet, blandad med sammetslena persikor och f\u00f6rf\u00f6risk jasmin, insvept i kr\u00e4migt sandeltr\u00e4 och behaglig mysk.<\/p>\n<p>Toppnoter: Gr\u00f6n Mandarin Italien Orpur, Rosa Grapefrukt, Williamsp\u00e4ron, Italiensk Citron<br \/>Hj\u00e4rtnoter: Jasmine Sambac India Orpur, Nektarine, Cedertr\u00e4 Virginia Essence<br \/>Basnoter: Benzoin Resinoid Laos, Kr\u00e4mig Sandeltr\u00e4 Orpur, Sublim Mysk<\/p>\n<p>Earth made inspirerades av en kapsel fr\u00e5n Replays kl\u00e4dkollektion som \u00e4r tillverkad helt av organiska fibrer och f\u00e4rgad med ZDHC-certifierade ekologiska mineralpigment, och f\u00f6respr\u00e5kar filosofin om att \u00e5teransluta till jorden. Fyra naturliga kroppsdofter vars namn hyllar naturligheten hos jordens f\u00e4rger &#8211; Tuscany Yellow, Antartica Blue, Amazonian Green, Arizona Orange &#8211; \u00f6vers\u00e4tts till en f\u00e4rgstark palett av \u00e5tervunna essentiella glasflaskor. Dofterna \u00e4r k\u00f6nsneutrala eau de toilette av certifierat naturligt ursprung, 100% veganska och med vegetabiliska alkoholer som f\u00f6rs\u00e4krar l\u00e5ngvarig och ih\u00e5llande doft. En helt ekologisk f\u00f6rpackning skapar den perfekta inramningen f\u00f6r dessa innovativa dofter. Antartica Blue och Amazonian Green \u00e4r berikade med Thalassogaia\u2122 och Phytogaia\u2122-extrakt, vilket s\u00e4kerst\u00e4ller maximalt fysiskt och mentalt v\u00e4lbefinnande samt f\u00f6rdelarna med naturliga extrakt.<\/p>\n","protected":false},"excerpt":{"rendered":"<p>TUSCANY YELLOW &#8211; Natural body fragrance 200 ml \u2013 Eau de Toilette En fruktig, energigivande bris som behagligt svalkar den heta toskanska luften. Doften \u00f6ppnar med hesperidens friskhet, blandad med sammetslena persikor och f\u00f6rf\u00f6risk jasmin, insvept i kr\u00e4migt sandeltr\u00e4 och behaglig mysk. Toppnoter: Gr\u00f6n Mandarin Italien Orpur, Rosa Grapefrukt, Williamsp\u00e4ron, Italiensk CitronHj\u00e4rtnoter: Jasmine Sambac India [&hellip;]<\/p>\n","protected":false},"featured_media":19441,"comment_status":"open","ping_status":"closed","template":"","meta":{"_trash_the_other_posts":false},"product_brand":[],"product_cat":[730,735,999],"product_tag":[],"berocket_brand":[1120],"class_list":{"0":"post-19451","1":"product","2":"type-product","3":"status-publish","4":"has-post-thumbnail","6":"product_cat-eau-de-toilette-unisex","7":"product_cat-kampanj","8":"product_cat-kampanj-for-henne","9":"pa_brand-replay","10":"berocket_brand-replay","12":"first","13":"instock","14":"sale","15":"taxable","16":"shipping-taxable","17":"purchasable","18":"product-type-simple"},"_links":{"self":[{"href":"https:\/\/stylingagenten.com\/sv\/wp-json\/wp\/v2\/product\/19451","targetHints":{"allow":["GET"]}}],"collection":[{"href":"https:\/\/stylingagenten.com\/sv\/wp-json\/wp\/v2\/product"}],"about":[{"href":"https:\/\/stylingagenten.com\/sv\/wp-json\/wp\/v2\/types\/product"}],"replies":[{"embeddable":true,"href":"https:\/\/stylingagenten.com\/sv\/wp-json\/wp\/v2\/comments?post=19451"}],"version-history":[{"count":0,"href":"https:\/\/stylingagenten.com\/sv\/wp-json\/wp\/v2\/product\/19451\/revisions"}],"wp:featuredmedia":[{"embeddable":true,"href":"https:\/\/stylingagenten.com\/sv\/wp-json\/wp\/v2\/media\/19441"}],"wp:attachment":[{"href":"https:\/\/stylingagenten.com\/sv\/wp-json\/wp\/v2\/media?parent=19451"}],"wp:term":[{"taxonomy":"product_brand","embeddable":true,"href":"https:\/\/stylingagenten.com\/sv\/wp-json\/wp\/v2\/product_brand?post=19451"},{"taxonomy":"product_cat","embeddable":true,"href":"https:\/\/stylingagenten.com\/sv\/wp-json\/wp\/v2\/product_cat?post=19451"},{"taxonomy":"product_tag","embeddable":true,"href":"https:\/\/stylingagenten.com\/sv\/wp-json\/wp\/v2\/product_tag?post=19451"},{"taxonomy":"berocket_brand","embeddable":true,"href":"https:\/\/stylingagenten.com\/sv\/wp-json\/wp\/v2\/berocket_brand?post=19451"}],"curies":[{"name":"wp","href":"https:\/\/api.w.org\/{rel}","templated":true}]}}