{"id":19431,"date":"2025-01-27T12:06:12","date_gmt":"2025-01-27T12:06:12","guid":{"rendered":"https:\/\/staging2.stylingagenten.com\/sv\/produkt\/replay-tank-for-her-edt-100ml\/"},"modified":"2026-03-23T08:19:23","modified_gmt":"2026-03-23T08:19:23","slug":"replay-tank-for-her-edt-100ml","status":"publish","type":"product","link":"https:\/\/stylingagenten.com\/sv\/produkt\/replay-tank-for-her-edt-100ml\/","title":{"rendered":"Replay # Tank For Her Edt 100ml"},"content":{"rendered":"<p>Replay #TANK FOR HER f\u00e5ngar de mest ikoniska sidorna av Replay&#8217;s industriella anda. En exklusiv flaska i puderrosa, f\u00f6rst\u00e4rkt med metalliska element. Livlighet och dynamik koncentrerat i en burk av ren energi. Doften \u00e4r gl\u00e4djefull och sensuell med f\u00f6rf\u00f6riska gourmandnoter. Kompositionen \u00f6ppnar med en hint av friskt \u00e4pple och sprudlande pomerans, som sm\u00e4lter samman i hj\u00e4rtat med volymen fr\u00e5n f\u00f6rtrollande ros och de beroendeframkallande inslagen av tuberos och jasmin. Basen \u00e4r sofistikerad och f\u00f6rf\u00f6risk, och erbjuder djup och v\u00e4rme genom en kombination av kr\u00e4migt sandeltr\u00e4 och mysk tillsammans med en modern vanilj-pralinackord.<\/p>\n<p>Toppnoter: Pomerans, \u00c4pple<br \/>Hj\u00e4rtnoter: Tuberos, Jasmin, Ros<br \/>Basnoter: Pralin, Vanilj, Sandeltr\u00e4, Mysk<\/p>\n","protected":false},"excerpt":{"rendered":"<p>Replay #TANK FOR HER f\u00e5ngar de mest ikoniska sidorna av Replay&#8217;s industriella anda. En exklusiv flaska i puderrosa, f\u00f6rst\u00e4rkt med metalliska element. Livlighet och dynamik koncentrerat i en burk av ren energi. Doften \u00e4r gl\u00e4djefull och sensuell med f\u00f6rf\u00f6riska gourmandnoter. Kompositionen \u00f6ppnar med en hint av friskt \u00e4pple och sprudlande pomerans, som sm\u00e4lter samman i [&hellip;]<\/p>\n","protected":false},"featured_media":19425,"comment_status":"open","ping_status":"closed","template":"","meta":{"_trash_the_other_posts":false},"product_brand":[],"product_cat":[707,735,999],"product_tag":[4043],"berocket_brand":[1120],"class_list":{"0":"post-19431","1":"product","2":"type-product","3":"status-publish","4":"has-post-thumbnail","6":"product_cat-eau-de-toilette-dam","7":"product_cat-kampanj","8":"product_cat-kampanj-for-henne","9":"product_tag-replay-tank-for-her-edt","10":"pa_brand-replay","11":"pa_variant-100ml","12":"berocket_brand-replay","14":"first","15":"instock","16":"sale","17":"taxable","18":"shipping-taxable","19":"purchasable","20":"product-type-simple"},"_links":{"self":[{"href":"https:\/\/stylingagenten.com\/sv\/wp-json\/wp\/v2\/product\/19431","targetHints":{"allow":["GET"]}}],"collection":[{"href":"https:\/\/stylingagenten.com\/sv\/wp-json\/wp\/v2\/product"}],"about":[{"href":"https:\/\/stylingagenten.com\/sv\/wp-json\/wp\/v2\/types\/product"}],"replies":[{"embeddable":true,"href":"https:\/\/stylingagenten.com\/sv\/wp-json\/wp\/v2\/comments?post=19431"}],"version-history":[{"count":0,"href":"https:\/\/stylingagenten.com\/sv\/wp-json\/wp\/v2\/product\/19431\/revisions"}],"wp:featuredmedia":[{"embeddable":true,"href":"https:\/\/stylingagenten.com\/sv\/wp-json\/wp\/v2\/media\/19425"}],"wp:attachment":[{"href":"https:\/\/stylingagenten.com\/sv\/wp-json\/wp\/v2\/media?parent=19431"}],"wp:term":[{"taxonomy":"product_brand","embeddable":true,"href":"https:\/\/stylingagenten.com\/sv\/wp-json\/wp\/v2\/product_brand?post=19431"},{"taxonomy":"product_cat","embeddable":true,"href":"https:\/\/stylingagenten.com\/sv\/wp-json\/wp\/v2\/product_cat?post=19431"},{"taxonomy":"product_tag","embeddable":true,"href":"https:\/\/stylingagenten.com\/sv\/wp-json\/wp\/v2\/product_tag?post=19431"},{"taxonomy":"berocket_brand","embeddable":true,"href":"https:\/\/stylingagenten.com\/sv\/wp-json\/wp\/v2\/berocket_brand?post=19431"}],"curies":[{"name":"wp","href":"https:\/\/api.w.org\/{rel}","templated":true}]}}