{"id":19403,"date":"2025-01-27T12:06:06","date_gmt":"2025-01-27T12:06:06","guid":{"rendered":"https:\/\/staging2.stylingagenten.com\/sv\/produkt\/replay-tank-plate-for-her-edt-100ml\/"},"modified":"2026-04-11T09:18:39","modified_gmt":"2026-04-11T09:18:39","slug":"replay-tank-plate-for-her-edt-100ml","status":"publish","type":"product","link":"https:\/\/stylingagenten.com\/sv\/produkt\/replay-tank-plate-for-her-edt-100ml\/","title":{"rendered":"Replay # Tank Plate For Her Edt 100ml"},"content":{"rendered":"<p>Replay #TANK Plate for Her har den ursprungliga tankformade flaskan som \u00e4r berikad med en i\u00f6gonfallande metallisk rosa finish. Denna nya skapelse, dedikerad till Replay-tjejer, \u00e4r en berusande doft som kombinerar kvinnlig f\u00f6rf\u00f6relse och f\u00e4rgglad lycka. S\u00f6ta r\u00f6da frukter leker med fr\u00e4sch fresia och mjuk mandel i toppnoterna. F\u00f6rf\u00f6riska hj\u00e4rtnoter av jasmin, saftig persika och pudrig iris f\u00f6rseglas av kr\u00e4mig vanilj, amber och tonkab\u00f6na.<\/p>\n<p>Toppnoter: Mandel, R\u00f6da frukter, Fresia<br \/>Hj\u00e4rtnoter: Persika, Iris, Tuberose, Jasmin<br \/>Basnoter: Vanilj, Tonkab\u00f6na, Sandeltr\u00e4, Amber<\/p>\n","protected":false},"excerpt":{"rendered":"<p>Replay #TANK Plate for Her har den ursprungliga tankformade flaskan som \u00e4r berikad med en i\u00f6gonfallande metallisk rosa finish. Denna nya skapelse, dedikerad till Replay-tjejer, \u00e4r en berusande doft som kombinerar kvinnlig f\u00f6rf\u00f6relse och f\u00e4rgglad lycka. S\u00f6ta r\u00f6da frukter leker med fr\u00e4sch fresia och mjuk mandel i toppnoterna. F\u00f6rf\u00f6riska hj\u00e4rtnoter av jasmin, saftig persika och [&hellip;]<\/p>\n","protected":false},"featured_media":19400,"comment_status":"open","ping_status":"closed","template":"","meta":{"_trash_the_other_posts":false},"product_brand":[],"product_cat":[707,735,999],"product_tag":[4045],"berocket_brand":[1120],"class_list":{"0":"post-19403","1":"product","2":"type-product","3":"status-publish","4":"has-post-thumbnail","6":"product_cat-eau-de-toilette-dam","7":"product_cat-kampanj","8":"product_cat-kampanj-for-henne","9":"product_tag-replay-tank-plate-for-her-edt","10":"pa_brand-replay","11":"pa_variant-100ml","12":"berocket_brand-replay","14":"first","15":"instock","16":"sale","17":"taxable","18":"shipping-taxable","19":"purchasable","20":"product-type-simple"},"_links":{"self":[{"href":"https:\/\/stylingagenten.com\/sv\/wp-json\/wp\/v2\/product\/19403","targetHints":{"allow":["GET"]}}],"collection":[{"href":"https:\/\/stylingagenten.com\/sv\/wp-json\/wp\/v2\/product"}],"about":[{"href":"https:\/\/stylingagenten.com\/sv\/wp-json\/wp\/v2\/types\/product"}],"replies":[{"embeddable":true,"href":"https:\/\/stylingagenten.com\/sv\/wp-json\/wp\/v2\/comments?post=19403"}],"version-history":[{"count":0,"href":"https:\/\/stylingagenten.com\/sv\/wp-json\/wp\/v2\/product\/19403\/revisions"}],"wp:featuredmedia":[{"embeddable":true,"href":"https:\/\/stylingagenten.com\/sv\/wp-json\/wp\/v2\/media\/19400"}],"wp:attachment":[{"href":"https:\/\/stylingagenten.com\/sv\/wp-json\/wp\/v2\/media?parent=19403"}],"wp:term":[{"taxonomy":"product_brand","embeddable":true,"href":"https:\/\/stylingagenten.com\/sv\/wp-json\/wp\/v2\/product_brand?post=19403"},{"taxonomy":"product_cat","embeddable":true,"href":"https:\/\/stylingagenten.com\/sv\/wp-json\/wp\/v2\/product_cat?post=19403"},{"taxonomy":"product_tag","embeddable":true,"href":"https:\/\/stylingagenten.com\/sv\/wp-json\/wp\/v2\/product_tag?post=19403"},{"taxonomy":"berocket_brand","embeddable":true,"href":"https:\/\/stylingagenten.com\/sv\/wp-json\/wp\/v2\/berocket_brand?post=19403"}],"curies":[{"name":"wp","href":"https:\/\/api.w.org\/{rel}","templated":true}]}}