{"id":19399,"date":"2025-01-27T12:06:04","date_gmt":"2025-01-27T12:06:04","guid":{"rendered":"https:\/\/staging2.stylingagenten.com\/sv\/produkt\/replay-tank-custom-for-her-edt-100ml\/"},"modified":"2025-11-18T15:39:40","modified_gmt":"2025-11-18T15:39:40","slug":"replay-tank-custom-for-her-edt-100ml","status":"publish","type":"product","link":"https:\/\/stylingagenten.com\/sv\/produkt\/replay-tank-custom-for-her-edt-100ml\/","title":{"rendered":"Replay # Tank Custom For Her Edt 100ml"},"content":{"rendered":"<p>Till\u00e4gnad m\u00e5lmedvetna och sj\u00e4lvs\u00e4kra tjejer, #TANK CUSTOM FOR HER ger en k\u00e4nsla av energi varje dag. Doften \u00e4r ett dolt m\u00f6te mellan f\u00f6rf\u00f6risk honung och en elegant blombukett. En explosion av femininitet som berusar sinnena. Basen \u00e4r en magnetisk omfamning av sensuell Patchouli, varm vanilj och exklusiv Orcanox.<\/p>\n<p>Toppnoter: Honung, Sorbet, \u00c4pple, Petitgrain<br \/>Hj\u00e4rtnoter: Apelsinblomma, Jasmin, Liljekonvalj<br \/>Basnoter: Vanilj, Ambroxan, Patchouli<\/p>\n","protected":false},"excerpt":{"rendered":"<p>Till\u00e4gnad m\u00e5lmedvetna och sj\u00e4lvs\u00e4kra tjejer, #TANK CUSTOM FOR HER ger en k\u00e4nsla av energi varje dag. Doften \u00e4r ett dolt m\u00f6te mellan f\u00f6rf\u00f6risk honung och en elegant blombukett. En explosion av femininitet som berusar sinnena. Basen \u00e4r en magnetisk omfamning av sensuell Patchouli, varm vanilj och exklusiv Orcanox. Toppnoter: Honung, Sorbet, \u00c4pple, PetitgrainHj\u00e4rtnoter: Apelsinblomma, Jasmin, [&hellip;]<\/p>\n","protected":false},"featured_media":19392,"comment_status":"open","ping_status":"closed","template":"","meta":{"_trash_the_other_posts":false},"product_brand":[],"product_cat":[707,735,999],"product_tag":[4041],"berocket_brand":[1120],"class_list":{"0":"post-19399","1":"product","2":"type-product","3":"status-publish","4":"has-post-thumbnail","6":"product_cat-eau-de-toilette-dam","7":"product_cat-kampanj","8":"product_cat-kampanj-for-henne","9":"product_tag-replay-tank-custom-for-her-edt","10":"pa_brand-replay","11":"pa_variant-100ml","12":"berocket_brand-replay","14":"first","15":"instock","16":"sale","17":"taxable","18":"shipping-taxable","19":"purchasable","20":"product-type-simple"},"_links":{"self":[{"href":"https:\/\/stylingagenten.com\/sv\/wp-json\/wp\/v2\/product\/19399","targetHints":{"allow":["GET"]}}],"collection":[{"href":"https:\/\/stylingagenten.com\/sv\/wp-json\/wp\/v2\/product"}],"about":[{"href":"https:\/\/stylingagenten.com\/sv\/wp-json\/wp\/v2\/types\/product"}],"replies":[{"embeddable":true,"href":"https:\/\/stylingagenten.com\/sv\/wp-json\/wp\/v2\/comments?post=19399"}],"version-history":[{"count":0,"href":"https:\/\/stylingagenten.com\/sv\/wp-json\/wp\/v2\/product\/19399\/revisions"}],"wp:featuredmedia":[{"embeddable":true,"href":"https:\/\/stylingagenten.com\/sv\/wp-json\/wp\/v2\/media\/19392"}],"wp:attachment":[{"href":"https:\/\/stylingagenten.com\/sv\/wp-json\/wp\/v2\/media?parent=19399"}],"wp:term":[{"taxonomy":"product_brand","embeddable":true,"href":"https:\/\/stylingagenten.com\/sv\/wp-json\/wp\/v2\/product_brand?post=19399"},{"taxonomy":"product_cat","embeddable":true,"href":"https:\/\/stylingagenten.com\/sv\/wp-json\/wp\/v2\/product_cat?post=19399"},{"taxonomy":"product_tag","embeddable":true,"href":"https:\/\/stylingagenten.com\/sv\/wp-json\/wp\/v2\/product_tag?post=19399"},{"taxonomy":"berocket_brand","embeddable":true,"href":"https:\/\/stylingagenten.com\/sv\/wp-json\/wp\/v2\/berocket_brand?post=19399"}],"curies":[{"name":"wp","href":"https:\/\/api.w.org\/{rel}","templated":true}]}}