{"id":19395,"date":"2025-01-27T12:06:03","date_gmt":"2025-01-27T12:06:03","guid":{"rendered":"https:\/\/staging2.stylingagenten.com\/sv\/produkt\/replay-tank-custom-for-him-edt-100ml\/"},"modified":"2026-03-21T07:47:29","modified_gmt":"2026-03-21T07:47:29","slug":"replay-tank-custom-for-him-edt-100ml","status":"publish","type":"product","link":"https:\/\/stylingagenten.com\/sv\/produkt\/replay-tank-custom-for-him-edt-100ml\/","title":{"rendered":"Replay # Tank Custom For Him Edt 100ml"},"content":{"rendered":"<p>Den ikoniska tankformade flaskan \u00e4r dekorerad med en matt finish berikad av ett gl\u00e4nsande silkscreen-tryck som p\u00e5minner om en specialgjord motorcykel. Dedikerad till karismatiska m\u00e4nniskor \u00e4r #TANK CUSTOM FOR HIM den perfekta parfymen f\u00f6r att uttrycka personlighet med beslutsamhet och energi. En \u00f6verv\u00e4ldigande och intensiv doft. Sprudlande citrusnoter blandas med livfulla tr\u00e4slag f\u00f6rst\u00e4rkt av en unik touch av fr\u00e4sch anis. Mjuka tr\u00e4iga nyanser f\u00f6rseglar hela skapelsen.<\/p>\n<p>Toppnoter: Elemi, Yuzu, Ingef\u00e4ra, Bergamott, Kardemumma<br \/>Hj\u00e4rtnoter: Plommon, Anis, Vetiver, Lavendel, Patchouli, Vild Jasmin<br \/>Basnoter: Tonkab\u00f6na, Sandeltr\u00e4, Amber, Musk<\/p>\n","protected":false},"excerpt":{"rendered":"<p>Den ikoniska tankformade flaskan \u00e4r dekorerad med en matt finish berikad av ett gl\u00e4nsande silkscreen-tryck som p\u00e5minner om en specialgjord motorcykel. Dedikerad till karismatiska m\u00e4nniskor \u00e4r #TANK CUSTOM FOR HIM den perfekta parfymen f\u00f6r att uttrycka personlighet med beslutsamhet och energi. En \u00f6verv\u00e4ldigande och intensiv doft. Sprudlande citrusnoter blandas med livfulla tr\u00e4slag f\u00f6rst\u00e4rkt av en [&hellip;]<\/p>\n","protected":false},"featured_media":19387,"comment_status":"open","ping_status":"closed","template":"","meta":{"_trash_the_other_posts":false},"product_brand":[],"product_cat":[709,735,1000],"product_tag":[4042],"berocket_brand":[1120],"class_list":{"0":"post-19395","1":"product","2":"type-product","3":"status-publish","4":"has-post-thumbnail","6":"product_cat-eau-de-toilette-herr","7":"product_cat-kampanj","8":"product_cat-kampanj-for-honom","9":"product_tag-replay-tank-custom-for-him-edt","10":"pa_brand-replay","11":"pa_variant-100ml","12":"berocket_brand-replay","14":"first","15":"instock","16":"sale","17":"taxable","18":"shipping-taxable","19":"purchasable","20":"product-type-simple"},"_links":{"self":[{"href":"https:\/\/stylingagenten.com\/sv\/wp-json\/wp\/v2\/product\/19395","targetHints":{"allow":["GET"]}}],"collection":[{"href":"https:\/\/stylingagenten.com\/sv\/wp-json\/wp\/v2\/product"}],"about":[{"href":"https:\/\/stylingagenten.com\/sv\/wp-json\/wp\/v2\/types\/product"}],"replies":[{"embeddable":true,"href":"https:\/\/stylingagenten.com\/sv\/wp-json\/wp\/v2\/comments?post=19395"}],"version-history":[{"count":0,"href":"https:\/\/stylingagenten.com\/sv\/wp-json\/wp\/v2\/product\/19395\/revisions"}],"wp:featuredmedia":[{"embeddable":true,"href":"https:\/\/stylingagenten.com\/sv\/wp-json\/wp\/v2\/media\/19387"}],"wp:attachment":[{"href":"https:\/\/stylingagenten.com\/sv\/wp-json\/wp\/v2\/media?parent=19395"}],"wp:term":[{"taxonomy":"product_brand","embeddable":true,"href":"https:\/\/stylingagenten.com\/sv\/wp-json\/wp\/v2\/product_brand?post=19395"},{"taxonomy":"product_cat","embeddable":true,"href":"https:\/\/stylingagenten.com\/sv\/wp-json\/wp\/v2\/product_cat?post=19395"},{"taxonomy":"product_tag","embeddable":true,"href":"https:\/\/stylingagenten.com\/sv\/wp-json\/wp\/v2\/product_tag?post=19395"},{"taxonomy":"berocket_brand","embeddable":true,"href":"https:\/\/stylingagenten.com\/sv\/wp-json\/wp\/v2\/berocket_brand?post=19395"}],"curies":[{"name":"wp","href":"https:\/\/api.w.org\/{rel}","templated":true}]}}