{"id":19306,"date":"2025-01-27T12:05:34","date_gmt":"2025-01-27T12:05:34","guid":{"rendered":"https:\/\/staging2.stylingagenten.com\/sv\/produkt\/replay-signature-lovers-for-woman-edt-30ml\/"},"modified":"2026-03-27T11:11:24","modified_gmt":"2026-03-27T11:11:24","slug":"replay-signature-lovers-for-woman-edt-30ml","status":"publish","type":"product","link":"https:\/\/stylingagenten.com\/sv\/produkt\/replay-signature-lovers-for-woman-edt-30ml\/","title":{"rendered":"Replay Signature Lovers For Woman Edt 30ml"},"content":{"rendered":"<p>Replay Signature Lovers Woman \u00e4r en extraordin\u00e4r skapelse d\u00e4r tatueringarna som \u00e5terskapas p\u00e5 f\u00f6rpackningen inte \u00e4r pr\u00e5liga, utan snarare ett element f\u00f6r att kommunicera ett budskap om k\u00e4rlek. Doften \u00f6ppnar med elegant ros kombinerat med passionerad gardenia, som knytts ihop med en blomsterbukett i hj\u00e4rtnoterna. Denna feminina attraktion avslutas mjukt med orkid\u00e9 och lyxiga blandningar av s\u00e4llsynt amber och vanilj.<\/p>\n<p>Toppnoter: Hallon, Mandarin, Ros\u00e9peppar, Bergamott<br \/>Hj\u00e4rtnoter: Gardenia, Ros, Ylang Ylang, Jasmin Sambac<br \/>Basnoter: Vaniljorkid\u00e9, Ambertr\u00e4, Sandeltr\u00e4, Patchouli<\/p>\n","protected":false},"excerpt":{"rendered":"<p>Replay Signature Lovers Woman \u00e4r en extraordin\u00e4r skapelse d\u00e4r tatueringarna som \u00e5terskapas p\u00e5 f\u00f6rpackningen inte \u00e4r pr\u00e5liga, utan snarare ett element f\u00f6r att kommunicera ett budskap om k\u00e4rlek. Doften \u00f6ppnar med elegant ros kombinerat med passionerad gardenia, som knytts ihop med en blomsterbukett i hj\u00e4rtnoterna. Denna feminina attraktion avslutas mjukt med orkid\u00e9 och lyxiga blandningar [&hellip;]<\/p>\n","protected":false},"featured_media":19302,"comment_status":"open","ping_status":"closed","template":"","meta":{"_trash_the_other_posts":false},"product_brand":[],"product_cat":[707,735,999],"product_tag":[4052],"berocket_brand":[1120],"class_list":{"0":"post-19306","1":"product","2":"type-product","3":"status-publish","4":"has-post-thumbnail","6":"product_cat-eau-de-toilette-dam","7":"product_cat-kampanj","8":"product_cat-kampanj-for-henne","9":"product_tag-replay-signature-lovers-for-woman-edt","10":"pa_brand-replay","11":"pa_variant-30ml","12":"berocket_brand-replay","14":"first","15":"instock","16":"sale","17":"taxable","18":"shipping-taxable","19":"purchasable","20":"product-type-simple"},"_links":{"self":[{"href":"https:\/\/stylingagenten.com\/sv\/wp-json\/wp\/v2\/product\/19306","targetHints":{"allow":["GET"]}}],"collection":[{"href":"https:\/\/stylingagenten.com\/sv\/wp-json\/wp\/v2\/product"}],"about":[{"href":"https:\/\/stylingagenten.com\/sv\/wp-json\/wp\/v2\/types\/product"}],"replies":[{"embeddable":true,"href":"https:\/\/stylingagenten.com\/sv\/wp-json\/wp\/v2\/comments?post=19306"}],"version-history":[{"count":0,"href":"https:\/\/stylingagenten.com\/sv\/wp-json\/wp\/v2\/product\/19306\/revisions"}],"wp:featuredmedia":[{"embeddable":true,"href":"https:\/\/stylingagenten.com\/sv\/wp-json\/wp\/v2\/media\/19302"}],"wp:attachment":[{"href":"https:\/\/stylingagenten.com\/sv\/wp-json\/wp\/v2\/media?parent=19306"}],"wp:term":[{"taxonomy":"product_brand","embeddable":true,"href":"https:\/\/stylingagenten.com\/sv\/wp-json\/wp\/v2\/product_brand?post=19306"},{"taxonomy":"product_cat","embeddable":true,"href":"https:\/\/stylingagenten.com\/sv\/wp-json\/wp\/v2\/product_cat?post=19306"},{"taxonomy":"product_tag","embeddable":true,"href":"https:\/\/stylingagenten.com\/sv\/wp-json\/wp\/v2\/product_tag?post=19306"},{"taxonomy":"berocket_brand","embeddable":true,"href":"https:\/\/stylingagenten.com\/sv\/wp-json\/wp\/v2\/berocket_brand?post=19306"}],"curies":[{"name":"wp","href":"https:\/\/api.w.org\/{rel}","templated":true}]}}