{"id":19285,"date":"2025-01-27T12:05:28","date_gmt":"2025-01-27T12:05:28","guid":{"rendered":"https:\/\/staging2.stylingagenten.com\/sv\/produkt\/replay-signature-lovers-for-man-edt-50ml\/"},"modified":"2026-04-11T12:58:31","modified_gmt":"2026-04-11T12:58:31","slug":"replay-signature-lovers-for-man-edt-50ml","status":"publish","type":"product","link":"https:\/\/stylingagenten.com\/sv\/produkt\/replay-signature-lovers-for-man-edt-50ml\/","title":{"rendered":"Replay Signature Lovers For Man Edt 50ml"},"content":{"rendered":"<p>Replay Signature Lovers Man \u00e4r dekorerad med prestigefyllda tatueringar som kommunicerar ett budskap om positiv k\u00e4rlek i Biker Replay-stil. Doften \u00f6ppnar med fruktiga toner av Plommon, Mandarin och Pomelo; f\u00f6r att sammanfl\u00e4ta med hj\u00e4rtnoterna av Kardemumma, Lavendel och Violett p\u00e5 en bas av Labdanum, Guajaktr\u00e4 och Bourbon Vetiver.<\/p>\n<p>Toppnoter: Plommon, Mandarin, Pomelo<br \/>Hj\u00e4rtnoter: Kardemumma, Lavendel, Violett<br \/>Basnoter: Labdanum, Guajaktr\u00e4, Bourbon Vetiver<\/p>\n","protected":false},"excerpt":{"rendered":"<p>Replay Signature Lovers Man \u00e4r dekorerad med prestigefyllda tatueringar som kommunicerar ett budskap om positiv k\u00e4rlek i Biker Replay-stil. Doften \u00f6ppnar med fruktiga toner av Plommon, Mandarin och Pomelo; f\u00f6r att sammanfl\u00e4ta med hj\u00e4rtnoterna av Kardemumma, Lavendel och Violett p\u00e5 en bas av Labdanum, Guajaktr\u00e4 och Bourbon Vetiver. Toppnoter: Plommon, Mandarin, PomeloHj\u00e4rtnoter: Kardemumma, Lavendel, ViolettBasnoter: [&hellip;]<\/p>\n","protected":false},"featured_media":19280,"comment_status":"open","ping_status":"closed","template":"","meta":{"_trash_the_other_posts":false},"product_brand":[],"product_cat":[709,735,1000],"product_tag":[4051],"berocket_brand":[1120],"class_list":{"0":"post-19285","1":"product","2":"type-product","3":"status-publish","4":"has-post-thumbnail","6":"product_cat-eau-de-toilette-herr","7":"product_cat-kampanj","8":"product_cat-kampanj-for-honom","9":"product_tag-replay-signature-lovers-for-man-edt","10":"pa_brand-replay","11":"pa_variant-50ml","12":"berocket_brand-replay","14":"first","15":"instock","16":"sale","17":"taxable","18":"shipping-taxable","19":"purchasable","20":"product-type-simple"},"_links":{"self":[{"href":"https:\/\/stylingagenten.com\/sv\/wp-json\/wp\/v2\/product\/19285","targetHints":{"allow":["GET"]}}],"collection":[{"href":"https:\/\/stylingagenten.com\/sv\/wp-json\/wp\/v2\/product"}],"about":[{"href":"https:\/\/stylingagenten.com\/sv\/wp-json\/wp\/v2\/types\/product"}],"replies":[{"embeddable":true,"href":"https:\/\/stylingagenten.com\/sv\/wp-json\/wp\/v2\/comments?post=19285"}],"version-history":[{"count":0,"href":"https:\/\/stylingagenten.com\/sv\/wp-json\/wp\/v2\/product\/19285\/revisions"}],"wp:featuredmedia":[{"embeddable":true,"href":"https:\/\/stylingagenten.com\/sv\/wp-json\/wp\/v2\/media\/19280"}],"wp:attachment":[{"href":"https:\/\/stylingagenten.com\/sv\/wp-json\/wp\/v2\/media?parent=19285"}],"wp:term":[{"taxonomy":"product_brand","embeddable":true,"href":"https:\/\/stylingagenten.com\/sv\/wp-json\/wp\/v2\/product_brand?post=19285"},{"taxonomy":"product_cat","embeddable":true,"href":"https:\/\/stylingagenten.com\/sv\/wp-json\/wp\/v2\/product_cat?post=19285"},{"taxonomy":"product_tag","embeddable":true,"href":"https:\/\/stylingagenten.com\/sv\/wp-json\/wp\/v2\/product_tag?post=19285"},{"taxonomy":"berocket_brand","embeddable":true,"href":"https:\/\/stylingagenten.com\/sv\/wp-json\/wp\/v2\/berocket_brand?post=19285"}],"curies":[{"name":"wp","href":"https:\/\/api.w.org\/{rel}","templated":true}]}}