{"id":19236,"date":"2025-01-27T12:05:11","date_gmt":"2025-01-27T12:05:11","guid":{"rendered":"https:\/\/staging2.stylingagenten.com\/sv\/produkt\/malibu-lip-care-balm-trio-spf30\/"},"modified":"2026-04-13T08:28:59","modified_gmt":"2026-04-13T08:28:59","slug":"malibu-lip-care-balm-trio-spf30","status":"publish","type":"product","link":"https:\/\/stylingagenten.com\/sv\/produkt\/malibu-lip-care-balm-trio-spf30\/","title":{"rendered":"Malibu Lip Care Balm Trio SPF30"},"content":{"rendered":"<p>Malibu SPF30 Moisturizing Lip Protection kommer i en f\u00f6rpackning om tre och \u00e4r skapade f\u00f6r att skydda dina l\u00e4ppar fr\u00e5n sol, vind och kyla. Ett urvalspaket med 3 smaker: Vanilja, Jordgubb och Tropical. Balsamformeln \u00e4r speciellt gjord f\u00f6r att t\u00e5la och motst\u00e5 sol, svett och vatten. Perfekt f\u00f6r en solig dag p\u00e5 stranden, l\u00e5nga promenader eller en shoppingdag i stan.<\/p>\n","protected":false},"excerpt":{"rendered":"<p>Malibu SPF30 Moisturizing Lip Protection kommer i en f\u00f6rpackning om tre och \u00e4r skapade f\u00f6r att skydda dina l\u00e4ppar fr\u00e5n sol, vind och kyla. Ett urvalspaket med 3 smaker: Vanilja, Jordgubb och Tropical. Balsamformeln \u00e4r speciellt gjord f\u00f6r att t\u00e5la och motst\u00e5 sol, svett och vatten. Perfekt f\u00f6r en solig dag p\u00e5 stranden, l\u00e5nga promenader [&hellip;]<\/p>\n","protected":false},"featured_media":19235,"comment_status":"open","ping_status":"closed","template":"","meta":{"_trash_the_other_posts":false},"product_brand":[],"product_cat":[580],"product_tag":[],"berocket_brand":[1241],"class_list":{"0":"post-19236","1":"product","2":"type-product","3":"status-publish","4":"has-post-thumbnail","6":"product_cat-lappbalsam","7":"pa_brand-malibu","8":"berocket_brand-malibu","10":"first","11":"instock","12":"sale","13":"taxable","14":"shipping-taxable","15":"purchasable","16":"product-type-simple"},"_links":{"self":[{"href":"https:\/\/stylingagenten.com\/sv\/wp-json\/wp\/v2\/product\/19236","targetHints":{"allow":["GET"]}}],"collection":[{"href":"https:\/\/stylingagenten.com\/sv\/wp-json\/wp\/v2\/product"}],"about":[{"href":"https:\/\/stylingagenten.com\/sv\/wp-json\/wp\/v2\/types\/product"}],"replies":[{"embeddable":true,"href":"https:\/\/stylingagenten.com\/sv\/wp-json\/wp\/v2\/comments?post=19236"}],"version-history":[{"count":0,"href":"https:\/\/stylingagenten.com\/sv\/wp-json\/wp\/v2\/product\/19236\/revisions"}],"wp:featuredmedia":[{"embeddable":true,"href":"https:\/\/stylingagenten.com\/sv\/wp-json\/wp\/v2\/media\/19235"}],"wp:attachment":[{"href":"https:\/\/stylingagenten.com\/sv\/wp-json\/wp\/v2\/media?parent=19236"}],"wp:term":[{"taxonomy":"product_brand","embeddable":true,"href":"https:\/\/stylingagenten.com\/sv\/wp-json\/wp\/v2\/product_brand?post=19236"},{"taxonomy":"product_cat","embeddable":true,"href":"https:\/\/stylingagenten.com\/sv\/wp-json\/wp\/v2\/product_cat?post=19236"},{"taxonomy":"product_tag","embeddable":true,"href":"https:\/\/stylingagenten.com\/sv\/wp-json\/wp\/v2\/product_tag?post=19236"},{"taxonomy":"berocket_brand","embeddable":true,"href":"https:\/\/stylingagenten.com\/sv\/wp-json\/wp\/v2\/berocket_brand?post=19236"}],"curies":[{"name":"wp","href":"https:\/\/api.w.org\/{rel}","templated":true}]}}