{"id":19234,"date":"2025-01-27T12:05:10","date_gmt":"2025-01-27T12:05:10","guid":{"rendered":"https:\/\/staging2.stylingagenten.com\/sv\/produkt\/malibu-dry-oil-spray-spf30-200ml\/"},"modified":"2026-04-12T08:28:23","modified_gmt":"2026-04-12T08:28:23","slug":"malibu-dry-oil-spray-spf30-200ml","status":"publish","type":"product","link":"https:\/\/stylingagenten.com\/sv\/produkt\/malibu-dry-oil-spray-spf30-200ml\/","title":{"rendered":"Malibu Dry Oil Spray SPF30 200ml"},"content":{"rendered":"<p>Malibu Dry Oil Spray SPF 50 ger h\u00f6gt skydd mot UVA- och UVB-str\u00e5lar. Det \u00e4r en fotostabil olja som kliniskt har visat sig vara sn\u00e4ll mot de flesta hudtyper. Vidare \u00e4r det vitaminberikat, vattent\u00e5lig, torr i strukturen och l\u00e4tt att applicera \u00f6ver hela kroppen.<\/p>\n","protected":false},"excerpt":{"rendered":"<p>Malibu Dry Oil Spray SPF 50 ger h\u00f6gt skydd mot UVA- och UVB-str\u00e5lar. Det \u00e4r en fotostabil olja som kliniskt har visat sig vara sn\u00e4ll mot de flesta hudtyper. Vidare \u00e4r det vitaminberikat, vattent\u00e5lig, torr i strukturen och l\u00e4tt att applicera \u00f6ver hela kroppen.<\/p>\n","protected":false},"featured_media":19233,"comment_status":"open","ping_status":"closed","template":"","meta":{"_trash_the_other_posts":false},"product_brand":[],"product_cat":[573],"product_tag":[3470],"berocket_brand":[1241],"class_list":{"0":"post-19234","1":"product","2":"type-product","3":"status-publish","4":"has-post-thumbnail","6":"product_cat-solskydd","7":"product_tag-malibu-dry-oil-spray-spf30","8":"pa_brand-malibu","9":"pa_variant-200ml","10":"berocket_brand-malibu","12":"first","13":"instock","14":"sale","15":"taxable","16":"shipping-taxable","17":"purchasable","18":"product-type-simple"},"_links":{"self":[{"href":"https:\/\/stylingagenten.com\/sv\/wp-json\/wp\/v2\/product\/19234","targetHints":{"allow":["GET"]}}],"collection":[{"href":"https:\/\/stylingagenten.com\/sv\/wp-json\/wp\/v2\/product"}],"about":[{"href":"https:\/\/stylingagenten.com\/sv\/wp-json\/wp\/v2\/types\/product"}],"replies":[{"embeddable":true,"href":"https:\/\/stylingagenten.com\/sv\/wp-json\/wp\/v2\/comments?post=19234"}],"version-history":[{"count":0,"href":"https:\/\/stylingagenten.com\/sv\/wp-json\/wp\/v2\/product\/19234\/revisions"}],"wp:featuredmedia":[{"embeddable":true,"href":"https:\/\/stylingagenten.com\/sv\/wp-json\/wp\/v2\/media\/19233"}],"wp:attachment":[{"href":"https:\/\/stylingagenten.com\/sv\/wp-json\/wp\/v2\/media?parent=19234"}],"wp:term":[{"taxonomy":"product_brand","embeddable":true,"href":"https:\/\/stylingagenten.com\/sv\/wp-json\/wp\/v2\/product_brand?post=19234"},{"taxonomy":"product_cat","embeddable":true,"href":"https:\/\/stylingagenten.com\/sv\/wp-json\/wp\/v2\/product_cat?post=19234"},{"taxonomy":"product_tag","embeddable":true,"href":"https:\/\/stylingagenten.com\/sv\/wp-json\/wp\/v2\/product_tag?post=19234"},{"taxonomy":"berocket_brand","embeddable":true,"href":"https:\/\/stylingagenten.com\/sv\/wp-json\/wp\/v2\/berocket_brand?post=19234"}],"curies":[{"name":"wp","href":"https:\/\/api.w.org\/{rel}","templated":true}]}}