{"id":19218,"date":"2025-01-27T12:05:04","date_gmt":"2025-01-27T12:05:04","guid":{"rendered":"https:\/\/staging2.stylingagenten.com\/sv\/produkt\/malibu-clear-hair-and-scalp-protector-spf-30-50ml\/"},"modified":"2026-03-21T20:47:36","modified_gmt":"2026-03-21T20:47:36","slug":"malibu-clear-hair-and-scalp-protector-spf-30-50ml","status":"publish","type":"product","link":"https:\/\/stylingagenten.com\/sv\/produkt\/malibu-clear-hair-and-scalp-protector-spf-30-50ml\/","title":{"rendered":"Malibu Clear Hair and Scalp Protector SPF 30 50ml"},"content":{"rendered":"<p>Gl\u00f6m inte att skydda din h\u00e5rbotten fr\u00e5n UV-str\u00e5lar! Malibu h\u00e5rbottenskydd med SPF 30 skyddar huden under ditt h\u00e5r, komplett med en icke-fet, vitaminberikad formel som inte p\u00e5verkar frisyren.<br \/>Anv\u00e4ndning:<br \/>Applicera 30 minuter f\u00f6re solexponering<br \/>Se till att all exponerad hud \u00e4r j\u00e4mnt och gener\u00f6st t\u00e4ckt<br \/>Applicera igen efter bad<\/p>\n","protected":false},"excerpt":{"rendered":"<p>Gl\u00f6m inte att skydda din h\u00e5rbotten fr\u00e5n UV-str\u00e5lar! Malibu h\u00e5rbottenskydd med SPF 30 skyddar huden under ditt h\u00e5r, komplett med en icke-fet, vitaminberikad formel som inte p\u00e5verkar frisyren.Anv\u00e4ndning:Applicera 30 minuter f\u00f6re solexponeringSe till att all exponerad hud \u00e4r j\u00e4mnt och gener\u00f6st t\u00e4cktApplicera igen efter bad<\/p>\n","protected":false},"featured_media":19216,"comment_status":"open","ping_status":"closed","template":"","meta":{"_trash_the_other_posts":false},"product_brand":[],"product_cat":[573],"product_tag":[],"berocket_brand":[1241],"class_list":{"0":"post-19218","1":"product","2":"type-product","3":"status-publish","4":"has-post-thumbnail","6":"product_cat-solskydd","7":"pa_brand-malibu","8":"berocket_brand-malibu","10":"first","11":"instock","12":"sale","13":"taxable","14":"shipping-taxable","15":"purchasable","16":"product-type-simple"},"_links":{"self":[{"href":"https:\/\/stylingagenten.com\/sv\/wp-json\/wp\/v2\/product\/19218","targetHints":{"allow":["GET"]}}],"collection":[{"href":"https:\/\/stylingagenten.com\/sv\/wp-json\/wp\/v2\/product"}],"about":[{"href":"https:\/\/stylingagenten.com\/sv\/wp-json\/wp\/v2\/types\/product"}],"replies":[{"embeddable":true,"href":"https:\/\/stylingagenten.com\/sv\/wp-json\/wp\/v2\/comments?post=19218"}],"version-history":[{"count":0,"href":"https:\/\/stylingagenten.com\/sv\/wp-json\/wp\/v2\/product\/19218\/revisions"}],"wp:featuredmedia":[{"embeddable":true,"href":"https:\/\/stylingagenten.com\/sv\/wp-json\/wp\/v2\/media\/19216"}],"wp:attachment":[{"href":"https:\/\/stylingagenten.com\/sv\/wp-json\/wp\/v2\/media?parent=19218"}],"wp:term":[{"taxonomy":"product_brand","embeddable":true,"href":"https:\/\/stylingagenten.com\/sv\/wp-json\/wp\/v2\/product_brand?post=19218"},{"taxonomy":"product_cat","embeddable":true,"href":"https:\/\/stylingagenten.com\/sv\/wp-json\/wp\/v2\/product_cat?post=19218"},{"taxonomy":"product_tag","embeddable":true,"href":"https:\/\/stylingagenten.com\/sv\/wp-json\/wp\/v2\/product_tag?post=19218"},{"taxonomy":"berocket_brand","embeddable":true,"href":"https:\/\/stylingagenten.com\/sv\/wp-json\/wp\/v2\/berocket_brand?post=19218"}],"curies":[{"name":"wp","href":"https:\/\/api.w.org\/{rel}","templated":true}]}}