{"id":19193,"date":"2025-01-27T12:04:53","date_gmt":"2025-01-27T12:04:53","guid":{"rendered":"https:\/\/staging2.stylingagenten.com\/sv\/produkt\/gift-set-beauty-uk-contour-chubby-stick\/"},"modified":"2026-04-13T13:17:23","modified_gmt":"2026-04-13T13:17:23","slug":"gift-set-beauty-uk-contour-chubby-stick","status":"publish","type":"product","link":"https:\/\/stylingagenten.com\/sv\/produkt\/gift-set-beauty-uk-contour-chubby-stick\/","title":{"rendered":"Gift Set Beauty UK Contour Chubby Stick"},"content":{"rendered":"<p>Beauty UK Contour Chubby Stick \u00e4r contour sticks som b\u00e5de \u00e4r l\u00e4tta att anv\u00e4nda och dess kr\u00e4miga formula ger ett felfritt resultat. I detta kit f\u00e5r du hela fyra olika contour sticks i f\u00e4rgerna Medium Contour, Dark Contour, Beige Highlight och Shimmer Highlight.<\/p>\n<p>Inneh\u00e5ll: 4x6g<\/p>\n","protected":false},"excerpt":{"rendered":"<p>Beauty UK Contour Chubby Stick \u00e4r contour sticks som b\u00e5de \u00e4r l\u00e4tta att anv\u00e4nda och dess kr\u00e4miga formula ger ett felfritt resultat. I detta kit f\u00e5r du hela fyra olika contour sticks i f\u00e4rgerna Medium Contour, Dark Contour, Beige Highlight och Shimmer Highlight. Inneh\u00e5ll: 4x6g<\/p>\n","protected":false},"featured_media":19190,"comment_status":"open","ping_status":"closed","template":"","meta":{"_trash_the_other_posts":false},"product_brand":[],"product_cat":[639],"product_tag":[],"berocket_brand":[1059],"class_list":{"0":"post-19193","1":"product","2":"type-product","3":"status-publish","4":"has-post-thumbnail","6":"product_cat-contour","7":"pa_brand-beautyuk","8":"berocket_brand-beautyuk","10":"first","11":"instock","12":"sale","13":"taxable","14":"shipping-taxable","15":"purchasable","16":"product-type-simple"},"_links":{"self":[{"href":"https:\/\/stylingagenten.com\/sv\/wp-json\/wp\/v2\/product\/19193","targetHints":{"allow":["GET"]}}],"collection":[{"href":"https:\/\/stylingagenten.com\/sv\/wp-json\/wp\/v2\/product"}],"about":[{"href":"https:\/\/stylingagenten.com\/sv\/wp-json\/wp\/v2\/types\/product"}],"replies":[{"embeddable":true,"href":"https:\/\/stylingagenten.com\/sv\/wp-json\/wp\/v2\/comments?post=19193"}],"version-history":[{"count":0,"href":"https:\/\/stylingagenten.com\/sv\/wp-json\/wp\/v2\/product\/19193\/revisions"}],"wp:featuredmedia":[{"embeddable":true,"href":"https:\/\/stylingagenten.com\/sv\/wp-json\/wp\/v2\/media\/19190"}],"wp:attachment":[{"href":"https:\/\/stylingagenten.com\/sv\/wp-json\/wp\/v2\/media?parent=19193"}],"wp:term":[{"taxonomy":"product_brand","embeddable":true,"href":"https:\/\/stylingagenten.com\/sv\/wp-json\/wp\/v2\/product_brand?post=19193"},{"taxonomy":"product_cat","embeddable":true,"href":"https:\/\/stylingagenten.com\/sv\/wp-json\/wp\/v2\/product_cat?post=19193"},{"taxonomy":"product_tag","embeddable":true,"href":"https:\/\/stylingagenten.com\/sv\/wp-json\/wp\/v2\/product_tag?post=19193"},{"taxonomy":"berocket_brand","embeddable":true,"href":"https:\/\/stylingagenten.com\/sv\/wp-json\/wp\/v2\/berocket_brand?post=19193"}],"curies":[{"name":"wp","href":"https:\/\/api.w.org\/{rel}","templated":true}]}}