{"id":19113,"date":"2025-01-27T12:04:23","date_gmt":"2025-01-27T12:04:23","guid":{"rendered":"https:\/\/staging2.stylingagenten.com\/sv\/produkt\/samba-vibe-woman-edt-100ml\/"},"modified":"2026-03-27T08:18:55","modified_gmt":"2026-03-27T08:18:55","slug":"samba-vibe-woman-edt-100ml","status":"publish","type":"product","link":"https:\/\/stylingagenten.com\/sv\/produkt\/samba-vibe-woman-edt-100ml\/","title":{"rendered":"Samba Vibe Woman Edt 100ml"},"content":{"rendered":"<p>Samba Vibe Woman vibrerar med en fr\u00e4sch, uppiggande och starkt feminin lockelse. Doften \u00f6ppnar med en explosion av s\u00f6t saftig persikovelout\u00e9, en citrusfruktig splash av ljuvlig citron och kr\u00e4mig kokos fullbordar den fantastiska toppnoten. Viben forts\u00e4tter i den blommiga hj\u00e4rtnoten, komponerad av jasminblad, cyklamen och fr\u00e4sch bambu. Sensuell och uppfriskande, basen av rik svart amber, cedertr\u00e4 och mysk blandas och l\u00e4mnar ett of\u00f6rgl\u00f6mligt intryck.<br id=\"isPasted\"><br \/>Toppnoter: Citron, Jasminblad, Mysk<br \/>Hj\u00e4rtnoter: Kokosn\u00f6t, Daggig cyklamen, Cedertr\u00e4<br \/>Basnoter: Persikovelout\u00e9, Bambu, Svart amber.<\/p>\n","protected":false},"excerpt":{"rendered":"<p>Samba Vibe Woman vibrerar med en fr\u00e4sch, uppiggande och starkt feminin lockelse. Doften \u00f6ppnar med en explosion av s\u00f6t saftig persikovelout\u00e9, en citrusfruktig splash av ljuvlig citron och kr\u00e4mig kokos fullbordar den fantastiska toppnoten. Viben forts\u00e4tter i den blommiga hj\u00e4rtnoten, komponerad av jasminblad, cyklamen och fr\u00e4sch bambu. Sensuell och uppfriskande, basen av rik svart amber, [&hellip;]<\/p>\n","protected":false},"featured_media":19104,"comment_status":"open","ping_status":"closed","template":"","meta":{"_trash_the_other_posts":false},"product_brand":[],"product_cat":[707,735,999],"product_tag":[],"berocket_brand":[1381],"class_list":{"0":"post-19113","1":"product","2":"type-product","3":"status-publish","4":"has-post-thumbnail","6":"product_cat-eau-de-toilette-dam","7":"product_cat-kampanj","8":"product_cat-kampanj-for-henne","9":"pa_brand-samba","10":"berocket_brand-samba","12":"first","13":"instock","14":"sale","15":"taxable","16":"shipping-taxable","17":"purchasable","18":"product-type-simple"},"_links":{"self":[{"href":"https:\/\/stylingagenten.com\/sv\/wp-json\/wp\/v2\/product\/19113","targetHints":{"allow":["GET"]}}],"collection":[{"href":"https:\/\/stylingagenten.com\/sv\/wp-json\/wp\/v2\/product"}],"about":[{"href":"https:\/\/stylingagenten.com\/sv\/wp-json\/wp\/v2\/types\/product"}],"replies":[{"embeddable":true,"href":"https:\/\/stylingagenten.com\/sv\/wp-json\/wp\/v2\/comments?post=19113"}],"version-history":[{"count":0,"href":"https:\/\/stylingagenten.com\/sv\/wp-json\/wp\/v2\/product\/19113\/revisions"}],"wp:featuredmedia":[{"embeddable":true,"href":"https:\/\/stylingagenten.com\/sv\/wp-json\/wp\/v2\/media\/19104"}],"wp:attachment":[{"href":"https:\/\/stylingagenten.com\/sv\/wp-json\/wp\/v2\/media?parent=19113"}],"wp:term":[{"taxonomy":"product_brand","embeddable":true,"href":"https:\/\/stylingagenten.com\/sv\/wp-json\/wp\/v2\/product_brand?post=19113"},{"taxonomy":"product_cat","embeddable":true,"href":"https:\/\/stylingagenten.com\/sv\/wp-json\/wp\/v2\/product_cat?post=19113"},{"taxonomy":"product_tag","embeddable":true,"href":"https:\/\/stylingagenten.com\/sv\/wp-json\/wp\/v2\/product_tag?post=19113"},{"taxonomy":"berocket_brand","embeddable":true,"href":"https:\/\/stylingagenten.com\/sv\/wp-json\/wp\/v2\/berocket_brand?post=19113"}],"curies":[{"name":"wp","href":"https:\/\/api.w.org\/{rel}","templated":true}]}}