{"id":19098,"date":"2025-01-27T12:04:18","date_gmt":"2025-01-27T12:04:18","guid":{"rendered":"https:\/\/staging2.stylingagenten.com\/sv\/produkt\/kokie-soft-gradient-blush-sweetheart\/"},"modified":"2026-01-07T18:36:24","modified_gmt":"2026-01-07T18:36:24","slug":"kokie-soft-gradient-blush-sweetheart","status":"publish","type":"product","link":"https:\/\/stylingagenten.com\/sv\/produkt\/kokie-soft-gradient-blush-sweetheart\/","title":{"rendered":"Kokie Soft Gradient Blush &#8211; Sweetheart"},"content":{"rendered":"<p>Var och en av Kokies Soft Gradient Blushes har en ombreeffekt av f\u00e4rger som sm\u00e4lter samman f\u00f6r en perfekt smickrande finish. Den pigmenterade formulan \u00e4r byggbar s\u00e5 att du kan uppn\u00e5 allt fr\u00e5n en mjuk rodnad till en markerad rouge.<\/p>\n<p>Finmalet, lyxig och mjuk konsistens<br \/>Str\u00e5lande svala och varmtonade rouge<br \/>Finns i matt och skimrande finish<\/p>\n","protected":false},"excerpt":{"rendered":"<p>Var och en av Kokies Soft Gradient Blushes har en ombreeffekt av f\u00e4rger som sm\u00e4lter samman f\u00f6r en perfekt smickrande finish. Den pigmenterade formulan \u00e4r byggbar s\u00e5 att du kan uppn\u00e5 allt fr\u00e5n en mjuk rodnad till en markerad rouge. Finmalet, lyxig och mjuk konsistensStr\u00e5lande svala och varmtonade rougeFinns i matt och skimrande finish<\/p>\n","protected":false},"featured_media":19092,"comment_status":"open","ping_status":"closed","template":"","meta":{"_trash_the_other_posts":false},"product_brand":[],"product_cat":[613],"product_tag":[3256],"berocket_brand":[1198],"class_list":{"0":"post-19098","1":"product","2":"type-product","3":"status-publish","4":"has-post-thumbnail","6":"product_cat-rouge","7":"product_tag-kokie-soft-gradient-blush","8":"pa_brand-kokie-cosmetics","9":"pa_variant-sweetheart","10":"berocket_brand-kokie-cosmetics","12":"first","13":"instock","14":"taxable","15":"shipping-taxable","16":"purchasable","17":"product-type-simple"},"_links":{"self":[{"href":"https:\/\/stylingagenten.com\/sv\/wp-json\/wp\/v2\/product\/19098","targetHints":{"allow":["GET"]}}],"collection":[{"href":"https:\/\/stylingagenten.com\/sv\/wp-json\/wp\/v2\/product"}],"about":[{"href":"https:\/\/stylingagenten.com\/sv\/wp-json\/wp\/v2\/types\/product"}],"replies":[{"embeddable":true,"href":"https:\/\/stylingagenten.com\/sv\/wp-json\/wp\/v2\/comments?post=19098"}],"version-history":[{"count":0,"href":"https:\/\/stylingagenten.com\/sv\/wp-json\/wp\/v2\/product\/19098\/revisions"}],"wp:featuredmedia":[{"embeddable":true,"href":"https:\/\/stylingagenten.com\/sv\/wp-json\/wp\/v2\/media\/19092"}],"wp:attachment":[{"href":"https:\/\/stylingagenten.com\/sv\/wp-json\/wp\/v2\/media?parent=19098"}],"wp:term":[{"taxonomy":"product_brand","embeddable":true,"href":"https:\/\/stylingagenten.com\/sv\/wp-json\/wp\/v2\/product_brand?post=19098"},{"taxonomy":"product_cat","embeddable":true,"href":"https:\/\/stylingagenten.com\/sv\/wp-json\/wp\/v2\/product_cat?post=19098"},{"taxonomy":"product_tag","embeddable":true,"href":"https:\/\/stylingagenten.com\/sv\/wp-json\/wp\/v2\/product_tag?post=19098"},{"taxonomy":"berocket_brand","embeddable":true,"href":"https:\/\/stylingagenten.com\/sv\/wp-json\/wp\/v2\/berocket_brand?post=19098"}],"curies":[{"name":"wp","href":"https:\/\/api.w.org\/{rel}","templated":true}]}}