{"id":19079,"date":"2025-01-27T12:04:11","date_gmt":"2025-01-27T12:04:11","guid":{"rendered":"https:\/\/staging2.stylingagenten.com\/sv\/produkt\/samba-sweet-memories-body-mist-236ml\/"},"modified":"2026-03-11T21:49:19","modified_gmt":"2026-03-11T21:49:19","slug":"samba-sweet-memories-body-mist-236ml","status":"publish","type":"product","link":"https:\/\/stylingagenten.com\/sv\/produkt\/samba-sweet-memories-body-mist-236ml\/","title":{"rendered":"Samba Sweet Memories Body Mist 236ml"},"content":{"rendered":"<p>Sweet Memories \u00e4r en fruktig, gourmand-doft som \u00f6ppnar med toppnoter av apelsin, mandarin och vilda b\u00e4r. Detta \u00f6verg\u00e5r till vackra hj\u00e4rtnoter med friskt kokosn\u00f6tsvatten och fresia, basen best\u00e5r av vanilj, vit amber och s\u00f6tt karamelliserat socker.<\/p>\n<p>Toppnoter: Vilda b\u00e4r, Apelsin, Mandarin<br \/>Hj\u00e4rtnoter: Kokosn\u00f6tsvatten, Fresia<br \/>Basnoter: Vit Amber, Karamelliserat Socker, Vanilj<\/p>\n","protected":false},"excerpt":{"rendered":"<p>Sweet Memories \u00e4r en fruktig, gourmand-doft som \u00f6ppnar med toppnoter av apelsin, mandarin och vilda b\u00e4r. Detta \u00f6verg\u00e5r till vackra hj\u00e4rtnoter med friskt kokosn\u00f6tsvatten och fresia, basen best\u00e5r av vanilj, vit amber och s\u00f6tt karamelliserat socker. Toppnoter: Vilda b\u00e4r, Apelsin, MandarinHj\u00e4rtnoter: Kokosn\u00f6tsvatten, FresiaBasnoter: Vit Amber, Karamelliserat Socker, Vanilj<\/p>\n","protected":false},"featured_media":19077,"comment_status":"open","ping_status":"closed","template":"","meta":{"_trash_the_other_posts":false},"product_brand":[],"product_cat":[585,735,999],"product_tag":[],"berocket_brand":[1381],"class_list":{"0":"post-19079","1":"product","2":"type-product","3":"status-publish","4":"has-post-thumbnail","6":"product_cat-bodymist-dam","7":"product_cat-kampanj","8":"product_cat-kampanj-for-henne","9":"pa_brand-samba","10":"berocket_brand-samba","12":"first","13":"instock","14":"sale","15":"taxable","16":"shipping-taxable","17":"purchasable","18":"product-type-simple"},"_links":{"self":[{"href":"https:\/\/stylingagenten.com\/sv\/wp-json\/wp\/v2\/product\/19079","targetHints":{"allow":["GET"]}}],"collection":[{"href":"https:\/\/stylingagenten.com\/sv\/wp-json\/wp\/v2\/product"}],"about":[{"href":"https:\/\/stylingagenten.com\/sv\/wp-json\/wp\/v2\/types\/product"}],"replies":[{"embeddable":true,"href":"https:\/\/stylingagenten.com\/sv\/wp-json\/wp\/v2\/comments?post=19079"}],"version-history":[{"count":0,"href":"https:\/\/stylingagenten.com\/sv\/wp-json\/wp\/v2\/product\/19079\/revisions"}],"wp:featuredmedia":[{"embeddable":true,"href":"https:\/\/stylingagenten.com\/sv\/wp-json\/wp\/v2\/media\/19077"}],"wp:attachment":[{"href":"https:\/\/stylingagenten.com\/sv\/wp-json\/wp\/v2\/media?parent=19079"}],"wp:term":[{"taxonomy":"product_brand","embeddable":true,"href":"https:\/\/stylingagenten.com\/sv\/wp-json\/wp\/v2\/product_brand?post=19079"},{"taxonomy":"product_cat","embeddable":true,"href":"https:\/\/stylingagenten.com\/sv\/wp-json\/wp\/v2\/product_cat?post=19079"},{"taxonomy":"product_tag","embeddable":true,"href":"https:\/\/stylingagenten.com\/sv\/wp-json\/wp\/v2\/product_tag?post=19079"},{"taxonomy":"berocket_brand","embeddable":true,"href":"https:\/\/stylingagenten.com\/sv\/wp-json\/wp\/v2\/berocket_brand?post=19079"}],"curies":[{"name":"wp","href":"https:\/\/api.w.org\/{rel}","templated":true}]}}