{"id":19074,"date":"2025-01-27T12:04:08","date_gmt":"2025-01-27T12:04:08","guid":{"rendered":"https:\/\/staging2.stylingagenten.com\/sv\/produkt\/samba-coco-love-body-mist-236ml\/"},"modified":"2026-03-24T11:51:23","modified_gmt":"2026-03-24T11:51:23","slug":"samba-coco-love-body-mist-236ml","status":"publish","type":"product","link":"https:\/\/stylingagenten.com\/sv\/produkt\/samba-coco-love-body-mist-236ml\/","title":{"rendered":"Samba Coco Love Body Mist 236ml"},"content":{"rendered":"<p>Coco Love \u00e4r en fruktig, blommig doft med en toppnot av kokosn\u00f6tsvatten. I hj\u00e4rtnoterna finns monoi och davana, och basnoterna avslutas med rik vaniljst\u00e5ng och tonkab\u00f6na.<\/p>\n<p>Toppnoter: Kokosn\u00f6tsvatten<br \/>Hj\u00e4rtnoter: Monoi, Davana<br \/>Basnoter: Vaniljst\u00e5ng, Tonkab\u00f6na<\/p>\n","protected":false},"excerpt":{"rendered":"<p>Coco Love \u00e4r en fruktig, blommig doft med en toppnot av kokosn\u00f6tsvatten. I hj\u00e4rtnoterna finns monoi och davana, och basnoterna avslutas med rik vaniljst\u00e5ng och tonkab\u00f6na. Toppnoter: Kokosn\u00f6tsvattenHj\u00e4rtnoter: Monoi, DavanaBasnoter: Vaniljst\u00e5ng, Tonkab\u00f6na<\/p>\n","protected":false},"featured_media":19070,"comment_status":"open","ping_status":"closed","template":"","meta":{"_trash_the_other_posts":false},"product_brand":[],"product_cat":[585,735,999],"product_tag":[],"berocket_brand":[1381],"class_list":{"0":"post-19074","1":"product","2":"type-product","3":"status-publish","4":"has-post-thumbnail","6":"product_cat-bodymist-dam","7":"product_cat-kampanj","8":"product_cat-kampanj-for-henne","9":"pa_brand-samba","10":"berocket_brand-samba","12":"first","13":"instock","14":"sale","15":"taxable","16":"shipping-taxable","17":"purchasable","18":"product-type-simple"},"_links":{"self":[{"href":"https:\/\/stylingagenten.com\/sv\/wp-json\/wp\/v2\/product\/19074","targetHints":{"allow":["GET"]}}],"collection":[{"href":"https:\/\/stylingagenten.com\/sv\/wp-json\/wp\/v2\/product"}],"about":[{"href":"https:\/\/stylingagenten.com\/sv\/wp-json\/wp\/v2\/types\/product"}],"replies":[{"embeddable":true,"href":"https:\/\/stylingagenten.com\/sv\/wp-json\/wp\/v2\/comments?post=19074"}],"version-history":[{"count":0,"href":"https:\/\/stylingagenten.com\/sv\/wp-json\/wp\/v2\/product\/19074\/revisions"}],"wp:featuredmedia":[{"embeddable":true,"href":"https:\/\/stylingagenten.com\/sv\/wp-json\/wp\/v2\/media\/19070"}],"wp:attachment":[{"href":"https:\/\/stylingagenten.com\/sv\/wp-json\/wp\/v2\/media?parent=19074"}],"wp:term":[{"taxonomy":"product_brand","embeddable":true,"href":"https:\/\/stylingagenten.com\/sv\/wp-json\/wp\/v2\/product_brand?post=19074"},{"taxonomy":"product_cat","embeddable":true,"href":"https:\/\/stylingagenten.com\/sv\/wp-json\/wp\/v2\/product_cat?post=19074"},{"taxonomy":"product_tag","embeddable":true,"href":"https:\/\/stylingagenten.com\/sv\/wp-json\/wp\/v2\/product_tag?post=19074"},{"taxonomy":"berocket_brand","embeddable":true,"href":"https:\/\/stylingagenten.com\/sv\/wp-json\/wp\/v2\/berocket_brand?post=19074"}],"curies":[{"name":"wp","href":"https:\/\/api.w.org\/{rel}","templated":true}]}}