{"id":19059,"date":"2025-01-27T12:04:02","date_gmt":"2025-01-27T12:04:02","guid":{"rendered":"https:\/\/staging2.stylingagenten.com\/sv\/produkt\/samba-ladies-edt-100ml\/"},"modified":"2026-04-13T19:27:24","modified_gmt":"2026-04-13T19:27:24","slug":"samba-ladies-edt-100ml","status":"publish","type":"product","link":"https:\/\/stylingagenten.com\/sv\/produkt\/samba-ladies-edt-100ml\/","title":{"rendered":"Samba Ladies Edt 100ml"},"content":{"rendered":"<p>SAMBA Ladies<br \/>Parfymen SAMBA f\u00f6ds ur sj\u00e4lsv\u00e4ckande rytmer och f\u00e4rgsprakande f\u00e4rger fr\u00e5n Brasilien. Det \u00e4r en doft med m\u00e5nga lager som r\u00f6r sig och f\u00f6r\u00e4ndras i v\u00e5gor av njutning.<br \/>Det \u00e4r en flagrant flirt av naturens fr\u00e4scha fruktiga noter och sensuella blommor \u00f6ver en varm, sexig myskbas. SAMBAs toppnoter exploderar i en sp\u00e4nnande och livfull harmoni av citrusnoter. Hj\u00e4rtat av SAMBA har den blommiga rikedomen fr\u00e5n den brasilianska djungeln, f\u00f6rst\u00e4rkt med jasmin, ros och apelsinblommor. Dess grund sk\u00e4lver av varm, exotisk amber, mysk och myrra som dr\u00f6jer kvar l\u00e5ngt in p\u00e5 natten.<\/p>\n<p>Toppnoter: Persika, Svarta vinb\u00e4r, Citrus, Tagetes, Galbanum<br \/>Hj\u00e4rtnoter: Ros, Kryddnejlika, Magnolia, Viol, Liljekonvalj, Hyacint, Jasmin<br \/>Basnoter: Mysk, Myrra, Ekmossa, Viol, Sandeltr\u00e4, Patchouli<\/p>\n","protected":false},"excerpt":{"rendered":"<p>SAMBA LadiesParfymen SAMBA f\u00f6ds ur sj\u00e4lsv\u00e4ckande rytmer och f\u00e4rgsprakande f\u00e4rger fr\u00e5n Brasilien. Det \u00e4r en doft med m\u00e5nga lager som r\u00f6r sig och f\u00f6r\u00e4ndras i v\u00e5gor av njutning.Det \u00e4r en flagrant flirt av naturens fr\u00e4scha fruktiga noter och sensuella blommor \u00f6ver en varm, sexig myskbas. SAMBAs toppnoter exploderar i en sp\u00e4nnande och livfull harmoni av [&hellip;]<\/p>\n","protected":false},"featured_media":19054,"comment_status":"open","ping_status":"closed","template":"","meta":{"_trash_the_other_posts":false},"product_brand":[],"product_cat":[707,735,999],"product_tag":[],"berocket_brand":[1381],"class_list":{"0":"post-19059","1":"product","2":"type-product","3":"status-publish","4":"has-post-thumbnail","6":"product_cat-eau-de-toilette-dam","7":"product_cat-kampanj","8":"product_cat-kampanj-for-henne","9":"pa_brand-samba","10":"pa_modell-partheco","11":"berocket_brand-samba","13":"first","14":"instock","15":"sale","16":"taxable","17":"shipping-taxable","18":"purchasable","19":"product-type-simple"},"_links":{"self":[{"href":"https:\/\/stylingagenten.com\/sv\/wp-json\/wp\/v2\/product\/19059","targetHints":{"allow":["GET"]}}],"collection":[{"href":"https:\/\/stylingagenten.com\/sv\/wp-json\/wp\/v2\/product"}],"about":[{"href":"https:\/\/stylingagenten.com\/sv\/wp-json\/wp\/v2\/types\/product"}],"replies":[{"embeddable":true,"href":"https:\/\/stylingagenten.com\/sv\/wp-json\/wp\/v2\/comments?post=19059"}],"version-history":[{"count":0,"href":"https:\/\/stylingagenten.com\/sv\/wp-json\/wp\/v2\/product\/19059\/revisions"}],"wp:featuredmedia":[{"embeddable":true,"href":"https:\/\/stylingagenten.com\/sv\/wp-json\/wp\/v2\/media\/19054"}],"wp:attachment":[{"href":"https:\/\/stylingagenten.com\/sv\/wp-json\/wp\/v2\/media?parent=19059"}],"wp:term":[{"taxonomy":"product_brand","embeddable":true,"href":"https:\/\/stylingagenten.com\/sv\/wp-json\/wp\/v2\/product_brand?post=19059"},{"taxonomy":"product_cat","embeddable":true,"href":"https:\/\/stylingagenten.com\/sv\/wp-json\/wp\/v2\/product_cat?post=19059"},{"taxonomy":"product_tag","embeddable":true,"href":"https:\/\/stylingagenten.com\/sv\/wp-json\/wp\/v2\/product_tag?post=19059"},{"taxonomy":"berocket_brand","embeddable":true,"href":"https:\/\/stylingagenten.com\/sv\/wp-json\/wp\/v2\/berocket_brand?post=19059"}],"curies":[{"name":"wp","href":"https:\/\/api.w.org\/{rel}","templated":true}]}}