{"id":19050,"date":"2025-01-27T12:03:58","date_gmt":"2025-01-27T12:03:58","guid":{"rendered":"https:\/\/staging2.stylingagenten.com\/sv\/produkt\/zmile-cosmetics-gift-box-pop-art-circles\/"},"modified":"2026-03-09T08:07:32","modified_gmt":"2026-03-09T08:07:32","slug":"zmile-cosmetics-gift-box-pop-art-circles","status":"publish","type":"product","link":"https:\/\/stylingagenten.com\/sv\/produkt\/zmile-cosmetics-gift-box-pop-art-circles\/","title":{"rendered":"Zmile Cosmetics Gift Box Pop Art Circles"},"content":{"rendered":"<p>Zmile Cosmetics Gift Box Pop Art Circles<br \/>En liten l\u00e5da med vegansk kosmetika och alla viktigaste m\u00e5ste-ha-produkterna: Bakad \u00f6gonskugga i en unik f\u00e4rgkombination. Rosa l\u00e4ppglans f\u00f6r skimrande l\u00e4ppar. Svart mascara framh\u00e4ver fransarna skickligt.<br \/>V\u00e5rt tips: Applicera den fina, silkeslena \u00f6gonskuggan enkelt med fingret. Anv\u00e4nd en fuktad applikator f\u00f6r \u00e4nnu mer intensiv t\u00e4ckning.<\/p>\n<p>1 x \u00f6gonskugga<br \/>1 X l\u00e4ppglans<br \/>1 X Mascara (svart)<\/p>\n","protected":false},"excerpt":{"rendered":"<p>Zmile Cosmetics Gift Box Pop Art CirclesEn liten l\u00e5da med vegansk kosmetika och alla viktigaste m\u00e5ste-ha-produkterna: Bakad \u00f6gonskugga i en unik f\u00e4rgkombination. Rosa l\u00e4ppglans f\u00f6r skimrande l\u00e4ppar. Svart mascara framh\u00e4ver fransarna skickligt.V\u00e5rt tips: Applicera den fina, silkeslena \u00f6gonskuggan enkelt med fingret. Anv\u00e4nd en fuktad applikator f\u00f6r \u00e4nnu mer intensiv t\u00e4ckning. 1 x \u00f6gonskugga1 X l\u00e4ppglans1 [&hellip;]<\/p>\n","protected":false},"featured_media":19039,"comment_status":"open","ping_status":"closed","template":"","meta":{"_trash_the_other_posts":false},"product_brand":[],"product_cat":[664,637],"product_tag":[],"berocket_brand":[1179],"class_list":{"0":"post-19050","1":"product","2":"type-product","3":"status-publish","4":"has-post-thumbnail","6":"product_cat-giftset-smink","7":"product_cat-smink","8":"pa_brand-zmile-cosmetics","9":"berocket_brand-zmile-cosmetics","11":"first","12":"instock","13":"sale","14":"taxable","15":"shipping-taxable","16":"purchasable","17":"product-type-simple"},"_links":{"self":[{"href":"https:\/\/stylingagenten.com\/sv\/wp-json\/wp\/v2\/product\/19050","targetHints":{"allow":["GET"]}}],"collection":[{"href":"https:\/\/stylingagenten.com\/sv\/wp-json\/wp\/v2\/product"}],"about":[{"href":"https:\/\/stylingagenten.com\/sv\/wp-json\/wp\/v2\/types\/product"}],"replies":[{"embeddable":true,"href":"https:\/\/stylingagenten.com\/sv\/wp-json\/wp\/v2\/comments?post=19050"}],"version-history":[{"count":0,"href":"https:\/\/stylingagenten.com\/sv\/wp-json\/wp\/v2\/product\/19050\/revisions"}],"wp:featuredmedia":[{"embeddable":true,"href":"https:\/\/stylingagenten.com\/sv\/wp-json\/wp\/v2\/media\/19039"}],"wp:attachment":[{"href":"https:\/\/stylingagenten.com\/sv\/wp-json\/wp\/v2\/media?parent=19050"}],"wp:term":[{"taxonomy":"product_brand","embeddable":true,"href":"https:\/\/stylingagenten.com\/sv\/wp-json\/wp\/v2\/product_brand?post=19050"},{"taxonomy":"product_cat","embeddable":true,"href":"https:\/\/stylingagenten.com\/sv\/wp-json\/wp\/v2\/product_cat?post=19050"},{"taxonomy":"product_tag","embeddable":true,"href":"https:\/\/stylingagenten.com\/sv\/wp-json\/wp\/v2\/product_tag?post=19050"},{"taxonomy":"berocket_brand","embeddable":true,"href":"https:\/\/stylingagenten.com\/sv\/wp-json\/wp\/v2\/berocket_brand?post=19050"}],"curies":[{"name":"wp","href":"https:\/\/api.w.org\/{rel}","templated":true}]}}