{"id":19007,"date":"2025-01-27T12:03:45","date_gmt":"2025-01-27T12:03:45","guid":{"rendered":"https:\/\/staging2.stylingagenten.com\/sv\/produkt\/zmile-cosmetics-makeup-box-merry-berry-vegan\/"},"modified":"2026-03-21T10:47:24","modified_gmt":"2026-03-21T10:47:24","slug":"zmile-cosmetics-makeup-box-merry-berry-vegan","status":"publish","type":"product","link":"https:\/\/stylingagenten.com\/sv\/produkt\/zmile-cosmetics-makeup-box-merry-berry-vegan\/","title":{"rendered":"Zmile Cosmetics Makeup Box Merry Berry Vegan"},"content":{"rendered":"<p>Merry Berry &#8211; vegansk kosmetika<br \/>Med denna b\u00e4rf\u00e4rgade sminkbox kan du testa dig fram med olika f\u00e4rger och nyanser f\u00f6r att se vad som passar dig, eller utforska nya stilar.<\/p>\n<p>18 X \u00d6gonskugga<br \/>2 X Rouge<br \/>1 X Highlighter<br \/>2 X \u00d6gonbrynspuder<br \/>1 X \u00d6gonbrynsvax<br \/>3 X Nagellack<br \/>2 x L\u00e4ppglans<br \/>1 X Mascara<br \/>1 X Kajal<br \/>1 X Lip Liner<br \/>2 x dubbel applikator<br \/>1 X Mini Make-Up Blender<br \/>1 x dubbelsidig \u00f6gonbrynsborste<br \/>1 X Rougeborste<br \/>1 x Rund spegel<\/p>\n","protected":false},"excerpt":{"rendered":"<p>Merry Berry &#8211; vegansk kosmetikaMed denna b\u00e4rf\u00e4rgade sminkbox kan du testa dig fram med olika f\u00e4rger och nyanser f\u00f6r att se vad som passar dig, eller utforska nya stilar. 18 X \u00d6gonskugga2 X Rouge1 X Highlighter2 X \u00d6gonbrynspuder1 X \u00d6gonbrynsvax3 X Nagellack2 x L\u00e4ppglans1 X Mascara1 X Kajal1 X Lip Liner2 x dubbel applikator1 X [&hellip;]<\/p>\n","protected":false},"featured_media":18993,"comment_status":"open","ping_status":"closed","template":"","meta":{"_trash_the_other_posts":false},"product_brand":[],"product_cat":[664,581],"product_tag":[],"berocket_brand":[1179],"class_list":{"0":"post-19007","1":"product","2":"type-product","3":"status-publish","4":"has-post-thumbnail","6":"product_cat-giftset-smink","7":"product_cat-ogonskugga","8":"pa_brand-zmile-cosmetics","9":"berocket_brand-zmile-cosmetics","11":"first","12":"instock","13":"sale","14":"taxable","15":"shipping-taxable","16":"purchasable","17":"product-type-simple"},"_links":{"self":[{"href":"https:\/\/stylingagenten.com\/sv\/wp-json\/wp\/v2\/product\/19007","targetHints":{"allow":["GET"]}}],"collection":[{"href":"https:\/\/stylingagenten.com\/sv\/wp-json\/wp\/v2\/product"}],"about":[{"href":"https:\/\/stylingagenten.com\/sv\/wp-json\/wp\/v2\/types\/product"}],"replies":[{"embeddable":true,"href":"https:\/\/stylingagenten.com\/sv\/wp-json\/wp\/v2\/comments?post=19007"}],"version-history":[{"count":0,"href":"https:\/\/stylingagenten.com\/sv\/wp-json\/wp\/v2\/product\/19007\/revisions"}],"wp:featuredmedia":[{"embeddable":true,"href":"https:\/\/stylingagenten.com\/sv\/wp-json\/wp\/v2\/media\/18993"}],"wp:attachment":[{"href":"https:\/\/stylingagenten.com\/sv\/wp-json\/wp\/v2\/media?parent=19007"}],"wp:term":[{"taxonomy":"product_brand","embeddable":true,"href":"https:\/\/stylingagenten.com\/sv\/wp-json\/wp\/v2\/product_brand?post=19007"},{"taxonomy":"product_cat","embeddable":true,"href":"https:\/\/stylingagenten.com\/sv\/wp-json\/wp\/v2\/product_cat?post=19007"},{"taxonomy":"product_tag","embeddable":true,"href":"https:\/\/stylingagenten.com\/sv\/wp-json\/wp\/v2\/product_tag?post=19007"},{"taxonomy":"berocket_brand","embeddable":true,"href":"https:\/\/stylingagenten.com\/sv\/wp-json\/wp\/v2\/berocket_brand?post=19007"}],"curies":[{"name":"wp","href":"https:\/\/api.w.org\/{rel}","templated":true}]}}