{"id":18966,"date":"2025-01-27T12:03:32","date_gmt":"2025-01-27T12:03:32","guid":{"rendered":"https:\/\/staging2.stylingagenten.com\/sv\/produkt\/brave-new-hair-liquid-light-hair-oil-50ml\/"},"modified":"2026-03-11T22:05:13","modified_gmt":"2026-03-11T22:05:13","slug":"brave-new-hair-liquid-light-hair-oil-50ml","status":"publish","type":"product","link":"https:\/\/stylingagenten.com\/sv\/produkt\/brave-new-hair-liquid-light-hair-oil-50ml\/","title":{"rendered":"Brave. New. Hair. Liquid Light Hair Oil 50ml"},"content":{"rendered":"<p>Brave New Hair Liquid Light Hair Oil 50ml. L\u00e4ttviktigt 2-i-1 serum och olja berikad med aktiverade oljor f\u00f6r att ge n\u00e4ring och spegelblank glans. V\u00e5r rika kokosbaserade formula blandad med argan- och jojobaoljor g\u00f6r h\u00e5ret l\u00e4tt att reda ut, skyddar mot h\u00e5ravfall och l\u00e4mnar det mjukt och silkeslent. Passar alla h\u00e5rtyper. 0% Silikoner<br \/>Applicera n\u00e5gra droppar i h\u00e5ret fr\u00e5n mitten ner till topparna innan du torkar h\u00e5ret och anv\u00e4nd mer vid behov p\u00e5 torrt h\u00e5r innan styling. Sk\u00f6lj inte ur.<\/p>\n","protected":false},"excerpt":{"rendered":"<p>Brave New Hair Liquid Light Hair Oil 50ml. L\u00e4ttviktigt 2-i-1 serum och olja berikad med aktiverade oljor f\u00f6r att ge n\u00e4ring och spegelblank glans. V\u00e5r rika kokosbaserade formula blandad med argan- och jojobaoljor g\u00f6r h\u00e5ret l\u00e4tt att reda ut, skyddar mot h\u00e5ravfall och l\u00e4mnar det mjukt och silkeslent. Passar alla h\u00e5rtyper. 0% SilikonerApplicera n\u00e5gra droppar [&hellip;]<\/p>\n","protected":false},"featured_media":18957,"comment_status":"open","ping_status":"closed","template":"","meta":{"_trash_the_other_posts":false},"product_brand":[],"product_cat":[610],"product_tag":[],"berocket_brand":[1211],"class_list":{"0":"post-18966","1":"product","2":"type-product","3":"status-publish","4":"has-post-thumbnail","6":"product_cat-harolja","7":"pa_brand-brave-new-hair","8":"berocket_brand-brave-new-hair","10":"first","11":"instock","12":"taxable","13":"shipping-taxable","14":"purchasable","15":"product-type-simple"},"_links":{"self":[{"href":"https:\/\/stylingagenten.com\/sv\/wp-json\/wp\/v2\/product\/18966","targetHints":{"allow":["GET"]}}],"collection":[{"href":"https:\/\/stylingagenten.com\/sv\/wp-json\/wp\/v2\/product"}],"about":[{"href":"https:\/\/stylingagenten.com\/sv\/wp-json\/wp\/v2\/types\/product"}],"replies":[{"embeddable":true,"href":"https:\/\/stylingagenten.com\/sv\/wp-json\/wp\/v2\/comments?post=18966"}],"version-history":[{"count":0,"href":"https:\/\/stylingagenten.com\/sv\/wp-json\/wp\/v2\/product\/18966\/revisions"}],"wp:featuredmedia":[{"embeddable":true,"href":"https:\/\/stylingagenten.com\/sv\/wp-json\/wp\/v2\/media\/18957"}],"wp:attachment":[{"href":"https:\/\/stylingagenten.com\/sv\/wp-json\/wp\/v2\/media?parent=18966"}],"wp:term":[{"taxonomy":"product_brand","embeddable":true,"href":"https:\/\/stylingagenten.com\/sv\/wp-json\/wp\/v2\/product_brand?post=18966"},{"taxonomy":"product_cat","embeddable":true,"href":"https:\/\/stylingagenten.com\/sv\/wp-json\/wp\/v2\/product_cat?post=18966"},{"taxonomy":"product_tag","embeddable":true,"href":"https:\/\/stylingagenten.com\/sv\/wp-json\/wp\/v2\/product_tag?post=18966"},{"taxonomy":"berocket_brand","embeddable":true,"href":"https:\/\/stylingagenten.com\/sv\/wp-json\/wp\/v2\/berocket_brand?post=18966"}],"curies":[{"name":"wp","href":"https:\/\/api.w.org\/{rel}","templated":true}]}}