{"id":18949,"date":"2025-01-27T12:03:26","date_gmt":"2025-01-27T12:03:26","guid":{"rendered":"https:\/\/staging2.stylingagenten.com\/sv\/produkt\/zmile-cosmetics-brush-set-your-utensilo-brushes-6pcs\/"},"modified":"2026-02-16T08:51:54","modified_gmt":"2026-02-16T08:51:54","slug":"zmile-cosmetics-brush-set-your-utensilo-brushes-6pcs","status":"publish","type":"product","link":"https:\/\/stylingagenten.com\/sv\/produkt\/zmile-cosmetics-brush-set-your-utensilo-brushes-6pcs\/","title":{"rendered":"Zmile Cosmetics Brush Set Your Utensilo Brushes 6pcs"},"content":{"rendered":"<p>Your Utensilo &#8217;Brushes<br \/>Veganska sminkborstar med sammetsmjukt syntetiskt h\u00e5r! En himmelsk k\u00e4nsla som m\u00f6jligg\u00f6r j\u00e4mn applicering och s\u00f6ml\u00f6s blandning. Tr\u00e4handtag med matt finish. Den praktiska Utensilo-l\u00e5dan erbjuder ocks\u00e5 gott om plats f\u00f6r dina kosmetiska verktyg! <br \/>Inneh\u00e5ll: Powder Brush Round Shape, Angled Contour Brush, Spoolie, Eyeshadow Brush, Eye Smudge Brush, Angled Eyebrow Brush.<\/p>\n","protected":false},"excerpt":{"rendered":"<p>Your Utensilo &#8217;BrushesVeganska sminkborstar med sammetsmjukt syntetiskt h\u00e5r! En himmelsk k\u00e4nsla som m\u00f6jligg\u00f6r j\u00e4mn applicering och s\u00f6ml\u00f6s blandning. Tr\u00e4handtag med matt finish. Den praktiska Utensilo-l\u00e5dan erbjuder ocks\u00e5 gott om plats f\u00f6r dina kosmetiska verktyg! Inneh\u00e5ll: Powder Brush Round Shape, Angled Contour Brush, Spoolie, Eyeshadow Brush, Eye Smudge Brush, Angled Eyebrow Brush.<\/p>\n","protected":false},"featured_media":18942,"comment_status":"open","ping_status":"closed","template":"","meta":{"_trash_the_other_posts":false},"product_brand":[],"product_cat":[570],"product_tag":[],"berocket_brand":[1179],"class_list":{"0":"post-18949","1":"product","2":"type-product","3":"status-publish","4":"has-post-thumbnail","6":"product_cat-sminkborstar","7":"pa_brand-zmile-cosmetics","8":"berocket_brand-zmile-cosmetics","10":"first","11":"instock","12":"sale","13":"taxable","14":"shipping-taxable","15":"purchasable","16":"product-type-simple"},"_links":{"self":[{"href":"https:\/\/stylingagenten.com\/sv\/wp-json\/wp\/v2\/product\/18949","targetHints":{"allow":["GET"]}}],"collection":[{"href":"https:\/\/stylingagenten.com\/sv\/wp-json\/wp\/v2\/product"}],"about":[{"href":"https:\/\/stylingagenten.com\/sv\/wp-json\/wp\/v2\/types\/product"}],"replies":[{"embeddable":true,"href":"https:\/\/stylingagenten.com\/sv\/wp-json\/wp\/v2\/comments?post=18949"}],"version-history":[{"count":0,"href":"https:\/\/stylingagenten.com\/sv\/wp-json\/wp\/v2\/product\/18949\/revisions"}],"wp:featuredmedia":[{"embeddable":true,"href":"https:\/\/stylingagenten.com\/sv\/wp-json\/wp\/v2\/media\/18942"}],"wp:attachment":[{"href":"https:\/\/stylingagenten.com\/sv\/wp-json\/wp\/v2\/media?parent=18949"}],"wp:term":[{"taxonomy":"product_brand","embeddable":true,"href":"https:\/\/stylingagenten.com\/sv\/wp-json\/wp\/v2\/product_brand?post=18949"},{"taxonomy":"product_cat","embeddable":true,"href":"https:\/\/stylingagenten.com\/sv\/wp-json\/wp\/v2\/product_cat?post=18949"},{"taxonomy":"product_tag","embeddable":true,"href":"https:\/\/stylingagenten.com\/sv\/wp-json\/wp\/v2\/product_tag?post=18949"},{"taxonomy":"berocket_brand","embeddable":true,"href":"https:\/\/stylingagenten.com\/sv\/wp-json\/wp\/v2\/berocket_brand?post=18949"}],"curies":[{"name":"wp","href":"https:\/\/api.w.org\/{rel}","templated":true}]}}