{"id":18945,"date":"2025-01-27T12:03:25","date_gmt":"2025-01-27T12:03:25","guid":{"rendered":"https:\/\/staging2.stylingagenten.com\/sv\/produkt\/remington-blow-dry-style-caring-400w-airstyler\/"},"modified":"2026-03-22T08:47:28","modified_gmt":"2026-03-22T08:47:28","slug":"remington-blow-dry-style-caring-400w-airstyler","status":"publish","type":"product","link":"https:\/\/stylingagenten.com\/sv\/produkt\/remington-blow-dry-style-caring-400w-airstyler\/","title":{"rendered":"Remington Blow Dry &amp; Style \u2013 Caring 400W Airstyler"},"content":{"rendered":"<p>L\u00e4tt och smidig 400W varmluftsborste anpassad f\u00f6r att forma och styla kort h\u00e5r. Varmluftsborsten har 2 v\u00e4rme-\/hastighetsinst\u00e4llningar och 2 olika tillbeh\u00f6r som medf\u00f6ljer, 19mm rundborste som skapar mindre lockar och 25mm borsthuvud som tillf\u00f6r volym vid h\u00e5rr\u00f6tterna men kan \u00e4ven skapa l\u00f6sare lockar och v\u00e5gor.<\/p>\n<p>F\u00f6r b\u00e5da borstar: Ta en h\u00e5rslinga och vira h\u00e5rtopparna runt borsten. Vrid p\u00e5 apparaten s\u00e5 att h\u00e5ret viras upp runt borstspolen och styla h\u00e5ret som du vill ha det.<\/p>\n<p>(L\u00e4ngd 35 cm H\u00f6jd; 4 cm Djup; 4 cm)<\/p>\n<p>Funktioner:<br \/>2x Stylingtillbeh\u00f6r f\u00f6r kort h\u00e5r;<br \/>19mm borste<br \/>25mm mjuk borste<br \/>400W<br \/>2 v\u00e4rme- \/ hastighetsinst\u00e4llningar<br \/>Vridbar sladd<br \/>Upph\u00e4ngnings\u00f6gla<\/p>\n","protected":false},"excerpt":{"rendered":"<p>L\u00e4tt och smidig 400W varmluftsborste anpassad f\u00f6r att forma och styla kort h\u00e5r. Varmluftsborsten har 2 v\u00e4rme-\/hastighetsinst\u00e4llningar och 2 olika tillbeh\u00f6r som medf\u00f6ljer, 19mm rundborste som skapar mindre lockar och 25mm borsthuvud som tillf\u00f6r volym vid h\u00e5rr\u00f6tterna men kan \u00e4ven skapa l\u00f6sare lockar och v\u00e5gor. F\u00f6r b\u00e5da borstar: Ta en h\u00e5rslinga och vira h\u00e5rtopparna runt [&hellip;]<\/p>\n","protected":false},"featured_media":18932,"comment_status":"open","ping_status":"closed","template":"","meta":{"_trash_the_other_posts":false},"product_brand":[],"product_cat":[652],"product_tag":[],"berocket_brand":[1272],"class_list":{"0":"post-18945","1":"product","2":"type-product","3":"status-publish","4":"has-post-thumbnail","6":"product_cat-varmeborste","7":"pa_brand-remington","8":"berocket_brand-remington","10":"first","11":"instock","12":"sale","13":"taxable","14":"shipping-taxable","15":"purchasable","16":"product-type-simple"},"_links":{"self":[{"href":"https:\/\/stylingagenten.com\/sv\/wp-json\/wp\/v2\/product\/18945","targetHints":{"allow":["GET"]}}],"collection":[{"href":"https:\/\/stylingagenten.com\/sv\/wp-json\/wp\/v2\/product"}],"about":[{"href":"https:\/\/stylingagenten.com\/sv\/wp-json\/wp\/v2\/types\/product"}],"replies":[{"embeddable":true,"href":"https:\/\/stylingagenten.com\/sv\/wp-json\/wp\/v2\/comments?post=18945"}],"version-history":[{"count":0,"href":"https:\/\/stylingagenten.com\/sv\/wp-json\/wp\/v2\/product\/18945\/revisions"}],"wp:featuredmedia":[{"embeddable":true,"href":"https:\/\/stylingagenten.com\/sv\/wp-json\/wp\/v2\/media\/18932"}],"wp:attachment":[{"href":"https:\/\/stylingagenten.com\/sv\/wp-json\/wp\/v2\/media?parent=18945"}],"wp:term":[{"taxonomy":"product_brand","embeddable":true,"href":"https:\/\/stylingagenten.com\/sv\/wp-json\/wp\/v2\/product_brand?post=18945"},{"taxonomy":"product_cat","embeddable":true,"href":"https:\/\/stylingagenten.com\/sv\/wp-json\/wp\/v2\/product_cat?post=18945"},{"taxonomy":"product_tag","embeddable":true,"href":"https:\/\/stylingagenten.com\/sv\/wp-json\/wp\/v2\/product_tag?post=18945"},{"taxonomy":"berocket_brand","embeddable":true,"href":"https:\/\/stylingagenten.com\/sv\/wp-json\/wp\/v2\/berocket_brand?post=18945"}],"curies":[{"name":"wp","href":"https:\/\/api.w.org\/{rel}","templated":true}]}}