{"id":18914,"date":"2025-01-27T12:03:11","date_gmt":"2025-01-27T12:03:11","guid":{"rendered":"https:\/\/staging2.stylingagenten.com\/sv\/produkt\/remington-blow-dry-style-caring-800w-airstyler\/"},"modified":"2026-04-08T12:58:53","modified_gmt":"2026-04-08T12:58:53","slug":"remington-blow-dry-style-caring-800w-airstyler","status":"publish","type":"product","link":"https:\/\/stylingagenten.com\/sv\/produkt\/remington-blow-dry-style-caring-800w-airstyler\/","title":{"rendered":"Remington Blow Dry &amp; Style \u2013 Caring 800W Airstyler"},"content":{"rendered":"<p>AS7300 \u2013 Dry and Style Caring 800W Airstyler<br \/>Made to Love and Style Your Short-Mid Length Hair<\/p>\n<p>Varmluftsborste p\u00e5 800W anpassad till personer med kort upp till mellanl\u00e5ngt h\u00e5r. V\u00e4lj mellan 2 v\u00e4rme-\/hastighetsinst\u00e4llningar samt kalluftfunktion f\u00f6r att fixera h\u00e5ret.<\/p>\n<p>Det f\u00f6ljer med 3 olika tillbeh\u00f6r:<br \/>25 mm keramisk belagd borste &#8211; f\u00f6r att skapa mindre eller medelstora lockar<br \/>38 mm keramisk belagd borste &#8211; f\u00f6r att skapa volym och fyllighet eller f\u00f6r att skapa medelstora till st\u00f6rre l\u00f6sare lockar och v\u00e5gor.<br \/>Koncentrator \u2013 f\u00f6nmunstycke f\u00f6r att torka h\u00e5ret<\/p>\n<p>F\u00f6r b\u00e4sta resultat anv\u00e4nd varmluftsborsten p\u00e5 handdukstorkat h\u00e5r.<\/p>\n<p>Den l\u00f6stagbara grillen \u00e4r utformat f\u00f6r att h\u00e5lla din varmluftsborste fri fr\u00e5n damm och h\u00e5r och underl\u00e4ttar reng\u00f6ringen.<\/p>\n<p>(L\u00e4ngd 41 cm H\u00f6jd; 6 cm Djup; 6 cm)<\/p>\n<p>Funktioner:<br \/>3x Stylingf\u00e4sten f\u00f6r kort till mellanl\u00e5ngt h\u00e5r;<br \/>25 mm keramisk belagd borste<br \/>38 mm keramisk belagd borste<br \/>Koncentrator<br \/>800W<br \/>2 v\u00e4rme- \/ hastighetsinst\u00e4llningar<br \/>Kalluft<br \/>Vridbar sladd<br \/>Upph\u00e4ngnings\u00f6gla<\/p>\n","protected":false},"excerpt":{"rendered":"<p>AS7300 \u2013 Dry and Style Caring 800W AirstylerMade to Love and Style Your Short-Mid Length Hair Varmluftsborste p\u00e5 800W anpassad till personer med kort upp till mellanl\u00e5ngt h\u00e5r. V\u00e4lj mellan 2 v\u00e4rme-\/hastighetsinst\u00e4llningar samt kalluftfunktion f\u00f6r att fixera h\u00e5ret. Det f\u00f6ljer med 3 olika tillbeh\u00f6r:25 mm keramisk belagd borste &#8211; f\u00f6r att skapa mindre eller medelstora [&hellip;]<\/p>\n","protected":false},"featured_media":18899,"comment_status":"open","ping_status":"closed","template":"","meta":{"_trash_the_other_posts":false},"product_brand":[],"product_cat":[652],"product_tag":[],"berocket_brand":[1272],"class_list":{"0":"post-18914","1":"product","2":"type-product","3":"status-publish","4":"has-post-thumbnail","6":"product_cat-varmeborste","7":"pa_brand-remington","8":"berocket_brand-remington","10":"first","11":"instock","12":"sale","13":"taxable","14":"shipping-taxable","15":"purchasable","16":"product-type-simple"},"_links":{"self":[{"href":"https:\/\/stylingagenten.com\/sv\/wp-json\/wp\/v2\/product\/18914","targetHints":{"allow":["GET"]}}],"collection":[{"href":"https:\/\/stylingagenten.com\/sv\/wp-json\/wp\/v2\/product"}],"about":[{"href":"https:\/\/stylingagenten.com\/sv\/wp-json\/wp\/v2\/types\/product"}],"replies":[{"embeddable":true,"href":"https:\/\/stylingagenten.com\/sv\/wp-json\/wp\/v2\/comments?post=18914"}],"version-history":[{"count":0,"href":"https:\/\/stylingagenten.com\/sv\/wp-json\/wp\/v2\/product\/18914\/revisions"}],"wp:featuredmedia":[{"embeddable":true,"href":"https:\/\/stylingagenten.com\/sv\/wp-json\/wp\/v2\/media\/18899"}],"wp:attachment":[{"href":"https:\/\/stylingagenten.com\/sv\/wp-json\/wp\/v2\/media?parent=18914"}],"wp:term":[{"taxonomy":"product_brand","embeddable":true,"href":"https:\/\/stylingagenten.com\/sv\/wp-json\/wp\/v2\/product_brand?post=18914"},{"taxonomy":"product_cat","embeddable":true,"href":"https:\/\/stylingagenten.com\/sv\/wp-json\/wp\/v2\/product_cat?post=18914"},{"taxonomy":"product_tag","embeddable":true,"href":"https:\/\/stylingagenten.com\/sv\/wp-json\/wp\/v2\/product_tag?post=18914"},{"taxonomy":"berocket_brand","embeddable":true,"href":"https:\/\/stylingagenten.com\/sv\/wp-json\/wp\/v2\/berocket_brand?post=18914"}],"curies":[{"name":"wp","href":"https:\/\/api.w.org\/{rel}","templated":true}]}}