{"id":18897,"date":"2025-01-27T12:03:01","date_gmt":"2025-01-27T12:03:01","guid":{"rendered":"https:\/\/staging2.stylingagenten.com\/sv\/produkt\/remington-pro-big-curl-38mm-tong\/"},"modified":"2026-03-22T06:57:25","modified_gmt":"2026-03-22T06:57:25","slug":"remington-pro-big-curl-38mm-tong","status":"publish","type":"product","link":"https:\/\/stylingagenten.com\/sv\/produkt\/remington-pro-big-curl-38mm-tong\/","title":{"rendered":"Remington Pro Big Curl (38mm Tong)"},"content":{"rendered":"<p>PRO BIG CURL 38mm lockt\u00e5ng CI5538<br \/>Skapa stora b\u00f6ljande lockar med Remington Pro Big Curl 38mm lockt\u00e5ng med justerbar temperatur.<\/p>\n<p>Denna lockt\u00e5ng med 38mm bred cylinder \u00e4r det perfekta verktyget n\u00e4r du vill skapa b\u00f6ljande lockar eller addera volym till ditt h\u00e5r. <br \/>Tack vare den keramiska bel\u00e4ggningen med titan som erbjuder 4 g\u00e5nger mer skydd* \u00e4n standard keramisk yta kan du skapa gl\u00e4nsande vackra lockar p\u00e5 nolltid. <br \/>Genom att kombinera turmalinjonteknik med en yta som ger b\u00e4ttre glidegenskaper och minskat frizz \u00e4r det nu l\u00e4ttare att n\u00e5gonsin f\u00f6rr att styla ditt h\u00e5r. <br \/>Redo att anv\u00e4ndas p\u00e5 bara 30 sekunder och med \u00e5tta olika temperaturl\u00e4gen kan du k\u00e4nna dig trygg med att din styling inte bara kommer att vara snabb utan du kommer ocks\u00e5 enkelt att hitta en temperatur som passar just ditt h\u00e5r.<br \/>Det smarta temperaturvredet som sitter placerat vid sladdf\u00e4stet \u00e4r enkelt att justera och minimerar risken att man vid anv\u00e4ndning \u00e4ndrar temperaturen av misstag. <br \/>\u2022Keramisk bel\u00e4ggning med titanium<br \/>\u20224X skydd* tack vare anti-statisk, turmalinjonisk och yta f\u00f6r b\u00e4ttre glid<br \/>\u202238mm cylinder f\u00f6r stora b\u00f6ljande lockar <br \/>\u20228 temperaturer: 140-210\u00b0C som justeras med ett vred vid sladdf\u00e4stet<br \/>\u2022Redo att anv\u00e4ndas p\u00e5 30 sekunder<br \/>\u2022Indikatorlampa<br \/>\u2022Automatisk avst\u00e4ngning efter 60 minuter<br \/>\u2022Sv\u00e4ngbar sladd<br \/>\u2022V\u00e4rmet\u00e5ligt st\u00e4ll<br \/>\u2022Svalare tipp<br \/>\u2022Voltomst\u00e4llning f\u00f6r hela v\u00e4rlden<br \/>\u20223\u00e5rs garanti (+1\u00e5r vid registrering online) <\/p>\n<p>*j\u00e4mf\u00f6rt med en standard keramisk bel\u00e4ggning<\/p>\n","protected":false},"excerpt":{"rendered":"<p>PRO BIG CURL 38mm lockt\u00e5ng CI5538Skapa stora b\u00f6ljande lockar med Remington Pro Big Curl 38mm lockt\u00e5ng med justerbar temperatur. Denna lockt\u00e5ng med 38mm bred cylinder \u00e4r det perfekta verktyget n\u00e4r du vill skapa b\u00f6ljande lockar eller addera volym till ditt h\u00e5r. Tack vare den keramiska bel\u00e4ggningen med titan som erbjuder 4 g\u00e5nger mer skydd* \u00e4n [&hellip;]<\/p>\n","protected":false},"featured_media":18889,"comment_status":"open","ping_status":"closed","template":"","meta":{"_trash_the_other_posts":false},"product_brand":[],"product_cat":[596],"product_tag":[],"berocket_brand":[1272],"class_list":{"0":"post-18897","1":"product","2":"type-product","3":"status-publish","4":"has-post-thumbnail","6":"product_cat-locktang","7":"pa_brand-remington","8":"berocket_brand-remington","10":"first","11":"instock","12":"sale","13":"taxable","14":"shipping-taxable","15":"purchasable","16":"product-type-simple"},"_links":{"self":[{"href":"https:\/\/stylingagenten.com\/sv\/wp-json\/wp\/v2\/product\/18897","targetHints":{"allow":["GET"]}}],"collection":[{"href":"https:\/\/stylingagenten.com\/sv\/wp-json\/wp\/v2\/product"}],"about":[{"href":"https:\/\/stylingagenten.com\/sv\/wp-json\/wp\/v2\/types\/product"}],"replies":[{"embeddable":true,"href":"https:\/\/stylingagenten.com\/sv\/wp-json\/wp\/v2\/comments?post=18897"}],"version-history":[{"count":0,"href":"https:\/\/stylingagenten.com\/sv\/wp-json\/wp\/v2\/product\/18897\/revisions"}],"wp:featuredmedia":[{"embeddable":true,"href":"https:\/\/stylingagenten.com\/sv\/wp-json\/wp\/v2\/media\/18889"}],"wp:attachment":[{"href":"https:\/\/stylingagenten.com\/sv\/wp-json\/wp\/v2\/media?parent=18897"}],"wp:term":[{"taxonomy":"product_brand","embeddable":true,"href":"https:\/\/stylingagenten.com\/sv\/wp-json\/wp\/v2\/product_brand?post=18897"},{"taxonomy":"product_cat","embeddable":true,"href":"https:\/\/stylingagenten.com\/sv\/wp-json\/wp\/v2\/product_cat?post=18897"},{"taxonomy":"product_tag","embeddable":true,"href":"https:\/\/stylingagenten.com\/sv\/wp-json\/wp\/v2\/product_tag?post=18897"},{"taxonomy":"berocket_brand","embeddable":true,"href":"https:\/\/stylingagenten.com\/sv\/wp-json\/wp\/v2\/berocket_brand?post=18897"}],"curies":[{"name":"wp","href":"https:\/\/api.w.org\/{rel}","templated":true}]}}