{"id":18896,"date":"2025-01-27T12:03:01","date_gmt":"2025-01-27T12:03:01","guid":{"rendered":"https:\/\/staging2.stylingagenten.com\/sv\/produkt\/remington-pro-tight-curl-wand\/"},"modified":"2026-03-11T22:04:55","modified_gmt":"2026-03-11T22:04:55","slug":"remington-pro-tight-curl-wand","status":"publish","type":"product","link":"https:\/\/stylingagenten.com\/sv\/produkt\/remington-pro-tight-curl-wand\/","title":{"rendered":"Remington Pro Tight Curl Wand"},"content":{"rendered":"<p>CI6X10: Pro Tight Curl Wand<br \/>For ultra-defined voluminous spiral curls<\/p>\n<p>Remington Pro Tight Curl 10mm lockt\u00e5ng &#8211; Designad f\u00f6r att skapa fasta ultradefinierade spirallockar.<\/p>\n<p>Digital display med 10 olika temperaturer mellan 130-220\u00b0C och snabb uppv\u00e4rmning p\u00e5 30 sekunder. Temperaturvredet sitter vid sladdf\u00e4stet och har en automatisk avst\u00e4ngning efter 60 minuter.<\/p>\n<p>Keramisk bel\u00e4ggningen med titan, anti-statisk och turmalinjonisk teknologi som erbjuder 4 g\u00e5nger mer skydd \u00e4n en standard keramisk yta. De medf\u00f6ljer en v\u00e4rmevante som minimerar risken att br\u00e4nna sig p\u00e5 fingrarna.<\/p>\n<p>Produktfunktioner:<br \/>\u202210mm lockt\u00e5ng med titan keramisk bel\u00e4ggning<br \/>\u20224 x skyddsbel\u00e4ggning* Antistatisk, keramisk, tourmaline jonisk och yta f\u00f6r b\u00e4ttre glid<br \/>\u2022Digital Display men temperaturreglering vid sladdf\u00e4stet, 10 inst\u00e4llningar fr\u00e5n 130 \u00b0C -220 \u00b0C<br \/>\u2022Redo att anv\u00e4ndas p\u00e5 30 sekunder<br \/>\u2022P\u00e5\/av-knapp<br \/>\u2022Automatisk s\u00e4kerhetsavst\u00e4ngning efter 60 minuter<br \/>\u2022Sv\u00e4ngbar sladd<br \/>\u2022Kall tipp<br \/>\u2022Voltomst\u00e4llning f\u00f6r hela v\u00e4rlden<br \/>\u2022V\u00e4rmeskyddande stylinghandske ing\u00e5r<br \/>\u20223 + 1 \u00e5rs garanti vid registrering online inom 28 dagar<\/p>\n<p>*Vs standard keramik bel\u00e4ggning<\/p>\n","protected":false},"excerpt":{"rendered":"<p>CI6X10: Pro Tight Curl WandFor ultra-defined voluminous spiral curls Remington Pro Tight Curl 10mm lockt\u00e5ng &#8211; Designad f\u00f6r att skapa fasta ultradefinierade spirallockar. Digital display med 10 olika temperaturer mellan 130-220\u00b0C och snabb uppv\u00e4rmning p\u00e5 30 sekunder. Temperaturvredet sitter vid sladdf\u00e4stet och har en automatisk avst\u00e4ngning efter 60 minuter. Keramisk bel\u00e4ggningen med titan, anti-statisk och [&hellip;]<\/p>\n","protected":false},"featured_media":18887,"comment_status":"open","ping_status":"closed","template":"","meta":{"_trash_the_other_posts":false},"product_brand":[],"product_cat":[596],"product_tag":[],"berocket_brand":[1272],"class_list":{"0":"post-18896","1":"product","2":"type-product","3":"status-publish","4":"has-post-thumbnail","6":"product_cat-locktang","7":"pa_brand-remington","8":"berocket_brand-remington","10":"first","11":"instock","12":"sale","13":"taxable","14":"shipping-taxable","15":"purchasable","16":"product-type-simple"},"_links":{"self":[{"href":"https:\/\/stylingagenten.com\/sv\/wp-json\/wp\/v2\/product\/18896","targetHints":{"allow":["GET"]}}],"collection":[{"href":"https:\/\/stylingagenten.com\/sv\/wp-json\/wp\/v2\/product"}],"about":[{"href":"https:\/\/stylingagenten.com\/sv\/wp-json\/wp\/v2\/types\/product"}],"replies":[{"embeddable":true,"href":"https:\/\/stylingagenten.com\/sv\/wp-json\/wp\/v2\/comments?post=18896"}],"version-history":[{"count":0,"href":"https:\/\/stylingagenten.com\/sv\/wp-json\/wp\/v2\/product\/18896\/revisions"}],"wp:featuredmedia":[{"embeddable":true,"href":"https:\/\/stylingagenten.com\/sv\/wp-json\/wp\/v2\/media\/18887"}],"wp:attachment":[{"href":"https:\/\/stylingagenten.com\/sv\/wp-json\/wp\/v2\/media?parent=18896"}],"wp:term":[{"taxonomy":"product_brand","embeddable":true,"href":"https:\/\/stylingagenten.com\/sv\/wp-json\/wp\/v2\/product_brand?post=18896"},{"taxonomy":"product_cat","embeddable":true,"href":"https:\/\/stylingagenten.com\/sv\/wp-json\/wp\/v2\/product_cat?post=18896"},{"taxonomy":"product_tag","embeddable":true,"href":"https:\/\/stylingagenten.com\/sv\/wp-json\/wp\/v2\/product_tag?post=18896"},{"taxonomy":"berocket_brand","embeddable":true,"href":"https:\/\/stylingagenten.com\/sv\/wp-json\/wp\/v2\/berocket_brand?post=18896"}],"curies":[{"name":"wp","href":"https:\/\/api.w.org\/{rel}","templated":true}]}}