{"id":18857,"date":"2025-01-27T12:02:42","date_gmt":"2025-01-27T12:02:42","guid":{"rendered":"https:\/\/staging2.stylingagenten.com\/sv\/produkt\/remington-supercare-pro-2200-ac-hairdryer\/"},"modified":"2026-03-20T14:03:23","modified_gmt":"2026-03-20T14:03:23","slug":"remington-supercare-pro-2200-ac-hairdryer","status":"publish","type":"product","link":"https:\/\/stylingagenten.com\/sv\/produkt\/remington-supercare-pro-2200-ac-hairdryer\/","title":{"rendered":"Remington Supercare PRO 2200 AC Hairdryer"},"content":{"rendered":"<p>SUPERCARE PRO 2200 AC H\u00c5RF\u00d6N: AC7200<\/p>\n<p>F\u00f6na ditt h\u00e5r samtidigt som du v\u00e5rdar det. SuperCare Pro 2200 har en AC-motor p\u00e5 2200 Watt som ger snabb och kraftfull torkning och en Supercare-inst\u00e4llning som g\u00f6r att du f\u00f6nar h\u00e5ret vid en l\u00e4gre temperatur som \u00e4r skonsammare mot h\u00e5ret. <br \/>Det keramiska gallret med jonisering f\u00f6rdelar v\u00e4rmen j\u00e4mnt \u00f6ver h\u00e5ret och verkar antistatiskt vilket ger dig ett h\u00e5r fritt fr\u00e5n friss. Skr\u00e4ddarsy din styling efter just ditt h\u00e5r, v\u00e4lj mellan 3 v\u00e4rme- och tv\u00e5 hastighetsinst\u00e4llningar samt \u00e4kta kalluft n\u00e4r du vill fixera frisyren. Med de tre medf\u00f6ljande f\u00f6nmunstyckena kan du enkelt skapa den frisyr du \u00f6nskar. Med det tunna munstycket p\u00e5 7mm kan du fokusera luften dit du vill och med det snabbtorkande 11mm tunna munstycket kommer du att f\u00e5 torrt h\u00e5r p\u00e5 nolltid. Har du lockigt h\u00e5r \u00e4r diffusermunstycket redskapet f\u00f6r dig, f\u00f6rb\u00e4ttra dina naturliga lockar och f\u00e5 extra volym utan kr\u00e5ngel. <\/p>\n<p>Supercare inst\u00e4llning<br \/>Ta hand om ditt h\u00e5r medan du torkar det, tack vare Supercare inst\u00e4llningen kan du effektivt torka ditt h\u00e5r vid en temperatur som \u00e4r mer skonsam mot h\u00e5ret. <\/p>\n<p>Snabb och effektiv<br \/>Upplev snabb och kraftfull torkning, denna h\u00e5rf\u00f6n \u00e4r utrustad med en AC-motor av salongskvalit\u00e9. Motorn p\u00e5 2200 watt har b\u00e5de l\u00e5ng livsl\u00e4ngd och ett kraftfullt luftfl\u00f6de p\u00e5 hela 130 km\/h<br \/>Glansigt och frissfritt<br \/>Tack vare den fantastiska joniska konditioneringen med 2x mer joner* som f\u00f6rdelas \u00f6ver h\u00e5ret n\u00e4r du f\u00f6nar det kan du njuta av ett gl\u00e4nsande h\u00e5r fritt fr\u00e5n friss varje g\u00e5ng. <\/p>\n<p>Funktioner<br \/>\u2022Supercare inst\u00e4llning &#8211; Snabbtorkning vid en mer h\u00e4lsosam temperatur<br \/>\u2022AC Motor p\u00e5 2200 watt \u2013 Luftfl\u00f6de:130 km\/h <br \/>\u2022Keramiskt belagt galler f\u00f6r j\u00e4mn v\u00e4rmef\u00f6rdelning<br \/>\u20222x mer joner* f\u00f6r ett glansigt och frissfritt resultat<br \/>\u2022L\u00e4tt och kompakt design f\u00f6r bekv\u00e4m styling<br \/>\u20223 v\u00e4rme- och 2 hastighetsinst\u00e4llningar <br \/>\u2022\u00c4kta kalluft<br \/>\u20223 munstycken:<br \/>o7mm styling munstycke f\u00f6r extra fokus<br \/>o11mm snabbtorkande munstycke <br \/>oDiffuser<br \/>\u2022Avtagbart bakre galler f\u00f6r enkel reng\u00f6ring<br \/>\u2022Upph\u00e4ngnings\u00f6gla f\u00f6r bekv\u00e4m f\u00f6rvaring<br \/>\u20223 meter l\u00e5ng sladd<br \/>\u20225 \u00e5rs garanti + 1\u00e5r vid registrering online p\u00e5 https:\/\/se.remington-europe.com\/produktregistrering<br \/>*Superior Ionic Conditioning &#8211; 2x mer joner j\u00e4mf\u00f6rt med en standard Remington h\u00e5rf\u00f6n<\/p>\n","protected":false},"excerpt":{"rendered":"<p>SUPERCARE PRO 2200 AC H\u00c5RF\u00d6N: AC7200 F\u00f6na ditt h\u00e5r samtidigt som du v\u00e5rdar det. SuperCare Pro 2200 har en AC-motor p\u00e5 2200 Watt som ger snabb och kraftfull torkning och en Supercare-inst\u00e4llning som g\u00f6r att du f\u00f6nar h\u00e5ret vid en l\u00e4gre temperatur som \u00e4r skonsammare mot h\u00e5ret. Det keramiska gallret med jonisering f\u00f6rdelar v\u00e4rmen j\u00e4mnt [&hellip;]<\/p>\n","protected":false},"featured_media":18847,"comment_status":"open","ping_status":"closed","template":"","meta":{"_trash_the_other_posts":false},"product_brand":[],"product_cat":[612],"product_tag":[],"berocket_brand":[1272],"class_list":{"0":"post-18857","1":"product","2":"type-product","3":"status-publish","4":"has-post-thumbnail","6":"product_cat-harfon","7":"pa_brand-remington","8":"berocket_brand-remington","10":"first","11":"instock","12":"taxable","13":"shipping-taxable","14":"purchasable","15":"product-type-simple"},"_links":{"self":[{"href":"https:\/\/stylingagenten.com\/sv\/wp-json\/wp\/v2\/product\/18857","targetHints":{"allow":["GET"]}}],"collection":[{"href":"https:\/\/stylingagenten.com\/sv\/wp-json\/wp\/v2\/product"}],"about":[{"href":"https:\/\/stylingagenten.com\/sv\/wp-json\/wp\/v2\/types\/product"}],"replies":[{"embeddable":true,"href":"https:\/\/stylingagenten.com\/sv\/wp-json\/wp\/v2\/comments?post=18857"}],"version-history":[{"count":0,"href":"https:\/\/stylingagenten.com\/sv\/wp-json\/wp\/v2\/product\/18857\/revisions"}],"wp:featuredmedia":[{"embeddable":true,"href":"https:\/\/stylingagenten.com\/sv\/wp-json\/wp\/v2\/media\/18847"}],"wp:attachment":[{"href":"https:\/\/stylingagenten.com\/sv\/wp-json\/wp\/v2\/media?parent=18857"}],"wp:term":[{"taxonomy":"product_brand","embeddable":true,"href":"https:\/\/stylingagenten.com\/sv\/wp-json\/wp\/v2\/product_brand?post=18857"},{"taxonomy":"product_cat","embeddable":true,"href":"https:\/\/stylingagenten.com\/sv\/wp-json\/wp\/v2\/product_cat?post=18857"},{"taxonomy":"product_tag","embeddable":true,"href":"https:\/\/stylingagenten.com\/sv\/wp-json\/wp\/v2\/product_tag?post=18857"},{"taxonomy":"berocket_brand","embeddable":true,"href":"https:\/\/stylingagenten.com\/sv\/wp-json\/wp\/v2\/berocket_brand?post=18857"}],"curies":[{"name":"wp","href":"https:\/\/api.w.org\/{rel}","templated":true}]}}