{"id":18708,"date":"2025-01-24T13:17:23","date_gmt":"2025-01-24T13:17:23","guid":{"rendered":"https:\/\/staging2.stylingagenten.com\/sv\/produkt\/remington-pro-sleek-curl\/"},"modified":"2026-03-31T23:18:34","modified_gmt":"2026-03-31T23:18:34","slug":"remington-pro-sleek-curl","status":"publish","type":"product","link":"https:\/\/stylingagenten.com\/sv\/produkt\/remington-pro-sleek-curl\/","title":{"rendered":"Remington PRO-Sleek &amp; Curl"},"content":{"rendered":"<p>Remington PRO-sleek &amp; curl  har en avancerad keramisk bel\u00e4ggning med tourmaline som motverkar statisk elektricitet och de 110mm l\u00e5nga plattorna glider enkelt genom h\u00e5ret. De rundade kanterna underl\u00e4ttar om du vill locka ditt h\u00e5r och den r\u00e4fflade undersidan g\u00f6r s\u00e5 att h\u00e5ret inte faller av. <br \/>Med en justerbar temperatur mellan 150-230\u00b0C kan du skr\u00e4ddarsy v\u00e4rmen s\u00e5 den passar din h\u00e5rtyp. En digital display visar dessutom inst\u00e4llningen s\u00e5 att du alltid har kontroll \u00f6ver den och n\u00e4r du v\u00e4l kommit fram till den perfekta temperaturen finns en minnesfunktion som l\u00e5ser inst\u00e4llningen till n\u00e4sta g\u00e5ng du sl\u00e5r p\u00e5 platt\u00e5ngen<\/p>\n<p>Funktioner<br \/>\u2022Avancerad Ceramic Ultra Tourmaline-bel\u00e4ggning ger ett smidigt glid under stylingen<br \/>\u2022Digital display med 9 v\u00e4rmeinst\u00e4llningar, 150-230\u00b0C<br \/>\u2022Snabb uppv\u00e4rmning, 15 sekunder<br \/>\u2022110 mm l\u00e5nga flexibla flytande plattor f\u00f6r snabb styling och j\u00e4mnt tryck<br \/>\u2022Turbo-funktion och l\u00e5sanordning<br \/>\u2022Minnesfunktion<br \/>\u2022Automatisk avst\u00e4ngning efter 60 minuter<br \/>\u2022Universell voltomst\u00e4llning<br \/>\u2022Roterbar sladd<br \/>\u2022V\u00e4rmet\u00e5lig f\u00f6rvaringsv\u00e4ska<\/p>\n","protected":false},"excerpt":{"rendered":"<p>Remington PRO-sleek &amp; curl har en avancerad keramisk bel\u00e4ggning med tourmaline som motverkar statisk elektricitet och de 110mm l\u00e5nga plattorna glider enkelt genom h\u00e5ret. De rundade kanterna underl\u00e4ttar om du vill locka ditt h\u00e5r och den r\u00e4fflade undersidan g\u00f6r s\u00e5 att h\u00e5ret inte faller av. Med en justerbar temperatur mellan 150-230\u00b0C kan du skr\u00e4ddarsy v\u00e4rmen [&hellip;]<\/p>\n","protected":false},"featured_media":18701,"comment_status":"open","ping_status":"closed","template":"","meta":{"_trash_the_other_posts":false},"product_brand":[],"product_cat":[589],"product_tag":[],"berocket_brand":[1272],"class_list":{"0":"post-18708","1":"product","2":"type-product","3":"status-publish","4":"has-post-thumbnail","6":"product_cat-plattang","7":"pa_brand-remington","8":"berocket_brand-remington","10":"first","11":"outofstock","12":"sale","13":"taxable","14":"shipping-taxable","15":"purchasable","16":"product-type-simple"},"_links":{"self":[{"href":"https:\/\/stylingagenten.com\/sv\/wp-json\/wp\/v2\/product\/18708","targetHints":{"allow":["GET"]}}],"collection":[{"href":"https:\/\/stylingagenten.com\/sv\/wp-json\/wp\/v2\/product"}],"about":[{"href":"https:\/\/stylingagenten.com\/sv\/wp-json\/wp\/v2\/types\/product"}],"replies":[{"embeddable":true,"href":"https:\/\/stylingagenten.com\/sv\/wp-json\/wp\/v2\/comments?post=18708"}],"version-history":[{"count":0,"href":"https:\/\/stylingagenten.com\/sv\/wp-json\/wp\/v2\/product\/18708\/revisions"}],"wp:featuredmedia":[{"embeddable":true,"href":"https:\/\/stylingagenten.com\/sv\/wp-json\/wp\/v2\/media\/18701"}],"wp:attachment":[{"href":"https:\/\/stylingagenten.com\/sv\/wp-json\/wp\/v2\/media?parent=18708"}],"wp:term":[{"taxonomy":"product_brand","embeddable":true,"href":"https:\/\/stylingagenten.com\/sv\/wp-json\/wp\/v2\/product_brand?post=18708"},{"taxonomy":"product_cat","embeddable":true,"href":"https:\/\/stylingagenten.com\/sv\/wp-json\/wp\/v2\/product_cat?post=18708"},{"taxonomy":"product_tag","embeddable":true,"href":"https:\/\/stylingagenten.com\/sv\/wp-json\/wp\/v2\/product_tag?post=18708"},{"taxonomy":"berocket_brand","embeddable":true,"href":"https:\/\/stylingagenten.com\/sv\/wp-json\/wp\/v2\/berocket_brand?post=18708"}],"curies":[{"name":"wp","href":"https:\/\/api.w.org\/{rel}","templated":true}]}}