{"id":18692,"date":"2025-01-24T13:17:17","date_gmt":"2025-01-24T13:17:17","guid":{"rendered":"https:\/\/staging2.stylingagenten.com\/sv\/produkt\/remington-air3d-dryer-bronze\/"},"modified":"2026-04-13T19:08:31","modified_gmt":"2026-04-13T19:08:31","slug":"remington-air3d-dryer-bronze","status":"publish","type":"product","link":"https:\/\/stylingagenten.com\/sv\/produkt\/remington-air3d-dryer-bronze\/","title":{"rendered":"Remington Air3D Dryer (Bronze)"},"content":{"rendered":"<p>D7777 AIR3D <\/p>\n<p>AIR3D kombinerar tv\u00e5 nyckelfaktorer f\u00f6r effektiv h\u00e5rstyling \u2013 ett unikt 3D luftfl\u00f6de och temperaturer idealiska f\u00f6r effektivt resultat (j\u00e4mf\u00f6rt med en Remington standardh\u00e5rf\u00f6n)<br \/>V\u00e4lj mellan tre olika temperaturer som optimerats f\u00f6r att effektivt f\u00f6na h\u00e5ret utan att skada det i on\u00f6dan. Anv\u00e4nd den h\u00f6gre temperaturen f\u00f6r att torka och forma h\u00e5ret och de svalare temperaturerna f\u00f6r att avsluta stylingen. Den unika designen f\u00f6rb\u00e4ttrar luftfl\u00f6det och minimerar turbulens inuti h\u00e5rf\u00f6nen vilket ger ett j\u00e4mnt luftfl\u00f6de och \u00e4r en h\u00e5rf\u00f6n anpassad f\u00f6r den som vill styla sitt h\u00e5r samtidigt som man torkar det.  <br \/>En kompakt design och med tyngden p\u00e5 r\u00e4tt st\u00e4lle s\u00e5 att den inte blir fram- eller baktung g\u00f6r s\u00e5 att den blir v\u00e4ldigt ergonomisk att h\u00e5lla i. 3 munstycken, 7mm och 11mm sylingmunstycken och en diffuser f\u00f6r volym medf\u00f6ljer och kan vridas 360 grader.<br \/>AIR3D \u00e4r utrustad med Remingtons exklusiva glansf\u00f6rb\u00e4ttrade balsam och jonisering som motverkar frizz och hj\u00e4lper h\u00e5ret att f\u00e5 sin naturliga glans. <\/p>\n<p>FUNKTIONER: <br \/>\u2022Unikt 3D-luftfl\u00f6de <br \/>\u20222 x glansf\u00f6rb\u00e4ttrande teknologi<br \/>\u2022Perfekt stylingtemperatur  <br \/>\u2022Balanserad &amp; l\u00e4tt <br \/>\u20223 v\u00e4rmel\u00e4gen \/ 2 hastigheter med LED kontroll<br \/>\u2022Kalluftsfunktion<br \/>\u20221800W <br \/>\u2022DC Motor<br \/>\u2022Tillbeh\u00f6r:<br \/>oTunnt stylingmunstycke p\u00e5 7mm <br \/>oSnabbtorkande munstycke p\u00e5 11mm <br \/>oDiffuser, perfekt f\u00f6r lockigt h\u00e5r<br \/>\u2022Upph\u00e4ngnings\u00f6gla<br \/>\u20223 meter l\u00e5ng sladd<br \/>\u20223 \u00e5rs garanti + 1 \u00e5r vid registrering p\u00e5 Remingtons hemsida<\/p>\n","protected":false},"excerpt":{"rendered":"<p>D7777 AIR3D AIR3D kombinerar tv\u00e5 nyckelfaktorer f\u00f6r effektiv h\u00e5rstyling \u2013 ett unikt 3D luftfl\u00f6de och temperaturer idealiska f\u00f6r effektivt resultat (j\u00e4mf\u00f6rt med en Remington standardh\u00e5rf\u00f6n)V\u00e4lj mellan tre olika temperaturer som optimerats f\u00f6r att effektivt f\u00f6na h\u00e5ret utan att skada det i on\u00f6dan. Anv\u00e4nd den h\u00f6gre temperaturen f\u00f6r att torka och forma h\u00e5ret och de svalare [&hellip;]<\/p>\n","protected":false},"featured_media":18683,"comment_status":"open","ping_status":"closed","template":"","meta":{"_trash_the_other_posts":false},"product_brand":[],"product_cat":[612],"product_tag":[],"berocket_brand":[1272],"class_list":{"0":"post-18692","1":"product","2":"type-product","3":"status-publish","4":"has-post-thumbnail","6":"product_cat-harfon","7":"pa_brand-remington","8":"berocket_brand-remington","10":"first","11":"outofstock","12":"taxable","13":"shipping-taxable","14":"purchasable","15":"product-type-simple"},"_links":{"self":[{"href":"https:\/\/stylingagenten.com\/sv\/wp-json\/wp\/v2\/product\/18692","targetHints":{"allow":["GET"]}}],"collection":[{"href":"https:\/\/stylingagenten.com\/sv\/wp-json\/wp\/v2\/product"}],"about":[{"href":"https:\/\/stylingagenten.com\/sv\/wp-json\/wp\/v2\/types\/product"}],"replies":[{"embeddable":true,"href":"https:\/\/stylingagenten.com\/sv\/wp-json\/wp\/v2\/comments?post=18692"}],"version-history":[{"count":0,"href":"https:\/\/stylingagenten.com\/sv\/wp-json\/wp\/v2\/product\/18692\/revisions"}],"wp:featuredmedia":[{"embeddable":true,"href":"https:\/\/stylingagenten.com\/sv\/wp-json\/wp\/v2\/media\/18683"}],"wp:attachment":[{"href":"https:\/\/stylingagenten.com\/sv\/wp-json\/wp\/v2\/media?parent=18692"}],"wp:term":[{"taxonomy":"product_brand","embeddable":true,"href":"https:\/\/stylingagenten.com\/sv\/wp-json\/wp\/v2\/product_brand?post=18692"},{"taxonomy":"product_cat","embeddable":true,"href":"https:\/\/stylingagenten.com\/sv\/wp-json\/wp\/v2\/product_cat?post=18692"},{"taxonomy":"product_tag","embeddable":true,"href":"https:\/\/stylingagenten.com\/sv\/wp-json\/wp\/v2\/product_tag?post=18692"},{"taxonomy":"berocket_brand","embeddable":true,"href":"https:\/\/stylingagenten.com\/sv\/wp-json\/wp\/v2\/berocket_brand?post=18692"}],"curies":[{"name":"wp","href":"https:\/\/api.w.org\/{rel}","templated":true}]}}