{"id":18673,"date":"2025-01-24T13:17:07","date_gmt":"2025-01-24T13:17:07","guid":{"rendered":"https:\/\/staging2.stylingagenten.com\/sv\/produkt\/maybelline-brow-ultra-slim-eyebrow-pencil-6-black-brown\/"},"modified":"2026-03-29T08:48:30","modified_gmt":"2026-03-29T08:48:30","slug":"maybelline-brow-ultra-slim-eyebrow-pencil-6-black-brown","status":"publish","type":"product","link":"https:\/\/stylingagenten.com\/sv\/produkt\/maybelline-brow-ultra-slim-eyebrow-pencil-6-black-brown\/","title":{"rendered":"Maybelline Brow Ultra Slim Eyebrow Pencil 6 Black Brown"},"content":{"rendered":"<p>Maybelline Brow Ultra Slim Eyebrow Pencil 6 Black Brown<br \/>Maybelline F\u00e5 definierade och naturliga bryn med Brow Ultra Slim \u00f6gonbrynspenna. J\u00e4mn applicering med ultimat precision. Tunn 1,5 mm applikatorspets med h\u00e5rliknande kam som ger definierade, naturliga bryn hela dagen.<\/p>\n","protected":false},"excerpt":{"rendered":"<p>Maybelline Brow Ultra Slim Eyebrow Pencil 6 Black BrownMaybelline F\u00e5 definierade och naturliga bryn med Brow Ultra Slim \u00f6gonbrynspenna. J\u00e4mn applicering med ultimat precision. Tunn 1,5 mm applikatorspets med h\u00e5rliknande kam som ger definierade, naturliga bryn hela dagen.<\/p>\n","protected":false},"featured_media":18672,"comment_status":"open","ping_status":"closed","template":"","meta":{"_trash_the_other_posts":false},"product_brand":[],"product_cat":[625],"product_tag":[],"berocket_brand":[1016],"class_list":{"0":"post-18673","1":"product","2":"type-product","3":"status-publish","4":"has-post-thumbnail","6":"product_cat-ogonbrynspenna","7":"pa_brand-maybelline","8":"berocket_brand-maybelline","10":"first","11":"outofstock","12":"sale","13":"taxable","14":"shipping-taxable","15":"purchasable","16":"product-type-simple"},"_links":{"self":[{"href":"https:\/\/stylingagenten.com\/sv\/wp-json\/wp\/v2\/product\/18673","targetHints":{"allow":["GET"]}}],"collection":[{"href":"https:\/\/stylingagenten.com\/sv\/wp-json\/wp\/v2\/product"}],"about":[{"href":"https:\/\/stylingagenten.com\/sv\/wp-json\/wp\/v2\/types\/product"}],"replies":[{"embeddable":true,"href":"https:\/\/stylingagenten.com\/sv\/wp-json\/wp\/v2\/comments?post=18673"}],"version-history":[{"count":0,"href":"https:\/\/stylingagenten.com\/sv\/wp-json\/wp\/v2\/product\/18673\/revisions"}],"wp:featuredmedia":[{"embeddable":true,"href":"https:\/\/stylingagenten.com\/sv\/wp-json\/wp\/v2\/media\/18672"}],"wp:attachment":[{"href":"https:\/\/stylingagenten.com\/sv\/wp-json\/wp\/v2\/media?parent=18673"}],"wp:term":[{"taxonomy":"product_brand","embeddable":true,"href":"https:\/\/stylingagenten.com\/sv\/wp-json\/wp\/v2\/product_brand?post=18673"},{"taxonomy":"product_cat","embeddable":true,"href":"https:\/\/stylingagenten.com\/sv\/wp-json\/wp\/v2\/product_cat?post=18673"},{"taxonomy":"product_tag","embeddable":true,"href":"https:\/\/stylingagenten.com\/sv\/wp-json\/wp\/v2\/product_tag?post=18673"},{"taxonomy":"berocket_brand","embeddable":true,"href":"https:\/\/stylingagenten.com\/sv\/wp-json\/wp\/v2\/berocket_brand?post=18673"}],"curies":[{"name":"wp","href":"https:\/\/api.w.org\/{rel}","templated":true}]}}