{"id":18613,"date":"2025-01-24T13:16:30","date_gmt":"2025-01-24T13:16:30","guid":{"rendered":"https:\/\/staging2.stylingagenten.com\/sv\/produkt\/remington-quickcut-hairclipper\/"},"modified":"2026-02-12T18:36:47","modified_gmt":"2026-02-12T18:36:47","slug":"remington-quickcut-hairclipper","status":"publish","type":"product","link":"https:\/\/stylingagenten.com\/sv\/produkt\/remington-quickcut-hairclipper\/","title":{"rendered":"Remington QuickCut Hairclipper"},"content":{"rendered":"<p>Remington QuickCut har en kompakt och ergonomisk design som g\u00f6r det b\u00e5de snabbt, bekv\u00e4mt och enkelt att klippa sig sj\u00e4lv.<\/p>\n<p>H\u00e5rklipparen har 9 olika l\u00e4ngdinst\u00e4llningar mellan 1,5-15mm. Full laddning ger 40 minuter anv\u00e4ndningstid och har en 10 minuter snabbladdning som ger dig all den kraft du beh\u00f6ver f\u00f6r en trimning men fungerar \u00e4ven med sladden i. Praktiskt f\u00f6rvaringsv\u00e4ska medf\u00f6ljer som du kan f\u00f6rvara din produkt och alla tillbeh\u00f6r i.<\/p>\n<p>\u2022Blad som t\u00e4cker 57% mer *<br \/>\u2022CurveCut bladteknologi \u2013 f\u00f6r en j\u00e4mnare klippning<br \/>\u2022Ergonomisk design f\u00f6r en bekv\u00e4mare anv\u00e4ndning<br \/>\u2022Design som enkelt klipper polisonger och nacke<br \/>\u2022Sk\u00e4rblad i rostfritt st\u00e5l<br \/>\u2022Litium driven f\u00f6r upp till 40 min anv\u00e4ndningstid<br \/>\u20224 timmars fulladdningstid<br \/>\u2022Sladd\/Sladdl\u00f6s<br \/>\u202210 min snabbladdning<br \/>\u2022Tv\u00e4ttbar<br \/>\u20229 kammar<br \/>\u2022F\u00f6rvaringsetui<br \/>\u2022Reng\u00f6ringsborste<br \/>\u20223+1 \u00e5rs garanti (registrera dig inom 28 dagar efter k\u00f6p h\u00e4r f\u00f6r att f\u00e5 4 \u00e5rs garanti)<\/p>\n<p>*J\u00e4mf\u00f6rt med en Remington standard h\u00e5rklippare<\/p>\n","protected":false},"excerpt":{"rendered":"<p>Remington QuickCut har en kompakt och ergonomisk design som g\u00f6r det b\u00e5de snabbt, bekv\u00e4mt och enkelt att klippa sig sj\u00e4lv. H\u00e5rklipparen har 9 olika l\u00e4ngdinst\u00e4llningar mellan 1,5-15mm. Full laddning ger 40 minuter anv\u00e4ndningstid och har en 10 minuter snabbladdning som ger dig all den kraft du beh\u00f6ver f\u00f6r en trimning men fungerar \u00e4ven med sladden [&hellip;]<\/p>\n","protected":false},"featured_media":18610,"comment_status":"open","ping_status":"closed","template":"","meta":{"_trash_the_other_posts":false},"product_brand":[],"product_cat":[604],"product_tag":[],"berocket_brand":[1272],"class_list":{"0":"post-18613","1":"product","2":"type-product","3":"status-publish","4":"has-post-thumbnail","6":"product_cat-skaggtrimmer","7":"pa_brand-remington","8":"berocket_brand-remington","10":"first","11":"instock","12":"taxable","13":"shipping-taxable","14":"purchasable","15":"product-type-simple"},"_links":{"self":[{"href":"https:\/\/stylingagenten.com\/sv\/wp-json\/wp\/v2\/product\/18613","targetHints":{"allow":["GET"]}}],"collection":[{"href":"https:\/\/stylingagenten.com\/sv\/wp-json\/wp\/v2\/product"}],"about":[{"href":"https:\/\/stylingagenten.com\/sv\/wp-json\/wp\/v2\/types\/product"}],"replies":[{"embeddable":true,"href":"https:\/\/stylingagenten.com\/sv\/wp-json\/wp\/v2\/comments?post=18613"}],"version-history":[{"count":0,"href":"https:\/\/stylingagenten.com\/sv\/wp-json\/wp\/v2\/product\/18613\/revisions"}],"wp:featuredmedia":[{"embeddable":true,"href":"https:\/\/stylingagenten.com\/sv\/wp-json\/wp\/v2\/media\/18610"}],"wp:attachment":[{"href":"https:\/\/stylingagenten.com\/sv\/wp-json\/wp\/v2\/media?parent=18613"}],"wp:term":[{"taxonomy":"product_brand","embeddable":true,"href":"https:\/\/stylingagenten.com\/sv\/wp-json\/wp\/v2\/product_brand?post=18613"},{"taxonomy":"product_cat","embeddable":true,"href":"https:\/\/stylingagenten.com\/sv\/wp-json\/wp\/v2\/product_cat?post=18613"},{"taxonomy":"product_tag","embeddable":true,"href":"https:\/\/stylingagenten.com\/sv\/wp-json\/wp\/v2\/product_tag?post=18613"},{"taxonomy":"berocket_brand","embeddable":true,"href":"https:\/\/stylingagenten.com\/sv\/wp-json\/wp\/v2\/berocket_brand?post=18613"}],"curies":[{"name":"wp","href":"https:\/\/api.w.org\/{rel}","templated":true}]}}