{"id":18596,"date":"2025-01-24T13:16:21","date_gmt":"2025-01-24T13:16:21","guid":{"rendered":"https:\/\/staging2.stylingagenten.com\/sv\/produkt\/remington-pearl-pro-curl\/"},"modified":"2026-04-10T09:47:24","modified_gmt":"2026-04-10T09:47:24","slug":"remington-pearl-pro-curl","status":"publish","type":"product","link":"https:\/\/stylingagenten.com\/sv\/produkt\/remington-pearl-pro-curl\/","title":{"rendered":"Remington Pearl Pro Curl"},"content":{"rendered":"<p>Med en profesionell, 32mm stor v\u00e4rmecylinder f\u00f6r stora mjuka lockar. Lockt\u00e5ngens form \u00e4r enkel att anv\u00e4nda genom att enkelt vira ditt h\u00e5r runt v\u00e4rmecylindern f\u00f6r att skapa mjuka, stora lockar som h\u00e5ller.<\/p>\n<p>Pearl Styling Kollektionen<br \/>V\u00e5r stylingkollektion Pearl ger dig allt du beh\u00f6ver f\u00f6r att skapa den senaste stilen och m\u00e5ste-trenderna. Den lyxiga platt\u00e5ngen, lockt\u00e5ngen och h\u00e5rtorken utnyttjar den dyrbara kraften i p\u00e4rlemor tillsammans med en avancerad keramikbel\u00e4ggning f\u00f6r att skapa h\u00e4rligt glansigt och sl\u00e4tt h\u00e5r. Med sin professionella prestanda och salongsfinish \u00e4r Pearl allt du beh\u00f6ver f\u00f6r expertstyling och enast\u00e5ende resultat.<\/p>\n<p>Luxury Pearl Ceramic<br \/>Tack vare keramikbel\u00e4ggningen med \u00e4kta p\u00e4rlemor som ger j\u00e4mn v\u00e4rme l\u00e4ngs med hela v\u00e4rmecylindern under stylingen, skapar dessa fantastiska professionella stylingverktyg vackar lockar och v\u00e5gor.<\/p>\n<p>Lyxig p\u00e4rlemor keramik med \u00e4kta p\u00e4rlemor bel\u00e4ggning f\u00f6r j\u00e4mn v\u00e4rme i hela cylindern under stylingen<br \/>Stor 32mm v\u00e4rmecylinder f\u00f6r stora l\u00f6sa lockar<br \/>Digital LCD display 130\u00ba;C till 210\u00ba;C<br \/>Snabb uppv\u00e4rmning p\u00e5 30 sekunder<br \/>Automatisk avst\u00e4ngning efter 60 minuter<br \/>Temperaturl\u00e5s f\u00f6r att f\u00f6rhindra att temperaturen \u00e4ndras under styling<br \/>Kall topp<br \/>Voltomst\u00e4llning f\u00f6r hela v\u00e4rlden<br \/>3 m l\u00e5ng vridbar sladd<br \/>V\u00e4rmet\u00e5lig f\u00f6rvaringsv\u00e4ska<br \/>Skyddshandske<\/p>\n","protected":false},"excerpt":{"rendered":"<p>Med en profesionell, 32mm stor v\u00e4rmecylinder f\u00f6r stora mjuka lockar. Lockt\u00e5ngens form \u00e4r enkel att anv\u00e4nda genom att enkelt vira ditt h\u00e5r runt v\u00e4rmecylindern f\u00f6r att skapa mjuka, stora lockar som h\u00e5ller. Pearl Styling KollektionenV\u00e5r stylingkollektion Pearl ger dig allt du beh\u00f6ver f\u00f6r att skapa den senaste stilen och m\u00e5ste-trenderna. Den lyxiga platt\u00e5ngen, lockt\u00e5ngen och [&hellip;]<\/p>\n","protected":false},"featured_media":18594,"comment_status":"open","ping_status":"closed","template":"","meta":{"_trash_the_other_posts":false},"product_brand":[],"product_cat":[596],"product_tag":[],"berocket_brand":[1272],"class_list":{"0":"post-18596","1":"product","2":"type-product","3":"status-publish","4":"has-post-thumbnail","6":"product_cat-locktang","7":"pa_brand-remington","8":"berocket_brand-remington","10":"first","11":"instock","12":"taxable","13":"shipping-taxable","14":"purchasable","15":"product-type-simple"},"_links":{"self":[{"href":"https:\/\/stylingagenten.com\/sv\/wp-json\/wp\/v2\/product\/18596","targetHints":{"allow":["GET"]}}],"collection":[{"href":"https:\/\/stylingagenten.com\/sv\/wp-json\/wp\/v2\/product"}],"about":[{"href":"https:\/\/stylingagenten.com\/sv\/wp-json\/wp\/v2\/types\/product"}],"replies":[{"embeddable":true,"href":"https:\/\/stylingagenten.com\/sv\/wp-json\/wp\/v2\/comments?post=18596"}],"version-history":[{"count":0,"href":"https:\/\/stylingagenten.com\/sv\/wp-json\/wp\/v2\/product\/18596\/revisions"}],"wp:featuredmedia":[{"embeddable":true,"href":"https:\/\/stylingagenten.com\/sv\/wp-json\/wp\/v2\/media\/18594"}],"wp:attachment":[{"href":"https:\/\/stylingagenten.com\/sv\/wp-json\/wp\/v2\/media?parent=18596"}],"wp:term":[{"taxonomy":"product_brand","embeddable":true,"href":"https:\/\/stylingagenten.com\/sv\/wp-json\/wp\/v2\/product_brand?post=18596"},{"taxonomy":"product_cat","embeddable":true,"href":"https:\/\/stylingagenten.com\/sv\/wp-json\/wp\/v2\/product_cat?post=18596"},{"taxonomy":"product_tag","embeddable":true,"href":"https:\/\/stylingagenten.com\/sv\/wp-json\/wp\/v2\/product_tag?post=18596"},{"taxonomy":"berocket_brand","embeddable":true,"href":"https:\/\/stylingagenten.com\/sv\/wp-json\/wp\/v2\/berocket_brand?post=18596"}],"curies":[{"name":"wp","href":"https:\/\/api.w.org\/{rel}","templated":true}]}}