{"id":18593,"date":"2025-01-24T13:16:20","date_gmt":"2025-01-24T13:16:20","guid":{"rendered":"https:\/\/staging2.stylingagenten.com\/sv\/produkt\/remington-x4-power-x-series-hair-clipper\/"},"modified":"2026-03-11T22:05:19","modified_gmt":"2026-03-11T22:05:19","slug":"remington-x4-power-x-series-hair-clipper","status":"publish","type":"product","link":"https:\/\/stylingagenten.com\/sv\/produkt\/remington-x4-power-x-series-hair-clipper\/","title":{"rendered":"Remington X4 Power-X Series Hair Clipper"},"content":{"rendered":"<p>Power X Series X4 h\u00e5rklippare med upp till 60 min sladdl\u00f6s anv\u00e4ndningstid kommer med tre justerbara kammar som g\u00f6r att du kan v\u00e4lja mellan 33 olika l\u00e4ngder med 1mm intervaller. Det sj\u00e4lvslipande bladet i japanskt rostfritt st\u00e5l ger dig ett rent och skarpt klippresultat och den kraftfulla motorn ger dig 3x f\u00f6rb\u00e4ttrad sk\u00e4rprestanda j\u00e4mf\u00f6rt med en standard Remington h\u00e5rklippare.<\/p>\n","protected":false},"excerpt":{"rendered":"<p>Power X Series X4 h\u00e5rklippare med upp till 60 min sladdl\u00f6s anv\u00e4ndningstid kommer med tre justerbara kammar som g\u00f6r att du kan v\u00e4lja mellan 33 olika l\u00e4ngder med 1mm intervaller. Det sj\u00e4lvslipande bladet i japanskt rostfritt st\u00e5l ger dig ett rent och skarpt klippresultat och den kraftfulla motorn ger dig 3x f\u00f6rb\u00e4ttrad sk\u00e4rprestanda j\u00e4mf\u00f6rt med [&hellip;]<\/p>\n","protected":false},"featured_media":18590,"comment_status":"open","ping_status":"closed","template":"","meta":{"_trash_the_other_posts":false},"product_brand":[],"product_cat":[604],"product_tag":[],"berocket_brand":[1272],"class_list":{"0":"post-18593","1":"product","2":"type-product","3":"status-publish","4":"has-post-thumbnail","6":"product_cat-skaggtrimmer","7":"pa_brand-remington","8":"berocket_brand-remington","10":"first","11":"instock","12":"sale","13":"taxable","14":"shipping-taxable","15":"purchasable","16":"product-type-simple"},"_links":{"self":[{"href":"https:\/\/stylingagenten.com\/sv\/wp-json\/wp\/v2\/product\/18593","targetHints":{"allow":["GET"]}}],"collection":[{"href":"https:\/\/stylingagenten.com\/sv\/wp-json\/wp\/v2\/product"}],"about":[{"href":"https:\/\/stylingagenten.com\/sv\/wp-json\/wp\/v2\/types\/product"}],"replies":[{"embeddable":true,"href":"https:\/\/stylingagenten.com\/sv\/wp-json\/wp\/v2\/comments?post=18593"}],"version-history":[{"count":0,"href":"https:\/\/stylingagenten.com\/sv\/wp-json\/wp\/v2\/product\/18593\/revisions"}],"wp:featuredmedia":[{"embeddable":true,"href":"https:\/\/stylingagenten.com\/sv\/wp-json\/wp\/v2\/media\/18590"}],"wp:attachment":[{"href":"https:\/\/stylingagenten.com\/sv\/wp-json\/wp\/v2\/media?parent=18593"}],"wp:term":[{"taxonomy":"product_brand","embeddable":true,"href":"https:\/\/stylingagenten.com\/sv\/wp-json\/wp\/v2\/product_brand?post=18593"},{"taxonomy":"product_cat","embeddable":true,"href":"https:\/\/stylingagenten.com\/sv\/wp-json\/wp\/v2\/product_cat?post=18593"},{"taxonomy":"product_tag","embeddable":true,"href":"https:\/\/stylingagenten.com\/sv\/wp-json\/wp\/v2\/product_tag?post=18593"},{"taxonomy":"berocket_brand","embeddable":true,"href":"https:\/\/stylingagenten.com\/sv\/wp-json\/wp\/v2\/berocket_brand?post=18593"}],"curies":[{"name":"wp","href":"https:\/\/api.w.org\/{rel}","templated":true}]}}