{"id":18531,"date":"2025-01-24T13:15:51","date_gmt":"2025-01-24T13:15:51","guid":{"rendered":"https:\/\/staging2.stylingagenten.com\/sv\/produkt\/remington-style-series-beard-trimmer-b3\/"},"modified":"2026-03-25T10:38:23","modified_gmt":"2026-03-25T10:38:23","slug":"remington-style-series-beard-trimmer-b3","status":"publish","type":"product","link":"https:\/\/stylingagenten.com\/sv\/produkt\/remington-style-series-beard-trimmer-b3\/","title":{"rendered":"Remington Style Series Beard Trimmer B3"},"content":{"rendered":"<p>MB3000: STYLE SERIES B3 SK\u00c4GGTRIMMER<\/p>\n<p>Style Series B3 sk\u00e4ggtrimmer har sj\u00e4lvslipande blad och har utformats f\u00f6r att k\u00e4nnas smidig mot huden. Med 17 l\u00e4ngdinst\u00e4llningar kan du justera din l\u00e4ngd fr\u00e5n 0,4mm upp till 18mm. L\u00e4ngderna \u00e4r f\u00f6ljande, Utan kam: 0,4mm, 10 steg med 0,5mm intervaller upp till 5mm, 1 steg med 1mm mellan 5-6mm och 6 steg med 2mm intervaller fr\u00e5n 6-18mm.<\/p>\n<p>L\u00f6stagbara och sk\u00f6ljbara blad f\u00f6r enkel reng\u00f6ring och underh\u00e5ll. Sk\u00e4ggtrimmern \u00e4r batteridriven (2 x AAA-batterier ing\u00e5r)<\/p>\n<p>Produktinfo:<br \/>\u2022Sj\u00e4lvslipande blad<br \/>\u2022Komfort-knivar<br \/>\u20221 x justerbar kam<br \/>\u2022Trimningsl\u00e4ngder (0.4mm &#8211; 18mm)<br \/>\u20220,5 steg upp till 5 mm<br \/>\u20222 mm steg fr\u00e5n 6- 18 mm<br \/>\u2022Sladdl\u00f6s<br \/>\u2022Batteridrift inneh\u00e5ller 2x AAA-batterier<br \/>\u2022Tv\u00e4ttbart huvud<br \/>\u2022Zoom-hjul f\u00f6r l\u00e4ngdjustering<br \/>\u20222 \u00e5rs garanti + 1<\/p>\n","protected":false},"excerpt":{"rendered":"<p>MB3000: STYLE SERIES B3 SK\u00c4GGTRIMMER Style Series B3 sk\u00e4ggtrimmer har sj\u00e4lvslipande blad och har utformats f\u00f6r att k\u00e4nnas smidig mot huden. Med 17 l\u00e4ngdinst\u00e4llningar kan du justera din l\u00e4ngd fr\u00e5n 0,4mm upp till 18mm. L\u00e4ngderna \u00e4r f\u00f6ljande, Utan kam: 0,4mm, 10 steg med 0,5mm intervaller upp till 5mm, 1 steg med 1mm mellan 5-6mm och [&hellip;]<\/p>\n","protected":false},"featured_media":18524,"comment_status":"open","ping_status":"closed","template":"","meta":{"_trash_the_other_posts":false},"product_brand":[],"product_cat":[604],"product_tag":[],"berocket_brand":[1272],"class_list":{"0":"post-18531","1":"product","2":"type-product","3":"status-publish","4":"has-post-thumbnail","6":"product_cat-skaggtrimmer","7":"pa_brand-remington","8":"berocket_brand-remington","10":"first","11":"outofstock","12":"sale","13":"taxable","14":"shipping-taxable","15":"purchasable","16":"product-type-simple"},"_links":{"self":[{"href":"https:\/\/stylingagenten.com\/sv\/wp-json\/wp\/v2\/product\/18531","targetHints":{"allow":["GET"]}}],"collection":[{"href":"https:\/\/stylingagenten.com\/sv\/wp-json\/wp\/v2\/product"}],"about":[{"href":"https:\/\/stylingagenten.com\/sv\/wp-json\/wp\/v2\/types\/product"}],"replies":[{"embeddable":true,"href":"https:\/\/stylingagenten.com\/sv\/wp-json\/wp\/v2\/comments?post=18531"}],"version-history":[{"count":0,"href":"https:\/\/stylingagenten.com\/sv\/wp-json\/wp\/v2\/product\/18531\/revisions"}],"wp:featuredmedia":[{"embeddable":true,"href":"https:\/\/stylingagenten.com\/sv\/wp-json\/wp\/v2\/media\/18524"}],"wp:attachment":[{"href":"https:\/\/stylingagenten.com\/sv\/wp-json\/wp\/v2\/media?parent=18531"}],"wp:term":[{"taxonomy":"product_brand","embeddable":true,"href":"https:\/\/stylingagenten.com\/sv\/wp-json\/wp\/v2\/product_brand?post=18531"},{"taxonomy":"product_cat","embeddable":true,"href":"https:\/\/stylingagenten.com\/sv\/wp-json\/wp\/v2\/product_cat?post=18531"},{"taxonomy":"product_tag","embeddable":true,"href":"https:\/\/stylingagenten.com\/sv\/wp-json\/wp\/v2\/product_tag?post=18531"},{"taxonomy":"berocket_brand","embeddable":true,"href":"https:\/\/stylingagenten.com\/sv\/wp-json\/wp\/v2\/berocket_brand?post=18531"}],"curies":[{"name":"wp","href":"https:\/\/api.w.org\/{rel}","templated":true}]}}