{"id":18522,"date":"2025-01-24T13:15:49","date_gmt":"2025-01-24T13:15:49","guid":{"rendered":"https:\/\/staging2.stylingagenten.com\/sv\/produkt\/artdeco-mascara-all-in-one-brown-10ml\/"},"modified":"2026-02-16T14:21:17","modified_gmt":"2026-02-16T14:21:17","slug":"artdeco-mascara-all-in-one-brown-10ml","status":"publish","type":"product","link":"https:\/\/stylingagenten.com\/sv\/produkt\/artdeco-mascara-all-in-one-brown-10ml\/","title":{"rendered":"Artdeco Mascara All In One Brown 10ml"},"content":{"rendered":"<p>Artdeco Mascara All In One Brown 10ml<br \/>Vackra fransar, oavsett tillf\u00e4lle! All In One Mascara tacklar alla utmaningar och ger l\u00e5nga, volumin\u00f6sa och b\u00f6jda fransar. Den speciella mascaraborsten \u00e4r en kombination av tv\u00e5 olika borstar. De t\u00e4tare omr\u00e5dena p\u00e5 borsten \u00e4r perfekta f\u00f6r att separera fransarna, medan omr\u00e5dena med f\u00e4rre fibrer tillf\u00f6r f\u00e4rg och volym. Formulan \u00e4r dessutom smul- och kladdfri, v\u00e5rdande och extra h\u00e5llbar!<br \/>\u2022 Ger l\u00e5nga, volumin\u00f6sa och b\u00f6jda fransar<br \/>\u2022 Kombinerad mascaraborste<br \/>\u2022 Smul-, kladdfri och h\u00e5llbart resultat<br \/>\u2022 Karnaubavax v\u00e5rdar och ger glans<br \/>\u2022 Vegansk<\/p>\n","protected":false},"excerpt":{"rendered":"<p>Artdeco Mascara All In One Brown 10mlVackra fransar, oavsett tillf\u00e4lle! All In One Mascara tacklar alla utmaningar och ger l\u00e5nga, volumin\u00f6sa och b\u00f6jda fransar. Den speciella mascaraborsten \u00e4r en kombination av tv\u00e5 olika borstar. De t\u00e4tare omr\u00e5dena p\u00e5 borsten \u00e4r perfekta f\u00f6r att separera fransarna, medan omr\u00e5dena med f\u00e4rre fibrer tillf\u00f6r f\u00e4rg och volym. Formulan [&hellip;]<\/p>\n","protected":false},"featured_media":18519,"comment_status":"open","ping_status":"closed","template":"","meta":{"_trash_the_other_posts":false},"product_brand":[],"product_cat":[618],"product_tag":[2436],"berocket_brand":[1385],"class_list":{"0":"post-18522","1":"product","2":"type-product","3":"status-publish","4":"has-post-thumbnail","6":"product_cat-mascara","7":"product_tag-artdeco-mascara-all-in-one-10ml","8":"pa_brand-artdeco","9":"pa_variant-brown","10":"berocket_brand-artdeco","12":"first","13":"instock","14":"sale","15":"taxable","16":"shipping-taxable","17":"purchasable","18":"product-type-simple"},"_links":{"self":[{"href":"https:\/\/stylingagenten.com\/sv\/wp-json\/wp\/v2\/product\/18522","targetHints":{"allow":["GET"]}}],"collection":[{"href":"https:\/\/stylingagenten.com\/sv\/wp-json\/wp\/v2\/product"}],"about":[{"href":"https:\/\/stylingagenten.com\/sv\/wp-json\/wp\/v2\/types\/product"}],"replies":[{"embeddable":true,"href":"https:\/\/stylingagenten.com\/sv\/wp-json\/wp\/v2\/comments?post=18522"}],"version-history":[{"count":0,"href":"https:\/\/stylingagenten.com\/sv\/wp-json\/wp\/v2\/product\/18522\/revisions"}],"wp:featuredmedia":[{"embeddable":true,"href":"https:\/\/stylingagenten.com\/sv\/wp-json\/wp\/v2\/media\/18519"}],"wp:attachment":[{"href":"https:\/\/stylingagenten.com\/sv\/wp-json\/wp\/v2\/media?parent=18522"}],"wp:term":[{"taxonomy":"product_brand","embeddable":true,"href":"https:\/\/stylingagenten.com\/sv\/wp-json\/wp\/v2\/product_brand?post=18522"},{"taxonomy":"product_cat","embeddable":true,"href":"https:\/\/stylingagenten.com\/sv\/wp-json\/wp\/v2\/product_cat?post=18522"},{"taxonomy":"product_tag","embeddable":true,"href":"https:\/\/stylingagenten.com\/sv\/wp-json\/wp\/v2\/product_tag?post=18522"},{"taxonomy":"berocket_brand","embeddable":true,"href":"https:\/\/stylingagenten.com\/sv\/wp-json\/wp\/v2\/berocket_brand?post=18522"}],"curies":[{"name":"wp","href":"https:\/\/api.w.org\/{rel}","templated":true}]}}