{"id":18510,"date":"2025-01-24T13:15:44","date_gmt":"2025-01-24T13:15:44","guid":{"rendered":"https:\/\/staging2.stylingagenten.com\/sv\/produkt\/artdeco-rich-treatment-foundation-15-cashmere-rose-20ml\/"},"modified":"2026-04-01T14:00:44","modified_gmt":"2026-04-01T14:00:44","slug":"artdeco-rich-treatment-foundation-15-cashmere-rose-20ml","status":"publish","type":"product","link":"https:\/\/stylingagenten.com\/sv\/produkt\/artdeco-rich-treatment-foundation-15-cashmere-rose-20ml\/","title":{"rendered":"Artdeco Rich Treatment Foundation 15 Cashmere Rose 20ml"},"content":{"rendered":"<p>Artdeco Rich Treatment Foundation 15 Cashmere Rose 20ml<br \/>Ute efter felfri hy som str\u00e5lar av lyster? Kolla in Rich Treatment Foundation! Den lyxiga formulan inneh\u00e5ller ljusreflekterande pigment som d\u00f6ljer fina linjer, rynkor och sm\u00e5 blemmor. H\u00f6g t\u00e4ckning, l\u00e5ng h\u00e5llbarhet och en sammetslen finish. Squalane g\u00f6r huden synbart sl\u00e4tare och UV-filter skyddar mot yttre milj\u00f6p\u00e5verkan.<\/p>\n<p>&#8211; Ljusreflekterande pigment<br \/>&#8211; Utm\u00e4rkt t\u00e4ckning<br \/>&#8211; Sammetslen finish<br \/>&#8211; Squalane f\u00f6r synbart sl\u00e4tare hud<br \/>&#8211; UV-filter<br \/>&#8211; Vegansk<\/p>\n","protected":false},"excerpt":{"rendered":"<p>Artdeco Rich Treatment Foundation 15 Cashmere Rose 20mlUte efter felfri hy som str\u00e5lar av lyster? Kolla in Rich Treatment Foundation! Den lyxiga formulan inneh\u00e5ller ljusreflekterande pigment som d\u00f6ljer fina linjer, rynkor och sm\u00e5 blemmor. H\u00f6g t\u00e4ckning, l\u00e5ng h\u00e5llbarhet och en sammetslen finish. Squalane g\u00f6r huden synbart sl\u00e4tare och UV-filter skyddar mot yttre milj\u00f6p\u00e5verkan. &#8211; Ljusreflekterande [&hellip;]<\/p>\n","protected":false},"featured_media":18509,"comment_status":"open","ping_status":"closed","template":"","meta":{"_trash_the_other_posts":false},"product_brand":[],"product_cat":[579],"product_tag":[2441],"berocket_brand":[1385],"class_list":{"0":"post-18510","1":"product","2":"type-product","3":"status-publish","4":"has-post-thumbnail","6":"product_cat-foundation","7":"product_tag-artdeco-rich-treatment-foundation-20ml","8":"pa_brand-artdeco","9":"pa_variant-15-cashmere-rose","10":"berocket_brand-artdeco","12":"first","13":"instock","14":"sale","15":"taxable","16":"shipping-taxable","17":"purchasable","18":"product-type-simple"},"_links":{"self":[{"href":"https:\/\/stylingagenten.com\/sv\/wp-json\/wp\/v2\/product\/18510","targetHints":{"allow":["GET"]}}],"collection":[{"href":"https:\/\/stylingagenten.com\/sv\/wp-json\/wp\/v2\/product"}],"about":[{"href":"https:\/\/stylingagenten.com\/sv\/wp-json\/wp\/v2\/types\/product"}],"replies":[{"embeddable":true,"href":"https:\/\/stylingagenten.com\/sv\/wp-json\/wp\/v2\/comments?post=18510"}],"version-history":[{"count":0,"href":"https:\/\/stylingagenten.com\/sv\/wp-json\/wp\/v2\/product\/18510\/revisions"}],"wp:featuredmedia":[{"embeddable":true,"href":"https:\/\/stylingagenten.com\/sv\/wp-json\/wp\/v2\/media\/18509"}],"wp:attachment":[{"href":"https:\/\/stylingagenten.com\/sv\/wp-json\/wp\/v2\/media?parent=18510"}],"wp:term":[{"taxonomy":"product_brand","embeddable":true,"href":"https:\/\/stylingagenten.com\/sv\/wp-json\/wp\/v2\/product_brand?post=18510"},{"taxonomy":"product_cat","embeddable":true,"href":"https:\/\/stylingagenten.com\/sv\/wp-json\/wp\/v2\/product_cat?post=18510"},{"taxonomy":"product_tag","embeddable":true,"href":"https:\/\/stylingagenten.com\/sv\/wp-json\/wp\/v2\/product_tag?post=18510"},{"taxonomy":"berocket_brand","embeddable":true,"href":"https:\/\/stylingagenten.com\/sv\/wp-json\/wp\/v2\/berocket_brand?post=18510"}],"curies":[{"name":"wp","href":"https:\/\/api.w.org\/{rel}","templated":true}]}}