{"id":18501,"date":"2025-01-24T13:15:42","date_gmt":"2025-01-24T13:15:42","guid":{"rendered":"https:\/\/staging2.stylingagenten.com\/sv\/produkt\/artdeco-lash-booster-10ml\/"},"modified":"2026-03-25T08:08:49","modified_gmt":"2026-03-25T08:08:49","slug":"artdeco-lash-booster-10ml","status":"publish","type":"product","link":"https:\/\/stylingagenten.com\/sv\/produkt\/artdeco-lash-booster-10ml\/","title":{"rendered":"Artdeco Lash Booster 10ml"},"content":{"rendered":"<p>Artdeco Lash Booster 10ml<br \/>Lash Booster Mascara Base \u00e4r en v\u00e5rdande mascaraprimer som \u00e4r berikad med mineraler och algextrakt. Den unika formulan t\u00e4cker varenda \u00f6gonfrans som upplevs l\u00e4ngre och fylligare \u2013 perfekt f\u00f6r korta och tunna fransar! R\u00f6dalgextrakt \u00e5terfuktar, f\u00f6rb\u00e4ttrar flexibiliteten och ger silkeslen glans medan brunalgextrakt g\u00f6r att fransarna upplevs mer volumin\u00f6sa.<br \/>\u2022 V\u00e5rdande mascaraprimer<br \/>\u2022 Berikad med v\u00e5rdande mineraler och algextrakt<br \/>\u2022 Fransarna upplevs l\u00e4ngre och fylligare<br \/>\u2022 Vegansk<\/p>\n","protected":false},"excerpt":{"rendered":"<p>Artdeco Lash Booster 10mlLash Booster Mascara Base \u00e4r en v\u00e5rdande mascaraprimer som \u00e4r berikad med mineraler och algextrakt. Den unika formulan t\u00e4cker varenda \u00f6gonfrans som upplevs l\u00e4ngre och fylligare \u2013 perfekt f\u00f6r korta och tunna fransar! R\u00f6dalgextrakt \u00e5terfuktar, f\u00f6rb\u00e4ttrar flexibiliteten och ger silkeslen glans medan brunalgextrakt g\u00f6r att fransarna upplevs mer volumin\u00f6sa.\u2022 V\u00e5rdande mascaraprimer\u2022 Berikad [&hellip;]<\/p>\n","protected":false},"featured_media":18499,"comment_status":"open","ping_status":"closed","template":"","meta":{"_trash_the_other_posts":false},"product_brand":[],"product_cat":[716],"product_tag":[],"berocket_brand":[1385],"class_list":{"0":"post-18501","1":"product","2":"type-product","3":"status-publish","4":"has-post-thumbnail","6":"product_cat-mascaraprimer","7":"pa_brand-artdeco","8":"berocket_brand-artdeco","10":"first","11":"outofstock","12":"sale","13":"taxable","14":"shipping-taxable","15":"purchasable","16":"product-type-simple"},"_links":{"self":[{"href":"https:\/\/stylingagenten.com\/sv\/wp-json\/wp\/v2\/product\/18501","targetHints":{"allow":["GET"]}}],"collection":[{"href":"https:\/\/stylingagenten.com\/sv\/wp-json\/wp\/v2\/product"}],"about":[{"href":"https:\/\/stylingagenten.com\/sv\/wp-json\/wp\/v2\/types\/product"}],"replies":[{"embeddable":true,"href":"https:\/\/stylingagenten.com\/sv\/wp-json\/wp\/v2\/comments?post=18501"}],"version-history":[{"count":0,"href":"https:\/\/stylingagenten.com\/sv\/wp-json\/wp\/v2\/product\/18501\/revisions"}],"wp:featuredmedia":[{"embeddable":true,"href":"https:\/\/stylingagenten.com\/sv\/wp-json\/wp\/v2\/media\/18499"}],"wp:attachment":[{"href":"https:\/\/stylingagenten.com\/sv\/wp-json\/wp\/v2\/media?parent=18501"}],"wp:term":[{"taxonomy":"product_brand","embeddable":true,"href":"https:\/\/stylingagenten.com\/sv\/wp-json\/wp\/v2\/product_brand?post=18501"},{"taxonomy":"product_cat","embeddable":true,"href":"https:\/\/stylingagenten.com\/sv\/wp-json\/wp\/v2\/product_cat?post=18501"},{"taxonomy":"product_tag","embeddable":true,"href":"https:\/\/stylingagenten.com\/sv\/wp-json\/wp\/v2\/product_tag?post=18501"},{"taxonomy":"berocket_brand","embeddable":true,"href":"https:\/\/stylingagenten.com\/sv\/wp-json\/wp\/v2\/berocket_brand?post=18501"}],"curies":[{"name":"wp","href":"https:\/\/api.w.org\/{rel}","templated":true}]}}