{"id":18496,"date":"2025-01-24T13:15:41","date_gmt":"2025-01-24T13:15:41","guid":{"rendered":"https:\/\/staging2.stylingagenten.com\/sv\/produkt\/max-factor-colour-elixir-lipliner-060-red-ruby\/"},"modified":"2026-03-03T19:57:40","modified_gmt":"2026-03-03T19:57:40","slug":"max-factor-colour-elixir-lipliner-060-red-ruby","status":"publish","type":"product","link":"https:\/\/stylingagenten.com\/sv\/produkt\/max-factor-colour-elixir-lipliner-060-red-ruby\/","title":{"rendered":"Max Factor Colour Elixir Lipliner 060 Red Ruby"},"content":{"rendered":"<p>Max Factor Colour Elixir Lipliner 060 Red Ruby<br \/>Ta dina l\u00e4ppar till n\u00e4sta niv\u00e5. Omforma, l\u00e4gg till definition eller fyll upp volymen med Colour Elixir Lip Liner. Denna v\u00e5rdande lipliner glider l\u00e4tt \u00f6ver l\u00e4pparna och skapar din perfekta l\u00e4pplook. Dra upp l\u00e4ppkonturen innan du applicerar l\u00e4ppstift f\u00f6r en exakt applicering, eller tona ut p\u00e5 l\u00e4pparna f\u00f6r en varaktig bas som f\u00e5r l\u00e4ppstiftet att h\u00e5lla l\u00e4ngre.<\/p>\n<p>Colour Elixir Lip Liner \u00e4r smidig att applicera och sagolikt l\u00e4tt att tona ut \u2013 ett m\u00e5ste f\u00f6r din l\u00e4ppmakeup. Produkten finns i en rad h\u00f6gpigmenterade nyanser, fr\u00e5n dj\u00e4rva och intensiva till fr\u00e4scha och naturliga.<\/p>\n","protected":false},"excerpt":{"rendered":"<p>Max Factor Colour Elixir Lipliner 060 Red RubyTa dina l\u00e4ppar till n\u00e4sta niv\u00e5. Omforma, l\u00e4gg till definition eller fyll upp volymen med Colour Elixir Lip Liner. Denna v\u00e5rdande lipliner glider l\u00e4tt \u00f6ver l\u00e4pparna och skapar din perfekta l\u00e4pplook. Dra upp l\u00e4ppkonturen innan du applicerar l\u00e4ppstift f\u00f6r en exakt applicering, eller tona ut p\u00e5 l\u00e4pparna f\u00f6r [&hellip;]<\/p>\n","protected":false},"featured_media":18486,"comment_status":"open","ping_status":"closed","template":"","meta":{"_trash_the_other_posts":false},"product_brand":[],"product_cat":[592,1005],"product_tag":[3578],"berocket_brand":[1013],"class_list":{"0":"post-18496","1":"product","2":"type-product","3":"status-publish","4":"has-post-thumbnail","6":"product_cat-lappenna","7":"product_cat-outlet","8":"product_tag-max-factor-colour-elixir-lipliner","9":"pa_brand-max-factor","10":"pa_variant-060-red-ruby","11":"berocket_brand-max-factor","13":"first","14":"instock","15":"sale","16":"taxable","17":"shipping-taxable","18":"purchasable","19":"product-type-simple"},"_links":{"self":[{"href":"https:\/\/stylingagenten.com\/sv\/wp-json\/wp\/v2\/product\/18496","targetHints":{"allow":["GET"]}}],"collection":[{"href":"https:\/\/stylingagenten.com\/sv\/wp-json\/wp\/v2\/product"}],"about":[{"href":"https:\/\/stylingagenten.com\/sv\/wp-json\/wp\/v2\/types\/product"}],"replies":[{"embeddable":true,"href":"https:\/\/stylingagenten.com\/sv\/wp-json\/wp\/v2\/comments?post=18496"}],"version-history":[{"count":0,"href":"https:\/\/stylingagenten.com\/sv\/wp-json\/wp\/v2\/product\/18496\/revisions"}],"wp:featuredmedia":[{"embeddable":true,"href":"https:\/\/stylingagenten.com\/sv\/wp-json\/wp\/v2\/media\/18486"}],"wp:attachment":[{"href":"https:\/\/stylingagenten.com\/sv\/wp-json\/wp\/v2\/media?parent=18496"}],"wp:term":[{"taxonomy":"product_brand","embeddable":true,"href":"https:\/\/stylingagenten.com\/sv\/wp-json\/wp\/v2\/product_brand?post=18496"},{"taxonomy":"product_cat","embeddable":true,"href":"https:\/\/stylingagenten.com\/sv\/wp-json\/wp\/v2\/product_cat?post=18496"},{"taxonomy":"product_tag","embeddable":true,"href":"https:\/\/stylingagenten.com\/sv\/wp-json\/wp\/v2\/product_tag?post=18496"},{"taxonomy":"berocket_brand","embeddable":true,"href":"https:\/\/stylingagenten.com\/sv\/wp-json\/wp\/v2\/berocket_brand?post=18496"}],"curies":[{"name":"wp","href":"https:\/\/api.w.org\/{rel}","templated":true}]}}