{"id":18481,"date":"2025-01-24T13:15:37","date_gmt":"2025-01-24T13:15:37","guid":{"rendered":"https:\/\/staging2.stylingagenten.com\/sv\/produkt\/artdeco-volume-supreme-mascara-1-15ml\/"},"modified":"2026-03-15T07:07:56","modified_gmt":"2026-03-15T07:07:56","slug":"artdeco-volume-supreme-mascara-1-15ml","status":"publish","type":"product","link":"https:\/\/stylingagenten.com\/sv\/produkt\/artdeco-volume-supreme-mascara-1-15ml\/","title":{"rendered":"Artdeco Volume Supreme Mascara 1 15ml"},"content":{"rendered":"<p>Artdeco Volume Supreme Mascara 1 15ml<br \/>Ge dina \u00f6gonfransar uppm\u00e4rksamheten de f\u00f6rtj\u00e4nar med Volume Supreme Mascara. \u00d6gonfransarna upplevs tjockare, blir intensivt b\u00f6jda och f\u00e5r massor av volym. Den flexibla gummiborsten separerar, och med den smala toppen kommer du \u00e5t de kortaste fransarna. Kladdar inte och h\u00e5ller i upp till 10 timmar. Passar f\u00f6r k\u00e4nsliga \u00f6gon och linsb\u00e4rare.<br \/>\u2022 Tjockare och intensivt b\u00f6jda fransar fulla av volym<br \/>\u2022 Flexibel gummiborste som kommer \u00e5t alla fransar<br \/>\u2022 Kladdar inte och h\u00e5ller i upptill 10 timmar<br \/>\u2022 Passar k\u00e4nsliga \u00f6gon och linsb\u00e4rare<br \/>\u2022 Dermatologiskt godk\u00e4nd och kliniskt testad<br \/>\u2022 Vegansk<\/p>\n","protected":false},"excerpt":{"rendered":"<p>Artdeco Volume Supreme Mascara 1 15mlGe dina \u00f6gonfransar uppm\u00e4rksamheten de f\u00f6rtj\u00e4nar med Volume Supreme Mascara. \u00d6gonfransarna upplevs tjockare, blir intensivt b\u00f6jda och f\u00e5r massor av volym. Den flexibla gummiborsten separerar, och med den smala toppen kommer du \u00e5t de kortaste fransarna. Kladdar inte och h\u00e5ller i upp till 10 timmar. Passar f\u00f6r k\u00e4nsliga \u00f6gon och [&hellip;]<\/p>\n","protected":false},"featured_media":18475,"comment_status":"open","ping_status":"closed","template":"","meta":{"_trash_the_other_posts":false},"product_brand":[],"product_cat":[618],"product_tag":[],"berocket_brand":[1385],"class_list":{"0":"post-18481","1":"product","2":"type-product","3":"status-publish","4":"has-post-thumbnail","6":"product_cat-mascara","7":"pa_brand-artdeco","8":"berocket_brand-artdeco","10":"first","11":"instock","12":"sale","13":"taxable","14":"shipping-taxable","15":"purchasable","16":"product-type-simple"},"_links":{"self":[{"href":"https:\/\/stylingagenten.com\/sv\/wp-json\/wp\/v2\/product\/18481","targetHints":{"allow":["GET"]}}],"collection":[{"href":"https:\/\/stylingagenten.com\/sv\/wp-json\/wp\/v2\/product"}],"about":[{"href":"https:\/\/stylingagenten.com\/sv\/wp-json\/wp\/v2\/types\/product"}],"replies":[{"embeddable":true,"href":"https:\/\/stylingagenten.com\/sv\/wp-json\/wp\/v2\/comments?post=18481"}],"version-history":[{"count":0,"href":"https:\/\/stylingagenten.com\/sv\/wp-json\/wp\/v2\/product\/18481\/revisions"}],"wp:featuredmedia":[{"embeddable":true,"href":"https:\/\/stylingagenten.com\/sv\/wp-json\/wp\/v2\/media\/18475"}],"wp:attachment":[{"href":"https:\/\/stylingagenten.com\/sv\/wp-json\/wp\/v2\/media?parent=18481"}],"wp:term":[{"taxonomy":"product_brand","embeddable":true,"href":"https:\/\/stylingagenten.com\/sv\/wp-json\/wp\/v2\/product_brand?post=18481"},{"taxonomy":"product_cat","embeddable":true,"href":"https:\/\/stylingagenten.com\/sv\/wp-json\/wp\/v2\/product_cat?post=18481"},{"taxonomy":"product_tag","embeddable":true,"href":"https:\/\/stylingagenten.com\/sv\/wp-json\/wp\/v2\/product_tag?post=18481"},{"taxonomy":"berocket_brand","embeddable":true,"href":"https:\/\/stylingagenten.com\/sv\/wp-json\/wp\/v2\/berocket_brand?post=18481"}],"curies":[{"name":"wp","href":"https:\/\/api.w.org\/{rel}","templated":true}]}}