{"id":18443,"date":"2025-01-24T13:15:28","date_gmt":"2025-01-24T13:15:28","guid":{"rendered":"https:\/\/staging2.stylingagenten.com\/sv\/produkt\/eleven-australia-i-want-body-volume-conditioner-300ml\/"},"modified":"2026-03-11T21:52:18","modified_gmt":"2026-03-11T21:52:18","slug":"eleven-australia-i-want-body-volume-conditioner-300ml","status":"publish","type":"product","link":"https:\/\/stylingagenten.com\/sv\/produkt\/eleven-australia-i-want-body-volume-conditioner-300ml\/","title":{"rendered":"Eleven Australia I Want Body Volume Conditioner 300ml"},"content":{"rendered":"<p>Eleven Australia I Want Body Volume Conditioner 300ml<br \/>Ett l\u00e4tt balsam som ger volym, struktur &amp; glans. Detta balsam \u00e4r den ultimata volymbyggaren.<br \/>\u2022Proteiner skyddar h\u00e5ret samtidigt som det g\u00f6r ditt h\u00e5r tjockare och ger det volym.<br \/>\u2022F\u00f6r fina h\u00e5r eller till dig som vill ha en boost i volym.<br \/>\u2022Anti-fade &amp; f\u00e4rgbevarande.<br \/>\u2022300 ml<\/p>\n","protected":false},"excerpt":{"rendered":"<p>Eleven Australia I Want Body Volume Conditioner 300mlEtt l\u00e4tt balsam som ger volym, struktur &amp; glans. Detta balsam \u00e4r den ultimata volymbyggaren.\u2022Proteiner skyddar h\u00e5ret samtidigt som det g\u00f6r ditt h\u00e5r tjockare och ger det volym.\u2022F\u00f6r fina h\u00e5r eller till dig som vill ha en boost i volym.\u2022Anti-fade &amp; f\u00e4rgbevarande.\u2022300 ml<\/p>\n","protected":false},"featured_media":18434,"comment_status":"open","ping_status":"closed","template":"","meta":{"_trash_the_other_posts":false},"product_brand":[],"product_cat":[587],"product_tag":[],"berocket_brand":[1386],"class_list":{"0":"post-18443","1":"product","2":"type-product","3":"status-publish","4":"has-post-thumbnail","6":"product_cat-balsam","7":"pa_brand-eleven-australia","8":"berocket_brand-eleven-australia","10":"first","11":"instock","12":"sale","13":"taxable","14":"shipping-taxable","15":"purchasable","16":"product-type-simple"},"_links":{"self":[{"href":"https:\/\/stylingagenten.com\/sv\/wp-json\/wp\/v2\/product\/18443","targetHints":{"allow":["GET"]}}],"collection":[{"href":"https:\/\/stylingagenten.com\/sv\/wp-json\/wp\/v2\/product"}],"about":[{"href":"https:\/\/stylingagenten.com\/sv\/wp-json\/wp\/v2\/types\/product"}],"replies":[{"embeddable":true,"href":"https:\/\/stylingagenten.com\/sv\/wp-json\/wp\/v2\/comments?post=18443"}],"version-history":[{"count":0,"href":"https:\/\/stylingagenten.com\/sv\/wp-json\/wp\/v2\/product\/18443\/revisions"}],"wp:featuredmedia":[{"embeddable":true,"href":"https:\/\/stylingagenten.com\/sv\/wp-json\/wp\/v2\/media\/18434"}],"wp:attachment":[{"href":"https:\/\/stylingagenten.com\/sv\/wp-json\/wp\/v2\/media?parent=18443"}],"wp:term":[{"taxonomy":"product_brand","embeddable":true,"href":"https:\/\/stylingagenten.com\/sv\/wp-json\/wp\/v2\/product_brand?post=18443"},{"taxonomy":"product_cat","embeddable":true,"href":"https:\/\/stylingagenten.com\/sv\/wp-json\/wp\/v2\/product_cat?post=18443"},{"taxonomy":"product_tag","embeddable":true,"href":"https:\/\/stylingagenten.com\/sv\/wp-json\/wp\/v2\/product_tag?post=18443"},{"taxonomy":"berocket_brand","embeddable":true,"href":"https:\/\/stylingagenten.com\/sv\/wp-json\/wp\/v2\/berocket_brand?post=18443"}],"curies":[{"name":"wp","href":"https:\/\/api.w.org\/{rel}","templated":true}]}}