{"id":18422,"date":"2025-01-24T13:15:24","date_gmt":"2025-01-24T13:15:24","guid":{"rendered":"https:\/\/staging2.stylingagenten.com\/sv\/produkt\/max-factor-creme-puff-blush-10-nude-mauve-1-5g\/"},"modified":"2026-04-13T06:37:24","modified_gmt":"2026-04-13T06:37:24","slug":"max-factor-creme-puff-blush-10-nude-mauve-1-5g","status":"publish","type":"product","link":"https:\/\/stylingagenten.com\/sv\/produkt\/max-factor-creme-puff-blush-10-nude-mauve-1-5g\/","title":{"rendered":"Max Factor Creme Puff Blush 10 Nude Mauve 1.5g"},"content":{"rendered":"<p>Max Factor Creme Puff Blush 10 Nude Mauve 1.5g<br \/>Med Max Factor Cr\u00e8me Puff Blush f\u00e5r du en perfekt, str\u00e5lande hy hela dagen. Den kr\u00e4miga texturen g\u00f6r den enkel att applicera, smetar inte ut och l\u00e4mnar en fr\u00e4sch finish p\u00e5 alla slags hudtyper. Pudret kan anv\u00e4ndas som det \u00e4r \u00f6ver fuktkr\u00e4m eller som finish \u00f6ver foundationen.<\/p>\n","protected":false},"excerpt":{"rendered":"<p>Max Factor Creme Puff Blush 10 Nude Mauve 1.5gMed Max Factor Cr\u00e8me Puff Blush f\u00e5r du en perfekt, str\u00e5lande hy hela dagen. Den kr\u00e4miga texturen g\u00f6r den enkel att applicera, smetar inte ut och l\u00e4mnar en fr\u00e4sch finish p\u00e5 alla slags hudtyper. Pudret kan anv\u00e4ndas som det \u00e4r \u00f6ver fuktkr\u00e4m eller som finish \u00f6ver foundationen.<\/p>\n","protected":false},"featured_media":18417,"comment_status":"open","ping_status":"closed","template":"","meta":{"_trash_the_other_posts":false},"product_brand":[],"product_cat":[613],"product_tag":[3583],"berocket_brand":[1013],"class_list":{"0":"post-18422","1":"product","2":"type-product","3":"status-publish","4":"has-post-thumbnail","6":"product_cat-rouge","7":"product_tag-max-factor-creme-puff-blush","8":"pa_brand-max-factor","9":"pa_variant-10-nude-mauve","10":"berocket_brand-max-factor","12":"first","13":"instock","14":"sale","15":"taxable","16":"shipping-taxable","17":"purchasable","18":"product-type-simple"},"_links":{"self":[{"href":"https:\/\/stylingagenten.com\/sv\/wp-json\/wp\/v2\/product\/18422","targetHints":{"allow":["GET"]}}],"collection":[{"href":"https:\/\/stylingagenten.com\/sv\/wp-json\/wp\/v2\/product"}],"about":[{"href":"https:\/\/stylingagenten.com\/sv\/wp-json\/wp\/v2\/types\/product"}],"replies":[{"embeddable":true,"href":"https:\/\/stylingagenten.com\/sv\/wp-json\/wp\/v2\/comments?post=18422"}],"version-history":[{"count":0,"href":"https:\/\/stylingagenten.com\/sv\/wp-json\/wp\/v2\/product\/18422\/revisions"}],"wp:featuredmedia":[{"embeddable":true,"href":"https:\/\/stylingagenten.com\/sv\/wp-json\/wp\/v2\/media\/18417"}],"wp:attachment":[{"href":"https:\/\/stylingagenten.com\/sv\/wp-json\/wp\/v2\/media?parent=18422"}],"wp:term":[{"taxonomy":"product_brand","embeddable":true,"href":"https:\/\/stylingagenten.com\/sv\/wp-json\/wp\/v2\/product_brand?post=18422"},{"taxonomy":"product_cat","embeddable":true,"href":"https:\/\/stylingagenten.com\/sv\/wp-json\/wp\/v2\/product_cat?post=18422"},{"taxonomy":"product_tag","embeddable":true,"href":"https:\/\/stylingagenten.com\/sv\/wp-json\/wp\/v2\/product_tag?post=18422"},{"taxonomy":"berocket_brand","embeddable":true,"href":"https:\/\/stylingagenten.com\/sv\/wp-json\/wp\/v2\/berocket_brand?post=18422"}],"curies":[{"name":"wp","href":"https:\/\/api.w.org\/{rel}","templated":true}]}}