{"id":18416,"date":"2025-01-24T13:15:23","date_gmt":"2025-01-24T13:15:23","guid":{"rendered":"https:\/\/staging2.stylingagenten.com\/sv\/produkt\/nyx-prof-makeup-bare-with-me-blur-tint-foundation-30ml-07-golden\/"},"modified":"2025-12-18T21:54:37","modified_gmt":"2025-12-18T21:54:37","slug":"nyx-prof-makeup-bare-with-me-blur-tint-foundation-30ml-07-golden","status":"publish","type":"product","link":"https:\/\/stylingagenten.com\/sv\/produkt\/nyx-prof-makeup-bare-with-me-blur-tint-foundation-30ml-07-golden\/","title":{"rendered":"NYX PROF. MAKEUP Bare With Me Blur Tint Foundation 30ml 07 Golden"},"content":{"rendered":"<p>NYX PROF. MAKEUP Bare With Me Blur Tint Foundation 30ml &#8211; 07 Golden<br \/>Bare With Me Blur Tint Foundation fr\u00e5n NYX Professional Makeup. F\u00f6r en full\u00e4ndad och omedelbart j\u00e4mn och matt makeuplook med tint. L\u00e4tt utsuddande effekt!<\/p>\n<p>&#8211; Berikad med v\u00e5rdande ingredienser f\u00f6r en fr\u00e4sch finish<br \/>&#8211; Ger fukt i upp till 12 timmar<br \/>&#8211; Med glycerin och matcha<br \/>&#8211; Ger ett j\u00e4mnt och str\u00e5lande hudresultat<br \/>&#8211; Felfri, matt och l\u00e4tt utsuddande effekt (utan filter!)<br \/>&#8211; K\u00e4nns l\u00e4tt p\u00e5 huden<br \/>&#8211; Utvecklad f\u00f6r att passa de flesta hudtoner<br \/>&#8211; Vegansk formula*<\/p>\n","protected":false},"excerpt":{"rendered":"<p>NYX PROF. MAKEUP Bare With Me Blur Tint Foundation 30ml &#8211; 07 GoldenBare With Me Blur Tint Foundation fr\u00e5n NYX Professional Makeup. F\u00f6r en full\u00e4ndad och omedelbart j\u00e4mn och matt makeuplook med tint. L\u00e4tt utsuddande effekt! &#8211; Berikad med v\u00e5rdande ingredienser f\u00f6r en fr\u00e4sch finish&#8211; Ger fukt i upp till 12 timmar&#8211; Med glycerin och [&hellip;]<\/p>\n","protected":false},"featured_media":18402,"comment_status":"open","ping_status":"closed","template":"","meta":{"_trash_the_other_posts":false},"product_brand":[],"product_cat":[579,1005],"product_tag":[3776],"berocket_brand":[1025],"class_list":{"0":"post-18416","1":"product","2":"type-product","3":"status-publish","4":"has-post-thumbnail","6":"product_cat-foundation","7":"product_cat-outlet","8":"product_tag-nyx-prof-makeup-bare-with-me-blur-tint-foundation-30ml","9":"pa_brand-nyx","10":"pa_variant-07-golden","11":"berocket_brand-nyx","13":"first","14":"instock","15":"sale","16":"taxable","17":"shipping-taxable","18":"purchasable","19":"product-type-simple"},"_links":{"self":[{"href":"https:\/\/stylingagenten.com\/sv\/wp-json\/wp\/v2\/product\/18416","targetHints":{"allow":["GET"]}}],"collection":[{"href":"https:\/\/stylingagenten.com\/sv\/wp-json\/wp\/v2\/product"}],"about":[{"href":"https:\/\/stylingagenten.com\/sv\/wp-json\/wp\/v2\/types\/product"}],"replies":[{"embeddable":true,"href":"https:\/\/stylingagenten.com\/sv\/wp-json\/wp\/v2\/comments?post=18416"}],"version-history":[{"count":0,"href":"https:\/\/stylingagenten.com\/sv\/wp-json\/wp\/v2\/product\/18416\/revisions"}],"wp:featuredmedia":[{"embeddable":true,"href":"https:\/\/stylingagenten.com\/sv\/wp-json\/wp\/v2\/media\/18402"}],"wp:attachment":[{"href":"https:\/\/stylingagenten.com\/sv\/wp-json\/wp\/v2\/media?parent=18416"}],"wp:term":[{"taxonomy":"product_brand","embeddable":true,"href":"https:\/\/stylingagenten.com\/sv\/wp-json\/wp\/v2\/product_brand?post=18416"},{"taxonomy":"product_cat","embeddable":true,"href":"https:\/\/stylingagenten.com\/sv\/wp-json\/wp\/v2\/product_cat?post=18416"},{"taxonomy":"product_tag","embeddable":true,"href":"https:\/\/stylingagenten.com\/sv\/wp-json\/wp\/v2\/product_tag?post=18416"},{"taxonomy":"berocket_brand","embeddable":true,"href":"https:\/\/stylingagenten.com\/sv\/wp-json\/wp\/v2\/berocket_brand?post=18416"}],"curies":[{"name":"wp","href":"https:\/\/api.w.org\/{rel}","templated":true}]}}